{"id":228358,"date":"2022-01-20T13:56:46","date_gmt":"2022-01-20T12:56:46","guid":{"rendered":"https:\/\/www.forbiker.it\/?page_id=228358"},"modified":"2026-04-03T18:15:04","modified_gmt":"2026-04-03T16:15:04","slug":"home","status":"publish","type":"page","link":"https:\/\/www.forbiker.it\/","title":{"rendered":"Home"},"content":{"rendered":"<p>[et_pb_section fb_built=&#8221;1&#8243; fullwidth=&#8221;on&#8221; _builder_version=&#8221;4.20.4&#8243; _module_preset=&#8221;default&#8221; background_image=&#8221;https:\/\/www.forbiker.it\/wp-content\/uploads\/2022\/01\/header-bg.jpg&#8221; min_height=&#8221;80vh&#8221; custom_margin=&#8221;|5vw||5vw|false|false&#8221; animation_style=&#8221;fade&#8221; animation_direction=&#8221;left&#8221; global_colors_info=&#8221;{}&#8221;][et_pb_fullwidth_slider _builder_version=&#8221;4.20.4&#8243; _module_preset=&#8221;default&#8221; background_color=&#8221;RGBA(255,255,255,0)&#8221; background_enable_image=&#8221;off&#8221; parallax=&#8221;on&#8221; min_height=&#8221;90vh&#8221; scroll_vertical_motion_enable=&#8221;on&#8221; scroll_vertical_motion=&#8221;0|50|50|100|0|0|2&#8243; global_colors_info=&#8221;{}&#8221;][et_pb_slide heading=&#8221; &#8221; use_bg_overlay=&#8221;off&#8221; _builder_version=&#8221;4.20.4&#8243; _module_preset=&#8221;default&#8221; background_color=&#8221;RGBA(255,255,255,0)&#8221; background_enable_color=&#8221;on&#8221; background_image=&#8221;https:\/\/www.forbiker.it\/wp-content\/uploads\/2022\/01\/header.png&#8221; background_enable_image=&#8221;on&#8221; parallax=&#8221;on&#8221; global_colors_info=&#8221;{}&#8221; sticky_transition=&#8221;on&#8221;][\/et_pb_slide][\/et_pb_fullwidth_slider][\/et_pb_section][et_pb_section fb_built=&#8221;1&#8243; _builder_version=&#8221;4.24.0&#8243; _module_preset=&#8221;default&#8221; background_color=&#8221;#f4f4f4&#8243; custom_margin=&#8221;||||false|false&#8221; global_colors_info=&#8221;{}&#8221;][et_pb_row column_structure=&#8221;1_6,1_6,1_6,1_6,1_6,1_6&#8243; _builder_version=&#8221;4.24.0&#8243; _module_preset=&#8221;default&#8221; custom_margin=&#8221;|auto||auto|false|false&#8221; global_colors_info=&#8221;{}&#8221;][et_pb_column type=&#8221;1_6&#8243; _builder_version=&#8221;4.24.0&#8243; _module_preset=&#8221;default&#8221; global_colors_info=&#8221;{}&#8221;][et_pb_text _builder_version=&#8221;4.24.0&#8243; _module_preset=&#8221;default&#8221; global_colors_info=&#8221;{}&#8221;]<\/p>\n<h3 style=\"text-align: center;\"><a href=\"https:\/\/www.forbiker.it\/index.php\/produkt-kategorie\/bikes\/\">Mountainbikes<\/a><\/h3>\n<p>[\/et_pb_text][et_pb_image src=&#8221;https:\/\/www.forbiker.it\/wp-content\/uploads\/2025\/07\/Forbiker_home_bike.png&#8221; title_text=&#8221;Forbiker_home_bike&#8221; url=&#8221;https:\/\/www.forbiker.it\/index.php\/produkt-kategorie\/bikes\/mountainbike\/&#8221; _builder_version=&#8221;4.24.0&#8243; _module_preset=&#8221;default&#8221; global_colors_info=&#8221;{}&#8221;][\/et_pb_image][\/et_pb_column][et_pb_column type=&#8221;1_6&#8243; _builder_version=&#8221;4.24.0&#8243; _module_preset=&#8221;default&#8221; global_colors_info=&#8221;{}&#8221;][et_pb_text _builder_version=&#8221;4.24.0&#8243; _module_preset=&#8221;default&#8221; global_colors_info=&#8221;{}&#8221;]<\/p>\n<h3 style=\"text-align: center;\"><a href=\"https:\/\/www.forbiker.it\/index.php\/produkt-kategorie\/ebikes\/\">E-Bikes<\/a><\/h3>\n<p>[\/et_pb_text][et_pb_image src=&#8221;https:\/\/www.forbiker.it\/wp-content\/uploads\/2025\/07\/Forbiker_home_e-bike.png&#8221; title_text=&#8221;Forbiker_home_e-bike&#8221; url=&#8221;https:\/\/www.forbiker.it\/index.php\/produkt-kategorie\/ebikes\/&#8221; _builder_version=&#8221;4.24.0&#8243; _module_preset=&#8221;default&#8221; global_colors_info=&#8221;{}&#8221;][\/et_pb_image][\/et_pb_column][et_pb_column type=&#8221;1_6&#8243; _builder_version=&#8221;4.24.0&#8243; _module_preset=&#8221;default&#8221; global_colors_info=&#8221;{}&#8221;][et_pb_text _builder_version=&#8221;4.24.0&#8243; _module_preset=&#8221;default&#8221; global_colors_info=&#8221;{}&#8221;]<\/p>\n<h3 style=\"text-align: center;\"><a href=\"https:\/\/www.forbiker.it\/index.php\/produkt-kategorie\/bikes\/kids\/\">Kids<\/a><\/h3>\n<p>[\/et_pb_text][et_pb_image src=&#8221;https:\/\/www.forbiker.it\/wp-content\/uploads\/2025\/07\/kidsbike-groesser.png&#8221; title_text=&#8221;kidsbike-groesser&#8221; url=&#8221;https:\/\/www.forbiker.it\/index.php\/produkt-kategorie\/bikes\/kids\/&#8221; _builder_version=&#8221;4.24.0&#8243; _module_preset=&#8221;default&#8221; global_colors_info=&#8221;{}&#8221;][\/et_pb_image][\/et_pb_column][et_pb_column type=&#8221;1_6&#8243; _builder_version=&#8221;4.24.0&#8243; _module_preset=&#8221;default&#8221; global_colors_info=&#8221;{}&#8221;][et_pb_text _builder_version=&#8221;4.24.0&#8243; _module_preset=&#8221;default&#8221; link_option_url=&#8221;https:\/\/www.forbiker.it\/index.php\/produkt-kategorie\/bikes\/strassenraeder\/road\/&#8221; global_colors_info=&#8221;{}&#8221;]<\/p>\n<h3 style=\"text-align: center;\">Road<\/h3>\n<p>[\/et_pb_text][et_pb_image src=&#8221;https:\/\/www.forbiker.it\/wp-content\/uploads\/2025\/11\/Forbiker_home_road_Agree_Carbon.png&#8221; title_text=&#8221;Forbiker_home_road_Agree_Carbon&#8221; url=&#8221;https:\/\/www.forbiker.it\/index.php\/produkt-kategorie\/bikes\/strassenraeder\/road\/&#8221; _builder_version=&#8221;4.24.0&#8243; _module_preset=&#8221;default&#8221; global_colors_info=&#8221;{}&#8221;][\/et_pb_image][\/et_pb_column][et_pb_column type=&#8221;1_6&#8243; _builder_version=&#8221;4.24.0&#8243; _module_preset=&#8221;default&#8221; global_colors_info=&#8221;{}&#8221;][et_pb_text _builder_version=&#8221;4.24.0&#8243; _module_preset=&#8221;default&#8221; link_option_url=&#8221;https:\/\/www.forbiker.it\/index.php\/produkt-kategorie\/bikes\/strassenraeder\/gravel\/&#8221; global_colors_info=&#8221;{}&#8221;]<\/p>\n<h3 style=\"text-align: center;\">Gravel<\/h3>\n<p>[\/et_pb_text][et_pb_image src=&#8221;https:\/\/www.forbiker.it\/wp-content\/uploads\/2025\/11\/Forbiker_home_gravel_NUROAD.png&#8221; title_text=&#8221;Forbiker_home_gravel_NUROAD&#8221; url=&#8221;https:\/\/www.forbiker.it\/index.php\/produkt-kategorie\/bikes\/strassenraeder\/gravel\/&#8221; _builder_version=&#8221;4.24.0&#8243; _module_preset=&#8221;default&#8221; global_colors_info=&#8221;{}&#8221;][\/et_pb_image][\/et_pb_column][et_pb_column type=&#8221;1_6&#8243; _builder_version=&#8221;4.24.0&#8243; _module_preset=&#8221;default&#8221; global_colors_info=&#8221;{}&#8221;][et_pb_text _builder_version=&#8221;4.24.0&#8243; _module_preset=&#8221;default&#8221; link_option_url=&#8221;https:\/\/www.forbiker.it\/index.php\/produkt-kategorie\/bikes\/strassenraeder\/strasse\/&#8221; global_colors_info=&#8221;{}&#8221;]<\/p>\n<h3 style=\"text-align: center;\">Gear<\/h3>\n<p>[\/et_pb_text][et_pb_image src=&#8221;https:\/\/www.forbiker.it\/wp-content\/uploads\/2025\/07\/Forbiker_home_gear.png&#8221; title_text=&#8221;Forbiker_home_gear&#8221; url=&#8221;https:\/\/www.forbiker.it\/index.php\/produkt-kategorie\/gear\/&#8221; _builder_version=&#8221;4.24.0&#8243; _module_preset=&#8221;default&#8221; global_colors_info=&#8221;{}&#8221;][\/et_pb_image][\/et_pb_column][\/et_pb_row][et_pb_row _builder_version=&#8221;4.16&#8243; _module_preset=&#8221;default&#8221; background_enable_color=&#8221;off&#8221; width=&#8221;70%&#8221; max_width=&#8221;960px&#8221; global_colors_info=&#8221;{}&#8221;][et_pb_column type=&#8221;4_4&#8243; _builder_version=&#8221;4.16&#8243; _module_preset=&#8221;default&#8221; global_colors_info=&#8221;{}&#8221;][et_pb_text _builder_version=&#8221;4.16&#8243; _module_preset=&#8221;default&#8221; text_font_size=&#8221;18px&#8221; text_line_height=&#8221;1.9em&#8221; header_2_font_size=&#8221;3vw&#8221; background_color=&#8221;RGBA(255,255,255,0)&#8221; text_orientation=&#8221;center&#8221; header_2_font_size_tablet=&#8221;5vw&#8221; header_2_font_size_phone=&#8221;7vw&#8221; header_2_font_size_last_edited=&#8221;on|phone&#8221; global_colors_info=&#8221;{}&#8221;]<\/p>\n<h2><span style=\"font-size: 52.68px;\">PASSION <span style=\"color: #038bc9;\">FOR<\/span> BIKES<\/span><span style=\"font-size: 18px; color: #000000; font-family: Quicksand, Helvetica, Arial, Lucida, sans-serif;\">\u00a0<\/span><\/h2>\n<p><strong>Welcome to Bikers paradise!<\/strong> Wir von Forbiker erwarten dich in einem unserer Gesch\u00e4fte in <strong>Bruneck oder M\u00fchlen in Taufers<\/strong>. Neben gro\u00dfer Auswahl der neuesten E-Bikes, Mountainbikes und Cityr\u00e4dern punkten wir durch Service und Beratung, den nur Mitarbeiter bieten k\u00f6nnen, die selbst Bike-Enthusiasten sind.<\/p>\n<p>Unser Cube Store in Bruneck bietet weiters eine gro\u00dfe Auswahl an Bikezubeh\u00f6r und Bekleidung. <br \/>F\u00fcr einen ersten Einblick in unsere Produktpalette sieh dich in unserem Online-Shop um.<\/p>\n<p>[\/et_pb_text][et_pb_button button_url=&#8221;@ET-DC@eyJkeW5hbWljIjp0cnVlLCJjb250ZW50IjoicG9zdF9saW5rX3VybF9wYWdlIiwic2V0dGluZ3MiOnsicG9zdF9pZCI6IjYifX0=@&#8221; button_text=&#8221;zum Shop&#8221; button_alignment=&#8221;center&#8221; _builder_version=&#8221;4.16&#8243; _dynamic_attributes=&#8221;button_url&#8221; _module_preset=&#8221;default&#8221; custom_button=&#8221;on&#8221; button_text_size=&#8221;0.9vw&#8221; button_text_color=&#8221;#ffffff&#8221; button_bg_use_color_gradient=&#8221;on&#8221; button_bg_color_gradient_direction=&#8221;153deg&#8221; button_bg_color_gradient_stops=&#8221;#038bc9 0%|#016da3 100%&#8221; button_bg_color_gradient_start=&#8221;#038bc9&#8243; button_bg_color_gradient_end=&#8221;#016da3&#8243; button_border_width=&#8221;0px&#8221; button_border_radius=&#8221;1px&#8221; button_font=&#8221;Poppins||||||||&#8221; button_text_size_tablet=&#8221;2vw&#8221; button_text_size_phone=&#8221;3vw&#8221; button_text_size_last_edited=&#8221;on|phone&#8221; global_colors_info=&#8221;{}&#8221; button_bg_color__hover_enabled=&#8221;on|desktop&#8221; button_custom_padding_tablet=&#8221;2vw|6vw|2vw|6vw|true|true&#8221; button_custom_padding_phone=&#8221;3vw|9vw|3vw|9vw|true|true&#8221; button_custom_padding_last_edited=&#8221;on|phone&#8221;][\/et_pb_button][\/et_pb_column][\/et_pb_row][\/et_pb_section][et_pb_section fb_built=&#8221;1&#8243; _builder_version=&#8221;4.16&#8243; _module_preset=&#8221;default&#8221; custom_padding=&#8221;||0px|||&#8221; global_colors_info=&#8221;{}&#8221;][\/et_pb_section][et_pb_section fb_built=&#8221;1&#8243; custom_padding_last_edited=&#8221;on|desktop&#8221; _builder_version=&#8221;4.16&#8243; background_color=&#8221;#ffffff&#8221; min_height=&#8221;60vh&#8221; overflow-x=&#8221;hidden&#8221; overflow-y=&#8221;hidden&#8221; custom_margin=&#8221;0px||0px||false|false&#8221; custom_padding=&#8221;0px||0px||true|false&#8221; custom_padding_tablet=&#8221;5%||5%||false|false&#8221; custom_padding_phone=&#8221;&#8221; global_colors_info=&#8221;{}&#8221;][et_pb_row column_structure=&#8221;1_2,1_2&#8243; use_custom_gutter=&#8221;on&#8221; gutter_width=&#8221;1&#8243; custom_padding_last_edited=&#8221;on|desktop&#8221; _builder_version=&#8221;4.16&#8243; background_size=&#8221;initial&#8221; background_position=&#8221;top_left&#8221; background_repeat=&#8221;repeat&#8221; positioning=&#8221;absolute&#8221; position_origin_a=&#8221;bottom_center&#8221; position_origin_a_tablet=&#8221;&#8221; position_origin_a_phone=&#8221;&#8221; position_origin_a_last_edited=&#8221;on|desktop&#8221; position_origin_f_tablet=&#8221;&#8221; position_origin_f_phone=&#8221;&#8221; position_origin_f_last_edited=&#8221;on|desktop&#8221; position_origin_r_tablet=&#8221;&#8221; position_origin_r_phone=&#8221;&#8221; position_origin_r_last_edited=&#8221;on|desktop&#8221; width=&#8221;100%&#8221; max_width=&#8221;100%&#8221; max_width_tablet=&#8221;90%&#8221; max_width_phone=&#8221;&#8221; max_width_last_edited=&#8221;on|phone&#8221; custom_padding=&#8221;0px||0px||true|false&#8221; custom_padding_tablet=&#8221;&#8221; custom_padding_phone=&#8221;&#8221; positioning_tablet=&#8221;none&#8221; positioning_phone=&#8221;&#8221; positioning_last_edited=&#8221;on|desktop&#8221; global_colors_info=&#8221;{}&#8221; filter_saturate__hover_enabled=&#8221;on|hover&#8221; filter_brightness__hover_enabled=&#8221;on|hover&#8221;][et_pb_column type=&#8221;1_2&#8243; _builder_version=&#8221;4.16&#8243; custom_padding=&#8221;|||&#8221; animation_style=&#8221;slide&#8221; animation_direction=&#8221;right&#8221; animation_delay=&#8221;950ms&#8221; animation_intensity_slide=&#8221;25%&#8221; animation_starting_opacity=&#8221;100%&#8221; animation_direction_tablet=&#8221;bottom&#8221; animation_direction_phone=&#8221;&#8221; animation_direction_last_edited=&#8221;on|tablet&#8221; animation_delay_tablet=&#8221;0ms&#8221; animation_delay_phone=&#8221;&#8221; animation_delay_last_edited=&#8221;on|desktop&#8221; global_colors_info=&#8221;{}&#8221; custom_padding__hover=&#8221;|||&#8221;][et_pb_image src=&#8221;https:\/\/www.forbiker.it\/wp-content\/uploads\/2021\/12\/436352_D8.jpg&#8221; title_text=&#8221;436352_D8&#8243; align=&#8221;right&#8221; _builder_version=&#8221;4.16&#8243; _module_preset=&#8221;default&#8221; global_colors_info=&#8221;{}&#8221;][\/et_pb_image][\/et_pb_column][et_pb_column type=&#8221;1_2&#8243; _builder_version=&#8221;4.16&#8243; background_color=&#8221;#f4f4f4&#8243; positioning=&#8221;absolute&#8221; position_origin_a=&#8221;bottom_right&#8221; position_origin_a_tablet=&#8221;&#8221; position_origin_a_phone=&#8221;&#8221; position_origin_a_last_edited=&#8221;on|desktop&#8221; position_origin_f_tablet=&#8221;&#8221; position_origin_f_phone=&#8221;&#8221; position_origin_f_last_edited=&#8221;on|desktop&#8221; position_origin_r_tablet=&#8221;&#8221; position_origin_r_phone=&#8221;&#8221; position_origin_r_last_edited=&#8221;on|desktop&#8221; custom_padding=&#8221;9vh|8vw|9vh|8vw|true|true&#8221; animation_style=&#8221;slide&#8221; animation_direction=&#8221;right&#8221; animation_duration=&#8221;1200ms&#8221; animation_delay=&#8221;800ms&#8221; animation_starting_opacity=&#8221;100%&#8221; positioning_tablet=&#8221;none&#8221; positioning_phone=&#8221;&#8221; positioning_last_edited=&#8221;on|phone&#8221; animation_direction_tablet=&#8221;bottom&#8221; animation_direction_phone=&#8221;&#8221; animation_direction_last_edited=&#8221;on|tablet&#8221; animation_delay_tablet=&#8221;0ms&#8221; animation_delay_phone=&#8221;&#8221; animation_delay_last_edited=&#8221;on|tablet&#8221; global_colors_info=&#8221;{}&#8221; custom_padding__hover=&#8221;|||&#8221; filter_brightness__hover_enabled=&#8221;on|hover&#8221; filter_invert__hover_enabled=&#8221;on|hover&#8221; filter_sepia__hover=&#8221;0%&#8221; filter_sepia__hover_enabled=&#8221;on|hover&#8221; filter_hue_rotate__hover_enabled=&#8221;on|hover&#8221; background__hover_enabled=&#8221;on|hover&#8221; background_color__hover=&#8221;#e6eef2&#8243; background_enable_color__hover=&#8221;on&#8221; filter_brightness__hover=&#8221;90%&#8221;][et_pb_text _builder_version=&#8221;4.20.1&#8243; _module_preset=&#8221;default&#8221; global_colors_info=&#8221;{}&#8221;]<\/p>\n<h2>ForBiker Bruneck &amp; M\u00fchlen in Taufers<\/h2>\n<p>&nbsp;<\/p>\n<p>In unseren zwei Standorten Bruneck (<strong>Cube Store<\/strong>) und M\u00fchlen in Taufers findest du auf mehr als 1000 qm die neuesten <strong>E-Bikes<\/strong>, Mountain Bikes, City Bikes, Gravel Bikes, Trekkingbikes und Fahrradzubeh\u00f6r der Marken Cube, Sants, Scott und weiterer renommierter Marken. Wir garantieren beste Beratung &#8211; ma\u00dfgeschneidert auf deine Bed\u00fcrfnisse. Unsere Mitarbeiter sind selbst Bike-Enthusiasten und sind auch nach dem Kauf noch f\u00fcr dich da.<\/p>\n<p>[\/et_pb_text][\/et_pb_column][\/et_pb_row][\/et_pb_section][et_pb_section fb_built=&#8221;1&#8243; _builder_version=&#8221;4.16&#8243; _module_preset=&#8221;default&#8221; background_color=&#8221;#f4f4f4&#8243; global_colors_info=&#8221;{}&#8221;][et_pb_row use_custom_gutter=&#8221;on&#8221; gutter_width=&#8221;2&#8243; make_equal=&#8221;on&#8221; _builder_version=&#8221;4.16&#8243; _module_preset=&#8221;default&#8221; width=&#8221;100%&#8221; width_tablet=&#8221;90%&#8221; width_phone=&#8221;&#8221; width_last_edited=&#8221;on|phone&#8221; global_colors_info=&#8221;{}&#8221;][et_pb_column type=&#8221;4_4&#8243; _builder_version=&#8221;4.16&#8243; _module_preset=&#8221;default&#8221; global_colors_info=&#8221;{}&#8221;][et_pb_text _builder_version=&#8221;4.24.0&#8243; _module_preset=&#8221;default&#8221; header_2_text_align=&#8221;center&#8221; custom_margin=&#8221;||70px|||&#8221; global_colors_info=&#8221;{}&#8221;]<\/p>\n<h2>Unsere HIGHLIGHTS 2026<\/h2>\n<p>[\/et_pb_text][et_pb_shop type=&#8221;product_category&#8221; posts_number=&#8221;8&#8243; include_categories=&#8221;283&#8243; _builder_version=&#8221;4.24.0&#8243; _module_preset=&#8221;default&#8221; animation_style=&#8221;fade&#8221; animation_duration=&#8221;1300ms&#8221; animation_delay=&#8221;200ms&#8221; border_color_all=&#8221;#FFFFFF&#8221; border_width_all_image=&#8221;14px&#8221; border_color_all_image=&#8221;#FFFFFF&#8221; global_colors_info=&#8221;{}&#8221;][\/et_pb_shop][et_pb_button button_url=&#8221;@ET-DC@eyJkeW5hbWljIjp0cnVlLCJjb250ZW50IjoicG9zdF9saW5rX3VybF9wYWdlIiwic2V0dGluZ3MiOnsicG9zdF9pZCI6IjYifX0=@&#8221; button_text=&#8221;zum Shop&#8221; button_alignment=&#8221;center&#8221; _builder_version=&#8221;4.16&#8243; _dynamic_attributes=&#8221;button_url&#8221; _module_preset=&#8221;default&#8221; custom_button=&#8221;on&#8221; button_text_size=&#8221;0.9vw&#8221; button_text_color=&#8221;#ffffff&#8221; button_bg_use_color_gradient=&#8221;on&#8221; button_bg_color_gradient_direction=&#8221;153deg&#8221; button_bg_color_gradient_stops=&#8221;#038bc9 0%|#016da3 100%&#8221; button_bg_color_gradient_start=&#8221;#038bc9&#8243; button_bg_color_gradient_end=&#8221;#016da3&#8243; button_border_width=&#8221;0px&#8221; button_border_radius=&#8221;1px&#8221; button_font=&#8221;Poppins||||||||&#8221; button_text_size_tablet=&#8221;2vw&#8221; button_text_size_phone=&#8221;3vw&#8221; button_text_size_last_edited=&#8221;on|phone&#8221; global_colors_info=&#8221;{}&#8221; button_bg_color__hover_enabled=&#8221;on|desktop&#8221; button_custom_padding_tablet=&#8221;2vw|6vw|2vw|6vw|true|true&#8221; button_custom_padding_phone=&#8221;3vw|9vw|3vw|9vw|true|true&#8221; button_custom_padding_last_edited=&#8221;on|phone&#8221;][\/et_pb_button][\/et_pb_column][\/et_pb_row][\/et_pb_section][et_pb_section fb_built=&#8221;1&#8243; fullwidth=&#8221;on&#8221; _builder_version=&#8221;4.16&#8243; _module_preset=&#8221;default&#8221; global_colors_info=&#8221;{}&#8221;][et_pb_fullwidth_image title_text=&#8221;image&#8221; _builder_version=&#8221;4.16&#8243; _module_preset=&#8221;default&#8221; background_image=&#8221;https:\/\/www.forbiker.it\/wp-content\/uploads\/2022\/01\/image.jpg&#8221; parallax=&#8221;on&#8221; parallax_method=&#8221;off&#8221; min_height=&#8221;70vh&#8221; global_colors_info=&#8221;{}&#8221;][\/et_pb_fullwidth_image][\/et_pb_section]<\/p>\n","protected":false},"excerpt":{"rendered":"<p>MountainbikesE-BikesKidsRoadGravelGearPASSION FOR BIKES\u00a0 Welcome to Bikers paradise! Wir von Forbiker erwarten dich in einem unserer Gesch\u00e4fte in Bruneck oder M\u00fchlen in Taufers. Neben gro\u00dfer Auswahl der neuesten E-Bikes, Mountainbikes und Cityr\u00e4dern punkten wir durch Service und Beratung, den nur Mitarbeiter bieten k\u00f6nnen, die selbst Bike-Enthusiasten sind. Unser Cube Store in Bruneck bietet weiters eine gro\u00dfe [&hellip;]<\/p>\n","protected":false},"author":1,"featured_media":0,"parent":0,"menu_order":10,"comment_status":"closed","ping_status":"closed","template":"","meta":{"_et_pb_use_builder":"on","_et_pb_old_content":"","_et_gb_content_width":"","footnotes":""},"class_list":["post-228358","page","type-page","status-publish","hentry"],"_links":{"self":[{"href":"https:\/\/www.forbiker.it\/index.php\/wp-json\/wp\/v2\/pages\/228358"}],"collection":[{"href":"https:\/\/www.forbiker.it\/index.php\/wp-json\/wp\/v2\/pages"}],"about":[{"href":"https:\/\/www.forbiker.it\/index.php\/wp-json\/wp\/v2\/types\/page"}],"author":[{"embeddable":true,"href":"https:\/\/www.forbiker.it\/index.php\/wp-json\/wp\/v2\/users\/1"}],"replies":[{"embeddable":true,"href":"https:\/\/www.forbiker.it\/index.php\/wp-json\/wp\/v2\/comments?post=228358"}],"version-history":[{"count":26,"href":"https:\/\/www.forbiker.it\/index.php\/wp-json\/wp\/v2\/pages\/228358\/revisions"}],"predecessor-version":[{"id":236519,"href":"https:\/\/www.forbiker.it\/index.php\/wp-json\/wp\/v2\/pages\/228358\/revisions\/236519"}],"wp:attachment":[{"href":"https:\/\/www.forbiker.it\/index.php\/wp-json\/wp\/v2\/media?parent=228358"}],"curies":[{"name":"wp","href":"https:\/\/api.w.org\/{rel}","templated":true}]}}