{"id":228504,"date":"2022-01-31T11:02:19","date_gmt":"2022-01-31T10:02:19","guid":{"rendered":"https:\/\/www.forbiker.it\/?page_id=228504"},"modified":"2022-02-17T12:36:08","modified_gmt":"2022-02-17T11:36:08","slug":"service","status":"publish","type":"page","link":"https:\/\/www.forbiker.it\/index.php\/service\/","title":{"rendered":"Service"},"content":{"rendered":"<p>[et_pb_section fb_built=&#8221;1&#8243; _builder_version=&#8221;4.14.7&#8243; _module_preset=&#8221;default&#8221; background_color=&#8221;RGBA(255,255,255,0)&#8221; custom_margin=&#8221;|||6vw|false|false&#8221; global_colors_info=&#8221;{}&#8221;][et_pb_row column_structure=&#8221;2_5,3_5&#8243; make_equal=&#8221;on&#8221; _builder_version=&#8221;4.14.7&#8243; _module_preset=&#8221;default&#8221; background_color=&#8221;rgba(149,149,149,0.1)&#8221; width=&#8221;100%&#8221; max_width=&#8221;2560px&#8221; custom_margin=&#8221;10vw||||false|false&#8221; global_colors_info=&#8221;{}&#8221;][et_pb_column type=&#8221;2_5&#8243; _builder_version=&#8221;4.14.7&#8243; _module_preset=&#8221;default&#8221; background_enable_color=&#8221;off&#8221; background_color_gradient_start=&#8221;#f4f4f4&#8243; background_color_gradient_end=&#8221;#ffffff&#8221; background_color_gradient_direction=&#8221;0deg&#8221; global_colors_info=&#8221;{}&#8221;][et_pb_text _builder_version=&#8221;4.14.7&#8243; _module_preset=&#8221;default&#8221; header_font_size=&#8221;6vw&#8221; background_enable_color=&#8221;off&#8221; width_tablet=&#8221;80%&#8221; width_phone=&#8221;80%&#8221; width_last_edited=&#8221;on|tablet&#8221; module_alignment=&#8221;center&#8221; custom_margin=&#8221;||||false|false&#8221; custom_padding=&#8221;|||20px|false|false&#8221; hover_enabled=&#8221;0&#8243; header_font_size_tablet=&#8221;10vh&#8221; header_font_size_phone=&#8221;8vh&#8221; header_font_size_last_edited=&#8221;on|phone&#8221; global_colors_info=&#8221;{}&#8221; sticky_enabled=&#8221;0&#8243;]<\/p>\n<p>Forbiker \/\/ Cube Store \/\/ Bruneck \/\/ M\u00fchlen in Taufers<\/p>\n<h1>Service<br \/><span style=\"color: #007db9;\">for<\/span> your bike<\/h1>\n<p>[\/et_pb_text][\/et_pb_column][et_pb_column type=&#8221;3_5&#8243; _builder_version=&#8221;4.14.6&#8243; _module_preset=&#8221;default&#8221; position_origin_r=&#8221;bottom_left&#8221; custom_padding=&#8221;||||false|false&#8221; global_colors_info=&#8221;{}&#8221;][\/et_pb_column][\/et_pb_row][et_pb_row column_structure=&#8221;2_5,3_5&#8243; make_equal=&#8221;on&#8221; _builder_version=&#8221;4.14.7&#8243; _module_preset=&#8221;default&#8221; background_enable_color=&#8221;off&#8221; width=&#8221;100%&#8221; max_width=&#8221;2560px&#8221; global_colors_info=&#8221;{}&#8221;][et_pb_column type=&#8221;2_5&#8243; _builder_version=&#8221;4.14.7&#8243; _module_preset=&#8221;default&#8221; background_enable_color=&#8221;off&#8221; background_color_gradient_start=&#8221;#f4f4f4&#8243; background_color_gradient_end=&#8221;#ffffff&#8221; background_color_gradient_direction=&#8221;0deg&#8221; global_colors_info=&#8221;{}&#8221;][et_pb_text _builder_version=&#8221;4.14.7&#8243; _module_preset=&#8221;default&#8221; custom_margin=&#8221;2vw||||false|false&#8221; hover_enabled=&#8221;0&#8243; global_colors_info=&#8221;{}&#8221; sticky_enabled=&#8221;0&#8243;]<\/p>\n<p>Wir von Forbiker Bruneck und M\u00fchlen in Taufers sind auch nach dem Kauf noch f\u00fcr Sie da. Besonders die technisch ausgefeilten E-Bikes sind wartungsintensiv und sollten immer wieder durchgecheckt werden. Durch die hohe Belastung werden Bremsbacken und co anst\u00e4ndig in Anspruch genommen. Unser kompetentes Team repariert Ihr bei uns gekauftes Rad zeitnahe und professionell.<\/p>\n<p>[\/et_pb_text][et_pb_button button_text=&#8221;Kontakt&#8221; _builder_version=&#8221;4.14.7&#8243; _module_preset=&#8221;default&#8221; custom_button=&#8221;on&#8221; button_text_size=&#8221;16px&#8221; global_colors_info=&#8221;{}&#8221;][\/et_pb_button][\/et_pb_column][et_pb_column type=&#8221;3_5&#8243; _builder_version=&#8221;4.14.6&#8243; _module_preset=&#8221;default&#8221; position_origin_r=&#8221;bottom_left&#8221; custom_padding=&#8221;||||false|false&#8221; global_colors_info=&#8221;{}&#8221;][et_pb_image src=&#8221;https:\/\/www.forbiker.it\/wp-content\/uploads\/2022\/01\/Service.jpg&#8221; title_text=&#8221;Service&#8221; disabled_on=&#8221;on|on|off&#8221; _builder_version=&#8221;4.14.7&#8243; _module_preset=&#8221;default&#8221; background_enable_color=&#8221;off&#8221; background_color_gradient_start=&#8221;rgba(255,255,255,0)&#8221; background_color_gradient_end=&#8221;#ffffff&#8221; background_color_gradient_direction=&#8221;0deg&#8221; width=&#8221;80%&#8221; width_tablet=&#8221;100%&#8221; width_phone=&#8221;100%&#8221; width_last_edited=&#8221;on|phone&#8221; module_alignment=&#8221;center&#8221; custom_margin=&#8221;-35vw||||false|false&#8221; custom_margin_tablet=&#8221;auto||||false|false&#8221; custom_margin_phone=&#8221;auto||||false|false&#8221; custom_margin_last_edited=&#8221;on|phone&#8221; custom_padding=&#8221;|20px|||false|false&#8221; animation_style=&#8221;slide&#8221; animation_direction=&#8221;left&#8221; animation_duration=&#8221;1700ms&#8221; global_colors_info=&#8221;{}&#8221;][\/et_pb_image][\/et_pb_column][\/et_pb_row][\/et_pb_section][et_pb_section fb_built=&#8221;1&#8243; fullwidth=&#8221;on&#8221; _builder_version=&#8221;4.14.7&#8243; _module_preset=&#8221;default&#8221; background_enable_image=&#8221;off&#8221; parallax=&#8221;on&#8221; hover_enabled=&#8221;0&#8243; global_colors_info=&#8221;{}&#8221; sticky_enabled=&#8221;0&#8243; positioning=&#8221;none&#8221;][et_pb_fullwidth_image title_text=&#8221;Service-3&#8243; _builder_version=&#8221;4.14.7&#8243; _module_preset=&#8221;default&#8221; background_image=&#8221;https:\/\/www.forbiker.it\/wp-content\/uploads\/2022\/01\/Service-3.jpg&#8221; parallax=&#8221;on&#8221; parallax_method=&#8221;off&#8221; module_alignment=&#8221;center&#8221; min_height=&#8221;70vh&#8221; custom_padding=&#8221;4vw||||false|false&#8221; hover_enabled=&#8221;0&#8243; background_last_edited=&#8221;on|phone&#8221; global_colors_info=&#8221;{}&#8221; sticky_enabled=&#8221;0&#8243;][\/et_pb_fullwidth_image][\/et_pb_section][et_pb_section fb_built=&#8221;1&#8243; custom_padding_last_edited=&#8221;on|desktop&#8221; _builder_version=&#8221;4.14.7&#8243; background_color=&#8221;#ffffff&#8221; min_height=&#8221;51vh&#8221; overflow-x=&#8221;hidden&#8221; overflow-y=&#8221;hidden&#8221; custom_margin=&#8221;0px||0px||false|false&#8221; custom_padding=&#8221;0px||0px||true|false&#8221; custom_padding_tablet=&#8221;5%||5%||false|false&#8221; custom_padding_phone=&#8221;&#8221; hover_enabled=&#8221;0&#8243; global_colors_info=&#8221;{}&#8221; sticky_enabled=&#8221;0&#8243;][et_pb_row column_structure=&#8221;1_2,1_2&#8243; use_custom_gutter=&#8221;on&#8221; gutter_width=&#8221;1&#8243; custom_padding_last_edited=&#8221;on|desktop&#8221; _builder_version=&#8221;4.14.7&#8243; background_size=&#8221;initial&#8221; background_position=&#8221;top_left&#8221; background_repeat=&#8221;repeat&#8221; positioning=&#8221;none&#8221; position_origin_a=&#8221;bottom_center&#8221; position_origin_a_tablet=&#8221;&#8221; position_origin_a_phone=&#8221;&#8221; position_origin_a_last_edited=&#8221;on|desktop&#8221; position_origin_f_tablet=&#8221;&#8221; position_origin_f_phone=&#8221;&#8221; position_origin_f_last_edited=&#8221;on|desktop&#8221; position_origin_r_tablet=&#8221;&#8221; position_origin_r_phone=&#8221;&#8221; position_origin_r_last_edited=&#8221;on|desktop&#8221; width=&#8221;100%&#8221; max_width=&#8221;100%&#8221; max_width_tablet=&#8221;90%&#8221; max_width_phone=&#8221;&#8221; max_width_last_edited=&#8221;on|phone&#8221; custom_margin=&#8221;0px||0px||false|false&#8221; custom_padding=&#8221;0px||0px||true|false&#8221; custom_padding_tablet=&#8221;&#8221; custom_padding_phone=&#8221;&#8221; hover_enabled=&#8221;0&#8243; positioning_tablet=&#8221;none&#8221; positioning_phone=&#8221;&#8221; positioning_last_edited=&#8221;on|desktop&#8221; global_colors_info=&#8221;{}&#8221; filter_saturate__hover_enabled=&#8221;on|hover&#8221; filter_brightness__hover_enabled=&#8221;on|hover&#8221; sticky_enabled=&#8221;0&#8243;][et_pb_column type=&#8221;1_2&#8243; _builder_version=&#8221;4.2.2&#8243; custom_padding=&#8221;|||&#8221; animation_style=&#8221;slide&#8221; animation_direction=&#8221;right&#8221; animation_delay=&#8221;950ms&#8221; animation_intensity_slide=&#8221;25%&#8221; animation_starting_opacity=&#8221;100%&#8221; animation_direction_tablet=&#8221;bottom&#8221; animation_direction_phone=&#8221;&#8221; animation_direction_last_edited=&#8221;on|tablet&#8221; animation_delay_tablet=&#8221;0ms&#8221; animation_delay_phone=&#8221;&#8221; animation_delay_last_edited=&#8221;on|desktop&#8221; global_colors_info=&#8221;{}&#8221; custom_padding__hover=&#8221;|||&#8221;][et_pb_image src=&#8221;https:\/\/www.forbiker.it\/wp-content\/uploads\/2022\/01\/Service-2.jpg&#8221; title_text=&#8221;Service-2&#8243; align=&#8221;right&#8221; _builder_version=&#8221;4.14.7&#8243; _module_preset=&#8221;default&#8221; custom_margin=&#8221;||||false|false&#8221; custom_padding=&#8221;||||false|false&#8221; global_colors_info=&#8221;{}&#8221;][\/et_pb_image][\/et_pb_column][et_pb_column type=&#8221;1_2&#8243; _builder_version=&#8221;4.14.7&#8243; background_color=&#8221;#f4f4f4&#8243; positioning=&#8221;absolute&#8221; position_origin_a=&#8221;bottom_right&#8221; position_origin_a_tablet=&#8221;&#8221; position_origin_a_phone=&#8221;&#8221; position_origin_a_last_edited=&#8221;on|desktop&#8221; position_origin_f_tablet=&#8221;&#8221; position_origin_f_phone=&#8221;&#8221; position_origin_f_last_edited=&#8221;on|desktop&#8221; position_origin_r_tablet=&#8221;&#8221; position_origin_r_phone=&#8221;&#8221; position_origin_r_last_edited=&#8221;on|desktop&#8221; custom_padding=&#8221;20vw|8vw|5vw|8vw|false|true&#8221; animation_style=&#8221;slide&#8221; animation_direction=&#8221;right&#8221; animation_duration=&#8221;1200ms&#8221; animation_delay=&#8221;800ms&#8221; animation_starting_opacity=&#8221;100%&#8221; positioning_tablet=&#8221;none&#8221; positioning_phone=&#8221;&#8221; positioning_last_edited=&#8221;on|phone&#8221; animation_direction_tablet=&#8221;bottom&#8221; animation_direction_phone=&#8221;&#8221; animation_direction_last_edited=&#8221;on|tablet&#8221; animation_delay_tablet=&#8221;0ms&#8221; animation_delay_phone=&#8221;&#8221; animation_delay_last_edited=&#8221;on|tablet&#8221; global_colors_info=&#8221;{}&#8221; custom_padding__hover=&#8221;|||&#8221; filter_brightness__hover_enabled=&#8221;on|hover&#8221; filter_invert__hover_enabled=&#8221;on|hover&#8221; filter_sepia__hover=&#8221;0%&#8221; filter_sepia__hover_enabled=&#8221;on|hover&#8221; filter_hue_rotate__hover_enabled=&#8221;on|hover&#8221; background__hover_enabled=&#8221;on|hover&#8221; background_color__hover=&#8221;#e6eef2&#8243; background_enable_color__hover=&#8221;on&#8221; filter_brightness__hover=&#8221;90%&#8221;][et_pb_accordion _builder_version=&#8221;4.14.7&#8243; _module_preset=&#8221;default&#8221; hover_enabled=&#8221;0&#8243; toggle_line_height_tablet=&#8221;&#8221; toggle_line_height_phone=&#8221;1.2em&#8221; toggle_line_height_last_edited=&#8221;on|phone&#8221; global_colors_info=&#8221;{}&#8221; sticky_enabled=&#8221;0&#8243;][et_pb_accordion_item title=&#8221;Bike Reparaturen&#8221; open=&#8221;on&#8221; _builder_version=&#8221;4.14.7&#8243; _module_preset=&#8221;default&#8221; global_colors_info=&#8221;{}&#8221;]<\/p>\n<p>Wir f\u00fchren\u00a0Reparaturen jeglicher Art schnell und fachgerecht durch.<\/p>\n<p>[\/et_pb_accordion_item][et_pb_accordion_item title=&#8221;Bike Check-Up im Fr\u00fchjahr&#8221; _builder_version=&#8221;4.14.7&#8243; _module_preset=&#8221;default&#8221; global_colors_info=&#8221;{}&#8221; open=&#8221;off&#8221;]<\/p>\n<p>Die Fahrrad-Saison beginnt &#8211; ist Ihr Rad\u00a0auch schon bereit zum losfahren, wie Sie es sind? Kommen Sie vorbei und bringen Sie Ihr Rad zur Fr\u00fchjahrs-Inspektion. Wir pr\u00fcfen die wichtigsten Komponenten und machen Ihr Rad fit f\u00fcr die Saison.<\/p>\n<p>[\/et_pb_accordion_item][et_pb_accordion_item title=&#8221;Die optimale Bike-Anpassung&#8221; _builder_version=&#8221;4.14.7&#8243; _module_preset=&#8221;default&#8221; global_colors_info=&#8221;{}&#8221; open=&#8221;off&#8221;]<\/p>\n<p>Durch\u00a0eine ausf\u00fchrliche Messung stellen wir die\u00a0exakte Fahrradgeometrie\u00a0fest und verhelfen Ihnen zu einem kraftvolleren, effizienteren und komfortableren Fahrerlebnis.<\/p>\n<p>[\/et_pb_accordion_item][et_pb_accordion_item title=&#8221;E-Bike Service Center&#8221; _builder_version=&#8221;4.14.7&#8243; _module_preset=&#8221;default&#8221; hover_enabled=&#8221;0&#8243; global_colors_info=&#8221;{}&#8221; open=&#8221;off&#8221; sticky_enabled=&#8221;0&#8243;]<\/p>\n<p>Zertifizierte Werkstatt f\u00fcr Bosch-, Shimano und Yamaha E-Bikes.<\/p>\n<p>[\/et_pb_accordion_item][\/et_pb_accordion][\/et_pb_column][\/et_pb_row][\/et_pb_section]<\/p>\n","protected":false},"excerpt":{"rendered":"<p>Forbiker \/\/ Cube Store \/\/ Bruneck \/\/ M\u00fchlen in Taufers Servicefor your bikeWir von Forbiker Bruneck und M\u00fchlen in Taufers sind auch nach dem Kauf noch f\u00fcr Sie da. Besonders die technisch ausgefeilten E-Bikes sind wartungsintensiv und sollten immer wieder durchgecheckt werden. Durch die hohe Belastung werden Bremsbacken und co anst\u00e4ndig in Anspruch genommen. Unser [&hellip;]<\/p>\n","protected":false},"author":1,"featured_media":0,"parent":0,"menu_order":20,"comment_status":"closed","ping_status":"closed","template":"","meta":{"_et_pb_use_builder":"on","_et_pb_old_content":"","_et_gb_content_width":"","footnotes":""},"class_list":["post-228504","page","type-page","status-publish","hentry"],"_links":{"self":[{"href":"https:\/\/www.forbiker.it\/index.php\/wp-json\/wp\/v2\/pages\/228504"}],"collection":[{"href":"https:\/\/www.forbiker.it\/index.php\/wp-json\/wp\/v2\/pages"}],"about":[{"href":"https:\/\/www.forbiker.it\/index.php\/wp-json\/wp\/v2\/types\/page"}],"author":[{"embeddable":true,"href":"https:\/\/www.forbiker.it\/index.php\/wp-json\/wp\/v2\/users\/1"}],"replies":[{"embeddable":true,"href":"https:\/\/www.forbiker.it\/index.php\/wp-json\/wp\/v2\/comments?post=228504"}],"version-history":[{"count":0,"href":"https:\/\/www.forbiker.it\/index.php\/wp-json\/wp\/v2\/pages\/228504\/revisions"}],"wp:attachment":[{"href":"https:\/\/www.forbiker.it\/index.php\/wp-json\/wp\/v2\/media?parent=228504"}],"curies":[{"name":"wp","href":"https:\/\/api.w.org\/{rel}","templated":true}]}}