{"id":225709,"date":"2021-10-21T09:48:04","date_gmt":"2021-10-21T07:48:04","guid":{"rendered":"https:\/\/www.forbiker.it\/?post_type=product&#038;p=225709"},"modified":"2023-04-05T14:21:09","modified_gmt":"2023-04-05T12:21:09","slug":"cube-cargo-sport-hybrid-500","status":"publish","type":"product","link":"https:\/\/www.forbiker.it\/index.php\/produkt\/cube-cargo-sport-hybrid-500\/","title":{"rendered":"CUBE CARGO SPORT HYBRID 500"},"content":{"rendered":"<p>Die meisten Bikes sind darauf ausgelegt, dich und vielleicht ein bisschen Gep\u00e4ck von A nach B zu bringen. Der Cargo Hybrid Rahmen kann allerdings viel mehr &#8211; n\u00e4mlich den sicheren und komfortablen Transport von weitaus gr\u00f6\u00dferer und schwererer Last bis insgesamt 220 kg. Im optionalen Kindersitz fahren sogar bis zu zwei Kinder mit. Zugleich legt das Chassis selbst bei voller Beladung ein stabiles, unkompliziertes Handling an den Tag, das seine Qualit\u00e4ten vor allem im Stadtverkehr voll ausspielt. Der kraftvolle, Lasten-spezifische Bosch Motor wurde unauff\u00e4llig unten am Sattelrohr positioniert und es gibt Platz f\u00fcr bis zu zwei Akkus, die sich in der N\u00e4he des Rahmenschwerpunkts befinden.<\/p>\n<p><iframe loading=\"lazy\" title=\"Got you covered! | Cargo Hybrid - CUBE Bikes Official\" width=\"1080\" height=\"608\" src=\"https:\/\/www.youtube.com\/embed\/ra6J2h0IYck?feature=oembed\"  allow=\"accelerometer; autoplay; clipboard-write; encrypted-media; gyroscope; picture-in-picture; web-share\" allowfullscreen><\/iframe><\/p>\n","protected":false},"excerpt":{"rendered":"<p>Die meisten Bikes sind darauf ausgelegt, dich und vielleicht ein bisschen Gep\u00e4ck von A nach B zu bringen.<\/p>\n","protected":false},"featured_media":225713,"comment_status":"open","ping_status":"closed","template":"","meta":{"_et_pb_use_builder":"","_et_pb_old_content":"","_et_gb_content_width":""},"product_cat":[21,48],"product_tag":[],"giftcard-category":[],"class_list":{"0":"post-225709","1":"product","2":"type-product","3":"status-publish","4":"has-post-thumbnail","6":"product_cat-ebikes","7":"product_cat-e-strassenraeder","9":"first","10":"instock","11":"taxable","12":"shipping-taxable","13":"purchasable","14":"product-type-simple"},"_links":{"self":[{"href":"https:\/\/www.forbiker.it\/index.php\/wp-json\/wp\/v2\/product\/225709"}],"collection":[{"href":"https:\/\/www.forbiker.it\/index.php\/wp-json\/wp\/v2\/product"}],"about":[{"href":"https:\/\/www.forbiker.it\/index.php\/wp-json\/wp\/v2\/types\/product"}],"replies":[{"embeddable":true,"href":"https:\/\/www.forbiker.it\/index.php\/wp-json\/wp\/v2\/comments?post=225709"}],"wp:featuredmedia":[{"embeddable":true,"href":"https:\/\/www.forbiker.it\/index.php\/wp-json\/wp\/v2\/media\/225713"}],"wp:attachment":[{"href":"https:\/\/www.forbiker.it\/index.php\/wp-json\/wp\/v2\/media?parent=225709"}],"wp:term":[{"taxonomy":"product_cat","embeddable":true,"href":"https:\/\/www.forbiker.it\/index.php\/wp-json\/wp\/v2\/product_cat?post=225709"},{"taxonomy":"product_tag","embeddable":true,"href":"https:\/\/www.forbiker.it\/index.php\/wp-json\/wp\/v2\/product_tag?post=225709"},{"taxonomy":"giftcard-category","embeddable":true,"href":"https:\/\/www.forbiker.it\/index.php\/wp-json\/wp\/v2\/giftcard-category?post=225709"}],"curies":[{"name":"wp","href":"https:\/\/api.w.org\/{rel}","templated":true}]}}