{"id":226734,"date":"2021-11-02T11:45:16","date_gmt":"2021-11-02T10:45:16","guid":{"rendered":"https:\/\/www.forbiker.it\/?post_type=product&#038;p=226734"},"modified":"2025-04-22T08:29:31","modified_gmt":"2025-04-22T06:29:31","slug":"cube-ella-200","status":"publish","type":"product","link":"https:\/\/www.forbiker.it\/index.php\/produkt\/cube-ella-200\/","title":{"rendered":"CUBE ELLA 200"},"content":{"rendered":"<section class=\"mod mod-text-toggle bright-orange -background-secondary-color\" data-anchor=\"Bike details\" data-scroll-index=\"3\">\n<div class=\"row\" data-equalizer=\"\" data-equalize-by-row=\"true\">\n<div class=\"columns medium-offset-1 large-offset-2 small-12 medium-10 large-8\" data-equalizer-watch=\"\">\n<section class=\"mod mod-text-toggle -background-default-color h-spacing-bottom-inner h-spacing-top-inner\">\n<div class=\"row\">\n<div class=\"columns medium-offset-1 medium-10 large-7 large-centered\">\n<div class=\"text h-spacing-bottom-outer\">\n<section class=\"mod mod-text-toggle -background-default-color h-spacing-bottom-inner h-spacing-top-inner\">\n<div class=\"row\">\n<div class=\"columns medium-offset-1 medium-10 large-7 large-centered\">\n<div class=\"text h-spacing-bottom-outer\">\n<p class=\"text-center e-font-family-cond\">Die robusten, leichten Rohrs\u00e4tze aus hitzebehandeltem 6061er Aluminium des Ella 200 sind perfekt an die Bed\u00fcrfnisse junger Bikerinnen angepasst, und zwar durch ein speziell geformtes, gebogenes Unterrohr. Trotzdem: Da der eine oder andere Sturz beim Radnachwuchs nicht ausbleibt, haben wir dem Rahmen ein austauschbares Schaltauge spendiert, was oft teure Reparaturen erspart. Und nat\u00fcrlich hat das Modell &#8211; wie seine Pendants aus der Erwachsenenkollektion \u00fcbrigens &#8211; unsere strengen hausinternen Testl\u00e4ufe mit Bravour gemeistert und erf\u00fcllt und \u00fcbertrifft sogar alle relevanten Sicherheitsrichtlinien.<\/p>\n<\/div>\n<\/div>\n<\/div>\n<\/section>\n<section class=\"-background-default-color h-spacing-bottom-inner\" data-anchor=\"Ausstattung\" data-scroll-index=\"2\">\n<div class=\"row\">\n<div class=\"columns medium-offset-1 small-12 medium-10 large-5 small-up-margin-bottom--size-300\">\n<p>&nbsp;<\/p>\n<div class=\"specs-headline\">\n<p><b>K\u00f6rpergr\u00f6\u00dfe: 111 &#8211; 124 cm<\/b><br \/>\n<b>ab 5 Jahren<\/b><\/p>\n<\/div>\n<\/div>\n<\/div>\n<\/section>\n<\/div>\n<\/div>\n<\/div>\n<\/section>\n<\/div>\n<\/div>\n<\/section>\n","protected":false},"excerpt":{"rendered":"<section class=\"mod mod-text-toggle -background-default-color h-spacing-bottom-inner h-spacing-top-inner\">\n<div class=\"row\">\n<div class=\"columns medium-offset-1 medium-10 large-7 large-centered\">\n<div class=\"text h-spacing-bottom-outer\">\n<section class=\"mod mod-text-toggle -background-default-color h-spacing-bottom-inner h-spacing-top-inner\">\n<div class=\"row\">\n<div class=\"columns medium-offset-1 medium-10 large-7 large-centered\">\n<div class=\"text h-spacing-bottom-outer\">\n<p class=\"text-center e-font-family-cond\">Die robusten, leichten Rohrs\u00e4tze aus hitzebehandeltem 6061er Aluminium des Ella 200 sind perfekt an die Bed\u00fcrfnisse junger Bikerinnen angepasst, und zwar durch ein speziell geformtes, gebogenes Unterrohr. Trotzdem.<\/p>\n<p><b>K\u00f6rpergr\u00f6\u00dfe: 111 &#8211; 124 cm<\/b><br \/>\n<b>ab 5 Jahren<\/b><\/p>\n<\/div>\n<\/div>\n<\/div>\n<\/section>\n<\/div>\n<\/div>\n<\/div>\n<\/section>\n","protected":false},"featured_media":232085,"comment_status":"open","ping_status":"closed","template":"","meta":{"_et_pb_use_builder":"","_et_pb_old_content":"","_et_gb_content_width":""},"product_cat":[165,20,29,39],"product_tag":[],"giftcard-category":[],"class_list":{"0":"post-226734","1":"product","2":"type-product","3":"status-publish","4":"has-post-thumbnail","6":"product_cat-angebote","7":"product_cat-bikes","8":"product_cat-kids","9":"product_cat-20-ab-5-jahre","11":"first","12":"instock","13":"sale","14":"taxable","15":"shipping-taxable","16":"purchasable","17":"product-type-simple"},"_links":{"self":[{"href":"https:\/\/www.forbiker.it\/index.php\/wp-json\/wp\/v2\/product\/226734"}],"collection":[{"href":"https:\/\/www.forbiker.it\/index.php\/wp-json\/wp\/v2\/product"}],"about":[{"href":"https:\/\/www.forbiker.it\/index.php\/wp-json\/wp\/v2\/types\/product"}],"replies":[{"embeddable":true,"href":"https:\/\/www.forbiker.it\/index.php\/wp-json\/wp\/v2\/comments?post=226734"}],"wp:featuredmedia":[{"embeddable":true,"href":"https:\/\/www.forbiker.it\/index.php\/wp-json\/wp\/v2\/media\/232085"}],"wp:attachment":[{"href":"https:\/\/www.forbiker.it\/index.php\/wp-json\/wp\/v2\/media?parent=226734"}],"wp:term":[{"taxonomy":"product_cat","embeddable":true,"href":"https:\/\/www.forbiker.it\/index.php\/wp-json\/wp\/v2\/product_cat?post=226734"},{"taxonomy":"product_tag","embeddable":true,"href":"https:\/\/www.forbiker.it\/index.php\/wp-json\/wp\/v2\/product_tag?post=226734"},{"taxonomy":"giftcard-category","embeddable":true,"href":"https:\/\/www.forbiker.it\/index.php\/wp-json\/wp\/v2\/giftcard-category?post=226734"}],"curies":[{"name":"wp","href":"https:\/\/api.w.org\/{rel}","templated":true}]}}