{"id":226816,"date":"2021-11-02T19:00:52","date_gmt":"2021-11-02T18:00:52","guid":{"rendered":"https:\/\/www.forbiker.it\/?post_type=product&#038;p=226816"},"modified":"2026-03-02T07:54:21","modified_gmt":"2026-03-02T06:54:21","slug":"cube-ella-240","status":"publish","type":"product","link":"https:\/\/www.forbiker.it\/index.php\/produkt\/cube-ella-240\/","title":{"rendered":"CUBE ELLA 240"},"content":{"rendered":"<section class=\"mod mod-text-toggle bright-orange -background-secondary-color\" data-anchor=\"Bike details\" data-scroll-index=\"3\">\n<div class=\"row\" data-equalizer=\"\" data-equalize-by-row=\"true\">\n<div class=\"columns medium-offset-1 large-offset-2 small-12 medium-10 large-8\" data-equalizer-watch=\"\">\n<section class=\"mod mod-text-toggle -background-default-color h-spacing-bottom-inner h-spacing-top-inner\">\n<div class=\"row\">\n<div class=\"columns medium-offset-1 medium-10 large-7 large-centered\">\n<div class=\"text h-spacing-bottom-outer\">\n<section class=\"mod mod-text-toggle -background-default-color h-spacing-bottom-inner h-spacing-top-inner\">\n<div class=\"row\">\n<div class=\"columns medium-offset-1 medium-10 large-7 large-centered\">\n<div class=\"text h-spacing-bottom-outer\">\n<section class=\"mod mod-text-toggle -background-default-color h-spacing-bottom-inner h-spacing-top-inner\">\n<div class=\"row\">\n<div class=\"columns medium-offset-1 medium-10 large-7 large-centered\">\n<div class=\"text h-spacing-bottom-outer\">\n<p class=\"text-center e-font-family-cond\">F\u00fcr unseren Ella 240 Tiefeinsteiger haben wir dieselben hitzebehandelten Rohrs\u00e4tze aus 6061er Aluminium verwendet wie f\u00fcr viele unserer High Performance Erwachsenenmodelle &#8211; sie sind Highlights in Sachen geringes Gewicht, Robustheit und Langlebigkeit! Montagepunkte erlauben die Aus- und Aufr\u00fcstung mit Gep\u00e4cktr\u00e4ger und Schutzblechen und damit die Erweiterung zum vielseitigen Allrounder, der mit dem gesch\u00e4ftigen Familienalltag locker mithalten kann. Logisch, dass wir dem Rahmen ein sicheres, einfaches Handling gegeben haben. Und nat\u00fcrlich hat er unsere strengen hausinternen Testl\u00e4ufe mit Bravour gemeistert.<\/p>\n<p><b>K\u00f6rpergr\u00f6\u00dfe: 118 &#8211; 136 cm<\/b><br \/>\n<b>ab 7 Jahren<\/b><\/p>\n<\/div>\n<\/div>\n<\/div>\n<\/section>\n<section class=\"-background-default-color h-spacing-bottom-inner\" data-anchor=\"Ausstattung\" data-scroll-index=\"2\">\n<div class=\"row\">\n<div class=\"columns medium-offset-1 small-12 medium-10 large-5 small-up-margin-bottom--size-300\">\n<div class=\"mod mod-spec-table bike-specs\">\n<div class=\"specs-headline\"><\/div>\n<\/div>\n<\/div>\n<\/div>\n<\/section>\n<\/div>\n<\/div>\n<\/div>\n<\/section>\n<section class=\"-background-default-color h-spacing-bottom-inner\" data-anchor=\"Ausstattung\" data-scroll-index=\"2\">\n<div class=\"row\">\n<div class=\"columns medium-offset-1 small-12 medium-10 large-5 small-up-margin-bottom--size-300\">\n<div class=\"mod mod-spec-table bike-specs\">\n<div class=\"specs-headline\"><\/div>\n<\/div>\n<\/div>\n<\/div>\n<\/section>\n<\/div>\n<\/div>\n<\/div>\n<\/section>\n<section class=\"-background-default-color h-spacing-bottom-inner\" data-anchor=\"Ausstattung\" data-scroll-index=\"2\">\n<div class=\"row\">\n<div class=\"columns medium-offset-1 small-12 medium-10 large-5 small-up-margin-bottom--size-300\">\n<div class=\"mod mod-spec-table bike-specs\">\n<div class=\"specs-headline\"><\/div>\n<\/div>\n<\/div>\n<\/div>\n<\/section>\n<\/div>\n<\/div>\n<\/section>\n","protected":false},"excerpt":{"rendered":"<section class=\"mod mod-text-toggle -background-default-color h-spacing-bottom-inner h-spacing-top-inner\">\n<div class=\"row\">\n<div class=\"columns medium-offset-1 medium-10 large-7 large-centered\">\n<div class=\"text h-spacing-bottom-outer\">\n<section class=\"mod mod-text-toggle -background-default-color h-spacing-bottom-inner h-spacing-top-inner\">\n<div class=\"row\">\n<div class=\"columns medium-offset-1 medium-10 large-7 large-centered\">\n<div class=\"text h-spacing-bottom-outer\">\n<section class=\"mod mod-text-toggle -background-default-color h-spacing-bottom-inner h-spacing-top-inner\">\n<div class=\"row\">\n<div class=\"columns medium-offset-1 medium-10 large-7 large-centered\">\n<div class=\"text h-spacing-bottom-outer\">\n<p class=\"text-center e-font-family-cond\">F\u00fcr unseren Ella 240 Tiefeinsteiger haben wir dieselben hitzebehandelten Rohrs\u00e4tze aus 6061er Aluminium verwendet wie f\u00fcr viele unserer High Performance Erwachsenenmodelle.<\/p>\n<p><b>K\u00f6rpergr\u00f6\u00dfe: 118 &#8211; 136 cm<\/b><br \/>\n<b>ab 7 Jahren<\/b><\/p>\n<\/div>\n<\/div>\n<\/div>\n<\/section>\n<\/div>\n<\/div>\n<\/div>\n<\/section>\n<\/div>\n<\/div>\n<\/div>\n<\/section>\n","protected":false},"featured_media":226817,"comment_status":"open","ping_status":"closed","template":"","meta":{"_et_pb_use_builder":"","_et_pb_old_content":"","_et_gb_content_width":""},"product_cat":[165,20,29,40],"product_tag":[],"giftcard-category":[],"class_list":{"0":"post-226816","1":"product","2":"type-product","3":"status-publish","4":"has-post-thumbnail","6":"product_cat-angebote","7":"product_cat-bikes","8":"product_cat-kids","9":"product_cat-24-ab-7-jahre","11":"first","12":"instock","13":"sale","14":"taxable","15":"shipping-taxable","16":"purchasable","17":"product-type-simple"},"_links":{"self":[{"href":"https:\/\/www.forbiker.it\/index.php\/wp-json\/wp\/v2\/product\/226816"}],"collection":[{"href":"https:\/\/www.forbiker.it\/index.php\/wp-json\/wp\/v2\/product"}],"about":[{"href":"https:\/\/www.forbiker.it\/index.php\/wp-json\/wp\/v2\/types\/product"}],"replies":[{"embeddable":true,"href":"https:\/\/www.forbiker.it\/index.php\/wp-json\/wp\/v2\/comments?post=226816"}],"wp:featuredmedia":[{"embeddable":true,"href":"https:\/\/www.forbiker.it\/index.php\/wp-json\/wp\/v2\/media\/226817"}],"wp:attachment":[{"href":"https:\/\/www.forbiker.it\/index.php\/wp-json\/wp\/v2\/media?parent=226816"}],"wp:term":[{"taxonomy":"product_cat","embeddable":true,"href":"https:\/\/www.forbiker.it\/index.php\/wp-json\/wp\/v2\/product_cat?post=226816"},{"taxonomy":"product_tag","embeddable":true,"href":"https:\/\/www.forbiker.it\/index.php\/wp-json\/wp\/v2\/product_tag?post=226816"},{"taxonomy":"giftcard-category","embeddable":true,"href":"https:\/\/www.forbiker.it\/index.php\/wp-json\/wp\/v2\/giftcard-category?post=226816"}],"curies":[{"name":"wp","href":"https:\/\/api.w.org\/{rel}","templated":true}]}}