{"id":227061,"date":"2021-11-05T17:59:41","date_gmt":"2021-11-05T16:59:41","guid":{"rendered":"https:\/\/www.forbiker.it\/?post_type=product&#038;p=227061"},"modified":"2023-12-05T14:46:29","modified_gmt":"2023-12-05T13:46:29","slug":"cube-helm-evoy-hybrid-2","status":"publish","type":"product","link":"https:\/\/www.forbiker.it\/index.php\/produkt\/cube-helm-evoy-hybrid-2\/","title":{"rendered":"CUBE HELM EVOY HYBRID"},"content":{"rendered":"<section class=\"mod mod-acs-stage2 -background-acs-bright-grey h-double-spacing-top-inner \" data-uidtowatchlist=\"1415a\">\n<div class=\"row\">\n<div class=\"columns medium-5 large-4 small-12\">\n<div class=\"js-acs-fixed-scroll\">\n<div class=\"js-acs-fixed-scroll-content\">\n<section class=\"mod mod-acs-stage2 -background-acs-bright-grey h-double-spacing-top-inner \" data-uidtowatchlist=\"1344a\">\n<div class=\"row\">\n<div class=\"columns medium-5 large-4 small-12\">\n<div class=\"js-acs-fixed-scroll\">\n<div class=\"js-acs-fixed-scroll-content\">\n<section class=\"mod mod-acs-stage2 -background-acs-bright-grey h-double-spacing-top-inner \" data-uidtowatchlist=\"1346a\">\n<div class=\"row\">\n<div class=\"columns medium-5 large-4 small-12\">\n<div class=\"scrollmagic-pin-spacer\" data-scrollmagic-pin-spacer=\"\">\n<div class=\"js-acs-fixed-scroll\">\n<div class=\"js-acs-fixed-scroll-content\">\n<section class=\"mod mod-acs-stage2 -background-acs-bright-grey h-double-spacing-top-inner \" data-uidtowatchlist=\"2701a\">\n<div class=\"row\">\n<div class=\"columns medium-5 large-4 small-12\">\n<div class=\"js-acs-fixed-scroll\">\n<div class=\"js-acs-fixed-scroll-content\">\n<section class=\"mod mod-acs-stage2 -background-acs-bright-grey h-double-spacing-top-inner \" data-uidtowatchlist=\"1399a\">\n<div class=\"row\">\n<div class=\"columns medium-5 large-4 small-12\">\n<div class=\"js-acs-fixed-scroll\">\n<div class=\"js-acs-fixed-scroll-content\">\n<p class=\"acs-info-p acs-description-long\">Du willst nicht nur im Gel\u00e4nde oder im Stra\u00dfenrennen ganz Vorn mit dabei sein, sondern auch als Erster im dichten Stra\u00dfenjungel an der Ampel stehen \u2013 dann solltest du dir vielleicht den EVOY Hybrid etwas genauer ansehen. Eine hervorragende Bel\u00fcftung und Sicherheitselemente wie R\u00fccklicht und Reflektoren geh\u00f6ren zur Grundausstattung. Den \u00fcblichen Standard \u00fcbertrifft dieser Helm durch das integrierte MIPS-System, das wirkungsvoll deinen Kopf vor Rotationskr\u00e4ften sch\u00fctzt.<\/p>\n<\/div>\n<\/div>\n<\/div>\n<\/div>\n<\/section>\n<section class=\"pid3766\">\n<div class=\"mod mod-stage stage-background-position-top -background-secondary-color\" data-backgroundimage=\"\" data-greater-height=\"\">\n<div class=\"row h-spacing-bottom-inner h-spacing-top-inner\">\n<div class=\"columns medium-offset-4 medium-8 large-6 large-offset-6\">\n<div class=\"text text-center\"><\/div>\n<\/div>\n<\/div>\n<\/div>\n<\/section>\n<\/div>\n<\/div>\n<\/div>\n<\/div>\n<\/section>\n<section class=\"pid1413\">\n<div class=\"mod mod-stage stage-background-position-top -background-secondary-color\" data-backgroundimage=\"\" data-greater-height=\"\">\n<div class=\"row h-spacing-bottom-inner h-spacing-top-inner\">\n<div class=\"columns medium-offset-4 medium-8 large-6 large-offset-6\">\n<div class=\"text text-center\"><\/div>\n<\/div>\n<\/div>\n<\/div>\n<\/section>\n<\/div>\n<\/div>\n<\/div>\n<\/div>\n<\/div>\n<\/section>\n<section class=\"pid1576\">\n<div class=\"mod mod-stage stage-background-position-top -background-secondary-color\" data-backgroundimage=\"\" data-greater-height=\"\">\n<div class=\"row h-spacing-bottom-inner h-spacing-top-inner\">\n<div class=\"columns medium-offset-4 medium-8 large-6 large-offset-6\">\n<div class=\"text text-center\"><\/div>\n<\/div>\n<\/div>\n<\/div>\n<\/section>\n<\/div>\n<\/div>\n<\/div>\n<\/div>\n<\/section>\n<section class=\"pid1413\">\n<div class=\"mod mod-stage stage-background-position-top -background-secondary-color\" data-backgroundimage=\"\" data-greater-height=\"\">\n<div class=\"row h-spacing-bottom-inner h-spacing-top-inner\">\n<div class=\"columns medium-offset-4 medium-8 large-6 large-offset-6\">\n<div class=\"text text-center\"><\/div>\n<\/div>\n<\/div>\n<\/div>\n<\/section>\n<\/div>\n<\/div>\n<\/div>\n<\/div>\n<\/section>\n<section class=\"pid1413\">\n<div class=\"mod mod-stage stage-background-position-top -background-secondary-color\" data-backgroundimage=\"\" data-greater-height=\"\">\n<div class=\"row h-spacing-bottom-inner h-spacing-top-inner\">\n<div class=\"columns medium-offset-4 medium-8 large-6 large-offset-6\">\n<div class=\"text text-center\"><\/div>\n<\/div>\n<\/div>\n<\/div>\n<\/section>\n","protected":false},"excerpt":{"rendered":"<section class=\"mod mod-acs-stage2 -background-acs-bright-grey h-double-spacing-top-inner \" data-uidtowatchlist=\"1415a\">\n<div class=\"row\">\n<div class=\"columns medium-5 large-4 small-12\">\n<div class=\"js-acs-fixed-scroll\">\n<div class=\"js-acs-fixed-scroll-content\">\n<section class=\"mod mod-acs-stage2 -background-acs-bright-grey h-double-spacing-top-inner \" data-uidtowatchlist=\"1344a\">\n<div class=\"row\">\n<div class=\"columns medium-5 large-4 small-12\">\n<div class=\"js-acs-fixed-scroll\">\n<div class=\"js-acs-fixed-scroll-content\">\n<section class=\"mod mod-acs-stage2 -background-acs-bright-grey h-double-spacing-top-inner \" data-uidtowatchlist=\"1346a\">\n<div class=\"row\">\n<div class=\"columns medium-5 large-4 small-12\">\n<div class=\"scrollmagic-pin-spacer\" data-scrollmagic-pin-spacer=\"\">\n<div class=\"js-acs-fixed-scroll\">\n<div class=\"js-acs-fixed-scroll-content\">\n<section class=\"mod mod-acs-stage2 -background-acs-bright-grey h-double-spacing-top-inner \" data-uidtowatchlist=\"2701a\">\n<div class=\"row\">\n<div class=\"columns medium-5 large-4 small-12\">\n<div class=\"js-acs-fixed-scroll\">\n<div class=\"js-acs-fixed-scroll-content\">\n<section class=\"mod mod-acs-stage2 -background-acs-bright-grey h-double-spacing-top-inner \" data-uidtowatchlist=\"1399a\">\n<div class=\"row\">\n<div class=\"columns medium-5 large-4 small-12\">\n<div class=\"js-acs-fixed-scroll\">\n<div class=\"js-acs-fixed-scroll-content\">\n<section class=\"mod mod-acs-stage2 -background-acs-bright-grey h-double-spacing-top-inner \" data-uidtowatchlist=\"1399a\">\n<div class=\"row\">\n<div class=\"columns medium-5 large-4 small-12\">\n<div class=\"js-acs-fixed-scroll\">\n<div class=\"js-acs-fixed-scroll-content\">\n<p class=\"acs-info-p acs-description-long\">Du willst nicht nur im Gel\u00e4nde oder im Stra\u00dfenrennen ganz Vorn mit dabei sein, sondern auch als Erster im dichten Stra\u00dfenjungel an der Ampel stehen \u2013 dann solltest du dir vielleicht den EVOY Hybrid etwas genauer ansehen.<\/p>\n<\/div>\n<\/div>\n<\/div>\n<\/div>\n<\/section>\n<\/div>\n<\/div>\n<\/div>\n<\/div>\n<\/section>\n<\/div>\n<\/div>\n<\/div>\n<\/div>\n<\/section>\n<\/div>\n<\/div>\n<\/div>\n<\/div>\n<\/div>\n<\/section>\n<\/div>\n<\/div>\n<\/div>\n<\/div>\n<\/section>\n<\/div>\n<\/div>\n<\/div>\n<\/div>\n<\/section>\n","protected":false},"featured_media":227065,"comment_status":"open","ping_status":"closed","template":"","meta":{"_et_pb_use_builder":"","_et_pb_old_content":"","_et_gb_content_width":""},"product_cat":[23,57],"product_tag":[],"giftcard-category":[],"class_list":{"0":"post-227061","1":"product","2":"type-product","3":"status-publish","4":"has-post-thumbnail","6":"product_cat-gear","7":"product_cat-helme","9":"first","10":"instock","11":"taxable","12":"shipping-taxable","13":"purchasable","14":"product-type-variable"},"_links":{"self":[{"href":"https:\/\/www.forbiker.it\/index.php\/wp-json\/wp\/v2\/product\/227061"}],"collection":[{"href":"https:\/\/www.forbiker.it\/index.php\/wp-json\/wp\/v2\/product"}],"about":[{"href":"https:\/\/www.forbiker.it\/index.php\/wp-json\/wp\/v2\/types\/product"}],"replies":[{"embeddable":true,"href":"https:\/\/www.forbiker.it\/index.php\/wp-json\/wp\/v2\/comments?post=227061"}],"wp:featuredmedia":[{"embeddable":true,"href":"https:\/\/www.forbiker.it\/index.php\/wp-json\/wp\/v2\/media\/227065"}],"wp:attachment":[{"href":"https:\/\/www.forbiker.it\/index.php\/wp-json\/wp\/v2\/media?parent=227061"}],"wp:term":[{"taxonomy":"product_cat","embeddable":true,"href":"https:\/\/www.forbiker.it\/index.php\/wp-json\/wp\/v2\/product_cat?post=227061"},{"taxonomy":"product_tag","embeddable":true,"href":"https:\/\/www.forbiker.it\/index.php\/wp-json\/wp\/v2\/product_tag?post=227061"},{"taxonomy":"giftcard-category","embeddable":true,"href":"https:\/\/www.forbiker.it\/index.php\/wp-json\/wp\/v2\/giftcard-category?post=227061"}],"curies":[{"name":"wp","href":"https:\/\/api.w.org\/{rel}","templated":true}]}}