{"id":227632,"date":"2021-11-08T14:35:57","date_gmt":"2021-11-08T13:35:57","guid":{"rendered":"https:\/\/www.forbiker.it\/?post_type=product&#038;p=227632"},"modified":"2023-12-05T14:29:25","modified_gmt":"2023-12-05T13:29:25","slug":"cube-schuhe-gty-strix","status":"publish","type":"product","link":"https:\/\/www.forbiker.it\/index.php\/produkt\/cube-schuhe-gty-strix\/","title":{"rendered":"CUBE SCHUHE GTY STRIX"},"content":{"rendered":"<section class=\"mod mod-acs-stage2 -background-acs-bright-grey h-double-spacing-top-inner \" data-uidtowatchlist=\"1415a\">\n<div class=\"row\">\n<div class=\"columns medium-5 large-4 small-12\">\n<div class=\"js-acs-fixed-scroll\">\n<div class=\"js-acs-fixed-scroll-content\">\n<section class=\"mod mod-acs-stage2 -background-acs-bright-grey h-double-spacing-top-inner \" data-uidtowatchlist=\"1344a\">\n<div class=\"row\">\n<div class=\"columns medium-5 large-4 small-12\">\n<div class=\"js-acs-fixed-scroll\">\n<div class=\"js-acs-fixed-scroll-content\">\n<section class=\"mod mod-acs-stage2 -background-acs-bright-grey h-double-spacing-top-inner \" data-uidtowatchlist=\"1346a\">\n<div class=\"row\">\n<div class=\"columns medium-5 large-4 small-12\">\n<div class=\"scrollmagic-pin-spacer\" data-scrollmagic-pin-spacer=\"\">\n<div class=\"js-acs-fixed-scroll\">\n<div class=\"js-acs-fixed-scroll-content\">\n<section class=\"mod mod-acs-stage2 -background-acs-bright-grey h-double-spacing-top-inner \" data-uidtowatchlist=\"3009a\">\n<div class=\"row\">\n<div class=\"columns medium-5 large-4 small-12\">\n<div class=\"js-acs-fixed-scroll\">\n<div class=\"js-acs-fixed-scroll-content\">\n<section class=\"mod mod-acs-stage2 -background-acs-bright-grey h-double-spacing-top-inner \" data-uidtowatchlist=\"3004a\">\n<div class=\"row\">\n<div class=\"columns medium-5 large-4 small-12\">\n<div class=\"js-acs-fixed-scroll\">\n<div class=\"js-acs-fixed-scroll-content\">\n<section class=\"mod mod-acs-stage2 -background-acs-bright-grey h-double-spacing-top-inner \" data-uidtowatchlist=\"1361a\">\n<div class=\"row\">\n<div class=\"columns medium-5 large-4 small-12\">\n<div class=\"js-acs-fixed-scroll\">\n<div class=\"js-acs-fixed-scroll-content\">\n<section class=\"mod mod-acs-stage2 -background-acs-bright-grey h-double-spacing-top-inner \" data-uidtowatchlist=\"3016a\">\n<div class=\"row\">\n<div class=\"columns medium-5 large-4 small-12\">\n<div class=\"js-acs-fixed-scroll\">\n<div class=\"js-acs-fixed-scroll-content\">\n<section class=\"mod mod-acs-stage2 -background-acs-bright-grey h-double-spacing-top-inner \" data-uidtowatchlist=\"1431a\">\n<div class=\"row\">\n<div class=\"columns medium-5 large-4 small-12\">\n<div class=\"js-acs-fixed-scroll\">\n<div class=\"js-acs-fixed-scroll-content\">\n<section class=\"mod mod-acs-stage2 -background-acs-bright-grey h-double-spacing-top-inner \" data-uidtowatchlist=\"1372a\">\n<div class=\"row\">\n<div class=\"columns medium-5 large-4 small-12\">\n<div class=\"js-acs-fixed-scroll\">\n<div class=\"js-acs-fixed-scroll-content\">\n<section class=\"mod mod-acs-stage2 -background-acs-bright-grey h-double-spacing-top-inner \" data-uidtowatchlist=\"1421a\">\n<div class=\"row\">\n<div class=\"columns medium-5 large-4 small-12\">\n<div class=\"js-acs-fixed-scroll\">\n<div class=\"js-acs-fixed-scroll-content\">\n<section class=\"mod mod-acs-stage2 -background-acs-bright-grey h-double-spacing-top-inner \" data-uidtowatchlist=\"3025a\">\n<div class=\"row\">\n<div class=\"columns medium-5 large-4 small-12\">\n<div class=\"js-acs-fixed-scroll\">\n<div class=\"js-acs-fixed-scroll-content\">\n<section class=\"mod mod-acs-stage2 -background-acs-bright-grey h-double-spacing-top-inner \" data-uidtowatchlist=\"3025a\">\n<div class=\"row\">\n<div class=\"columns medium-5 large-4 small-12\">\n<div class=\"js-acs-fixed-scroll\">\n<div class=\"js-acs-fixed-scroll-content\">\n<section class=\"mod mod-acs-stage2 -background-acs-bright-grey h-double-spacing-top-inner \" data-uidtowatchlist=\"3024a\">\n<div class=\"row\">\n<div class=\"columns medium-5 large-4 small-12\">\n<div class=\"js-acs-fixed-scroll\">\n<div class=\"js-acs-fixed-scroll-content\">\n<section class=\"mod mod-acs-stage2 -background-acs-bright-grey h-double-spacing-top-inner \" data-uidtowatchlist=\"3023a\">\n<div class=\"row\">\n<div class=\"columns medium-5 large-4 small-12\">\n<div class=\"js-acs-fixed-scroll\">\n<div class=\"js-acs-fixed-scroll-content\">\n<section class=\"mod mod-acs-stage2 -background-acs-bright-grey h-double-spacing-top-inner \" data-uidtowatchlist=\"3022a\">\n<div class=\"row\">\n<div class=\"columns medium-5 large-4 small-12\">\n<div class=\"js-acs-fixed-scroll\">\n<div class=\"js-acs-fixed-scroll-content\">\n<section class=\"mod mod-acs-stage2 -background-acs-bright-grey h-double-spacing-top-inner \" data-uidtowatchlist=\"3020a\">\n<div class=\"row\">\n<div class=\"columns medium-5 large-4 small-12\">\n<div class=\"js-acs-fixed-scroll\">\n<div class=\"js-acs-fixed-scroll-content\">\n<section class=\"mod mod-acs-stage2 -background-acs-bright-grey h-double-spacing-top-inner \" data-uidtowatchlist=\"3021a\">\n<div class=\"row\">\n<div class=\"columns medium-5 large-4 small-12\">\n<div class=\"js-acs-fixed-scroll\">\n<div class=\"js-acs-fixed-scroll-content\">\n<section class=\"mod mod-acs-stage2 -background-acs-bright-grey h-double-spacing-top-inner \" data-uidtowatchlist=\"3027a\">\n<div class=\"row\">\n<div class=\"columns medium-5 large-4 small-12\">\n<div class=\"js-acs-fixed-scroll\">\n<div class=\"js-acs-fixed-scroll-content\">\n<p class=\"acs-info-p acs-description-long\">Du willst beste Traktion und Performance? Kein Problem, deine GTY Strix geben dir bei technischen Singletrails, ausdauernde Enduro-Passagen oder dem Road Gap auf der Downhill-Strecke immer besten Halt. Das patentierte Schlie\u00dfsystem fixiert den GTY STRIX noch besser am Fu\u00df und ist dabei absolut unauff\u00e4llig. Sein gestricktes Material passt sich deiner Fu\u00dfform optimal an und bietet optimale Bel\u00fcftung. Der h\u00f6here Kn\u00f6chelbereich sch\u00fctzt vor Steinen, kleinen \u00c4sten und was sonst in deinen Schuh kommen kann w\u00e4hrend anspruchsvollen Ausfahrten.<\/p>\n<\/div>\n<\/div>\n<\/div>\n<\/div>\n<\/section>\n<section class=\"pid3062\">\n<div class=\"mod mod-stage stage-background-position-top -background-secondary-color\" data-backgroundimage=\"\" data-greater-height=\"\">\n<div class=\"row h-spacing-bottom-inner h-spacing-top-inner\">\n<div class=\"columns medium-offset-4 medium-8 large-6 large-offset-6\">\n<div class=\"text text-center\"><\/div>\n<\/div>\n<\/div>\n<\/div>\n<\/section>\n<\/div>\n<\/div>\n<\/div>\n<\/div>\n<\/section>\n<section class=\"pid3071\">\n<div class=\"mod mod-stage stage-background-position-top -background-secondary-color\" data-backgroundimage=\"\" data-greater-height=\"\">\n<div class=\"row h-spacing-bottom-inner h-spacing-top-inner\">\n<div class=\"columns medium-offset-4 medium-8 large-6 large-offset-6\">\n<div class=\"text text-center\"><\/div>\n<\/div>\n<\/div>\n<\/div>\n<\/section>\n<\/div>\n<\/div>\n<\/div>\n<\/div>\n<\/section>\n<section class=\"pid3071\">\n<div class=\"mod mod-stage stage-background-position-top -background-secondary-color\" data-backgroundimage=\"\" data-greater-height=\"\">\n<div class=\"row h-spacing-bottom-inner h-spacing-top-inner\">\n<div class=\"columns medium-offset-4 medium-8 large-6 large-offset-6\">\n<div class=\"text text-center\"><\/div>\n<\/div>\n<\/div>\n<\/div>\n<\/section>\n<\/div>\n<\/div>\n<\/div>\n<\/div>\n<\/section>\n<section class=\"pid6318\">\n<div class=\"mod mod-stage stage-background-position-top -background-secondary-color\" data-backgroundimage=\"\" data-greater-height=\"\">\n<div class=\"row h-spacing-bottom-inner h-spacing-top-inner\">\n<div class=\"columns medium-offset-4 medium-8 large-6 large-offset-6\">\n<div class=\"text text-center\"><\/div>\n<\/div>\n<\/div>\n<\/div>\n<\/section>\n<\/div>\n<\/div>\n<\/div>\n<\/div>\n<\/section>\n<\/div>\n<\/div>\n<\/div>\n<\/div>\n<\/section>\n<\/div>\n<\/div>\n<\/div>\n<\/div>\n<\/section>\n<section class=\"pid6317\">\n<div class=\"mod mod-stage stage-background-position-top -background-secondary-color\" data-backgroundimage=\"\" data-greater-height=\"\">\n<div class=\"row h-spacing-bottom-inner h-spacing-top-inner\">\n<div class=\"columns medium-offset-4 medium-8 large-6 large-offset-6\">\n<div class=\"text text-center\"><\/div>\n<\/div>\n<\/div>\n<\/div>\n<\/section>\n<\/div>\n<\/div>\n<\/div>\n<\/div>\n<\/section>\n<\/div>\n<\/div>\n<\/div>\n<\/div>\n<\/section>\n<\/div>\n<\/div>\n<\/div>\n<\/div>\n<\/section>\n<\/div>\n<\/div>\n<\/div>\n<\/div>\n<\/section>\n<\/div>\n<\/div>\n<\/div>\n<\/div>\n<\/section>\n<\/div>\n<\/div>\n<\/div>\n<\/div>\n<\/section>\n<\/div>\n<\/div>\n<\/div>\n<\/div>\n<\/section>\n<\/div>\n<\/div>\n<\/div>\n<\/div>\n<\/section>\n<\/div>\n<\/div>\n<\/div>\n<\/div>\n<\/div>\n<\/section>\n<\/div>\n<\/div>\n<\/div>\n<\/div>\n<\/section>\n<\/div>\n<\/div>\n<\/div>\n<\/div>\n<\/section>\n","protected":false},"excerpt":{"rendered":"<section class=\"mod mod-acs-stage2 -background-acs-bright-grey h-double-spacing-top-inner \" data-uidtowatchlist=\"1415a\">\n<div class=\"row\">\n<div class=\"columns medium-5 large-4 small-12\">\n<div class=\"js-acs-fixed-scroll\">\n<div class=\"js-acs-fixed-scroll-content\">\n<section class=\"mod mod-acs-stage2 -background-acs-bright-grey h-double-spacing-top-inner \" data-uidtowatchlist=\"1344a\">\n<div class=\"row\">\n<div class=\"columns medium-5 large-4 small-12\">\n<div class=\"js-acs-fixed-scroll\">\n<div class=\"js-acs-fixed-scroll-content\">\n<section class=\"mod mod-acs-stage2 -background-acs-bright-grey h-double-spacing-top-inner \" data-uidtowatchlist=\"1346a\">\n<div class=\"row\">\n<div class=\"columns medium-5 large-4 small-12\">\n<div class=\"scrollmagic-pin-spacer\" data-scrollmagic-pin-spacer=\"\">\n<div class=\"js-acs-fixed-scroll\">\n<div class=\"js-acs-fixed-scroll-content\">\n<section class=\"mod mod-acs-stage2 -background-acs-bright-grey h-double-spacing-top-inner \" data-uidtowatchlist=\"3009a\">\n<div class=\"row\">\n<div class=\"columns medium-5 large-4 small-12\">\n<div class=\"js-acs-fixed-scroll\">\n<div class=\"js-acs-fixed-scroll-content\">\n<section class=\"mod mod-acs-stage2 -background-acs-bright-grey h-double-spacing-top-inner \" data-uidtowatchlist=\"3004a\">\n<div class=\"row\">\n<div class=\"columns medium-5 large-4 small-12\">\n<div class=\"js-acs-fixed-scroll\">\n<div class=\"js-acs-fixed-scroll-content\">\n<section class=\"mod mod-acs-stage2 -background-acs-bright-grey h-double-spacing-top-inner \" data-uidtowatchlist=\"1361a\">\n<div class=\"row\">\n<div class=\"columns medium-5 large-4 small-12\">\n<div class=\"js-acs-fixed-scroll\">\n<div class=\"js-acs-fixed-scroll-content\">\n<section class=\"mod mod-acs-stage2 -background-acs-bright-grey h-double-spacing-top-inner \" data-uidtowatchlist=\"3016a\">\n<div class=\"row\">\n<div class=\"columns medium-5 large-4 small-12\">\n<div class=\"js-acs-fixed-scroll\">\n<div class=\"js-acs-fixed-scroll-content\">\n<section class=\"mod mod-acs-stage2 -background-acs-bright-grey h-double-spacing-top-inner \" data-uidtowatchlist=\"1431a\">\n<div class=\"row\">\n<div class=\"columns medium-5 large-4 small-12\">\n<div class=\"js-acs-fixed-scroll\">\n<div class=\"js-acs-fixed-scroll-content\">\n<section class=\"mod mod-acs-stage2 -background-acs-bright-grey h-double-spacing-top-inner \" data-uidtowatchlist=\"1372a\">\n<div class=\"row\">\n<div class=\"columns medium-5 large-4 small-12\">\n<div class=\"js-acs-fixed-scroll\">\n<div class=\"js-acs-fixed-scroll-content\">\n<section class=\"mod mod-acs-stage2 -background-acs-bright-grey h-double-spacing-top-inner \" data-uidtowatchlist=\"1372a\">\n<div class=\"row\">\n<div class=\"columns medium-5 large-4 small-12\">\n<div class=\"js-acs-fixed-scroll\">\n<div class=\"js-acs-fixed-scroll-content\">\n<section class=\"mod mod-acs-stage2 -background-acs-bright-grey h-double-spacing-top-inner \" data-uidtowatchlist=\"1421a\">\n<div class=\"row\">\n<div class=\"columns medium-5 large-4 small-12\">\n<div class=\"js-acs-fixed-scroll\">\n<div class=\"js-acs-fixed-scroll-content\">\n<section class=\"mod mod-acs-stage2 -background-acs-bright-grey h-double-spacing-top-inner \" data-uidtowatchlist=\"3025a\">\n<div class=\"row\">\n<div class=\"columns medium-5 large-4 small-12\">\n<div class=\"js-acs-fixed-scroll\">\n<div class=\"js-acs-fixed-scroll-content\">\n<section class=\"mod mod-acs-stage2 -background-acs-bright-grey h-double-spacing-top-inner \" data-uidtowatchlist=\"3024a\">\n<div class=\"row\">\n<div class=\"columns medium-5 large-4 small-12\">\n<div class=\"js-acs-fixed-scroll\">\n<div class=\"js-acs-fixed-scroll-content\">\n<section class=\"mod mod-acs-stage2 -background-acs-bright-grey h-double-spacing-top-inner \" data-uidtowatchlist=\"3023a\">\n<div class=\"row\">\n<div class=\"columns medium-5 large-4 small-12\">\n<div class=\"js-acs-fixed-scroll\">\n<div class=\"js-acs-fixed-scroll-content\">\n<section class=\"mod mod-acs-stage2 -background-acs-bright-grey h-double-spacing-top-inner \" data-uidtowatchlist=\"3022a\">\n<div class=\"row\">\n<div class=\"columns medium-5 large-4 small-12\">\n<div class=\"js-acs-fixed-scroll\">\n<div class=\"js-acs-fixed-scroll-content\">\n<section class=\"mod mod-acs-stage2 -background-acs-bright-grey h-double-spacing-top-inner \" data-uidtowatchlist=\"3020a\">\n<div class=\"row\">\n<div class=\"columns medium-5 large-4 small-12\">\n<div class=\"js-acs-fixed-scroll\">\n<div class=\"js-acs-fixed-scroll-content\">\n<section class=\"mod mod-acs-stage2 -background-acs-bright-grey h-double-spacing-top-inner \" data-uidtowatchlist=\"3021a\">\n<div class=\"row\">\n<div class=\"columns medium-5 large-4 small-12\">\n<div class=\"js-acs-fixed-scroll\">\n<div class=\"js-acs-fixed-scroll-content\">\n<section class=\"mod mod-acs-stage2 -background-acs-bright-grey h-double-spacing-top-inner \" data-uidtowatchlist=\"3027a\">\n<div class=\"row\">\n<div class=\"columns medium-5 large-4 small-12\">\n<div class=\"js-acs-fixed-scroll\">\n<div class=\"js-acs-fixed-scroll-content\">\n<p class=\"acs-info-p acs-description-long\">Du willst beste Traktion und Performance?<\/p>\n<\/div>\n<\/div>\n<\/div>\n<\/div>\n<\/section>\n<\/div>\n<\/div>\n<\/div>\n<\/div>\n<\/section>\n<\/div>\n<\/div>\n<\/div>\n<\/div>\n<\/section>\n<\/div>\n<\/div>\n<\/div>\n<\/div>\n<\/section>\n<section class=\"pid6318\">\n<div class=\"mod mod-stage stage-background-position-top -background-secondary-color\" data-backgroundimage=\"\" data-greater-height=\"\">\n<div class=\"row h-spacing-bottom-inner h-spacing-top-inner\">\n<div class=\"columns medium-offset-4 medium-8 large-6 large-offset-6\">\n<div class=\"text text-center\"><\/div>\n<\/div>\n<\/div>\n<\/div>\n<\/section>\n<\/div>\n<\/div>\n<\/div>\n<\/div>\n<\/section>\n<\/div>\n<\/div>\n<\/div>\n<\/div>\n<\/section>\n<\/div>\n<\/div>\n<\/div>\n<\/div>\n<\/section>\n<section class=\"pid6317\">\n<div class=\"mod mod-stage stage-background-position-top -background-secondary-color\" data-backgroundimage=\"\" data-greater-height=\"\">\n<div class=\"row h-spacing-bottom-inner h-spacing-top-inner\">\n<div class=\"columns medium-offset-4 medium-8 large-6 large-offset-6\">\n<div class=\"text text-center\"><\/div>\n<\/div>\n<\/div>\n<\/div>\n<\/section>\n<\/div>\n<\/div>\n<\/div>\n<\/div>\n<\/section>\n<\/div>\n<\/div>\n<\/div>\n<\/div>\n<\/section>\n<\/div>\n<\/div>\n<\/div>\n<\/div>\n<\/section>\n<\/div>\n<\/div>\n<\/div>\n<\/div>\n<\/section>\n<\/div>\n<\/div>\n<\/div>\n<\/div>\n<\/section>\n<\/div>\n<\/div>\n<\/div>\n<\/div>\n<\/section>\n<\/div>\n<\/div>\n<\/div>\n<\/div>\n<\/section>\n<\/div>\n<\/div>\n<\/div>\n<\/div>\n<\/section>\n<\/div>\n<\/div>\n<\/div>\n<\/div>\n<\/div>\n<\/section>\n<\/div>\n<\/div>\n<\/div>\n<\/div>\n<\/section>\n<\/div>\n<\/div>\n<\/div>\n<\/div>\n<\/section>\n","protected":false},"featured_media":227646,"comment_status":"open","ping_status":"closed","template":"","meta":{"_et_pb_use_builder":"","_et_pb_old_content":"","_et_gb_content_width":""},"product_cat":[23,59,124],"product_tag":[],"giftcard-category":[],"class_list":{"0":"post-227632","1":"product","2":"type-product","3":"status-publish","4":"has-post-thumbnail","6":"product_cat-gear","7":"product_cat-schuhe","8":"product_cat-gravity-schuhe","10":"first","11":"instock","12":"taxable","13":"shipping-taxable","14":"purchasable","15":"product-type-variable"},"_links":{"self":[{"href":"https:\/\/www.forbiker.it\/index.php\/wp-json\/wp\/v2\/product\/227632"}],"collection":[{"href":"https:\/\/www.forbiker.it\/index.php\/wp-json\/wp\/v2\/product"}],"about":[{"href":"https:\/\/www.forbiker.it\/index.php\/wp-json\/wp\/v2\/types\/product"}],"replies":[{"embeddable":true,"href":"https:\/\/www.forbiker.it\/index.php\/wp-json\/wp\/v2\/comments?post=227632"}],"wp:featuredmedia":[{"embeddable":true,"href":"https:\/\/www.forbiker.it\/index.php\/wp-json\/wp\/v2\/media\/227646"}],"wp:attachment":[{"href":"https:\/\/www.forbiker.it\/index.php\/wp-json\/wp\/v2\/media?parent=227632"}],"wp:term":[{"taxonomy":"product_cat","embeddable":true,"href":"https:\/\/www.forbiker.it\/index.php\/wp-json\/wp\/v2\/product_cat?post=227632"},{"taxonomy":"product_tag","embeddable":true,"href":"https:\/\/www.forbiker.it\/index.php\/wp-json\/wp\/v2\/product_tag?post=227632"},{"taxonomy":"giftcard-category","embeddable":true,"href":"https:\/\/www.forbiker.it\/index.php\/wp-json\/wp\/v2\/giftcard-category?post=227632"}],"curies":[{"name":"wp","href":"https:\/\/api.w.org\/{rel}","templated":true}]}}