{"id":227885,"date":"2021-11-30T10:50:01","date_gmt":"2021-11-30T09:50:01","guid":{"rendered":"https:\/\/www.forbiker.it\/?post_type=product&#038;p=227885"},"modified":"2025-10-09T14:09:28","modified_gmt":"2025-10-09T12:09:28","slug":"wahoo-kickr-bike","status":"publish","type":"product","link":"https:\/\/www.forbiker.it\/index.php\/produkt\/wahoo-kickr-bike\/","title":{"rendered":"WAHOO BIKE PRO SMART BIKE"},"content":{"rendered":"<section class=\"mod mod-acs-stage2 -background-acs-bright-grey h-double-spacing-top-inner \" data-uidtowatchlist=\"1415a\">\n<div class=\"row\">\n<div class=\"columns medium-5 large-4 small-12\">\n<div class=\"js-acs-fixed-scroll\">\n<div class=\"js-acs-fixed-scroll-content\">\n<section class=\"mod mod-acs-stage2 -background-acs-bright-grey h-double-spacing-top-inner \" data-uidtowatchlist=\"1344a\">\n<div class=\"row\">\n<div class=\"columns medium-5 large-4 small-12\">\n<div class=\"js-acs-fixed-scroll\">\n<div class=\"js-acs-fixed-scroll-content\">\n<section class=\"mod mod-acs-stage2 -background-acs-bright-grey h-double-spacing-top-inner \" data-uidtowatchlist=\"1346a\">\n<div class=\"row\">\n<div class=\"columns medium-5 large-4 small-12\">\n<div class=\"scrollmagic-pin-spacer\" data-scrollmagic-pin-spacer=\"\">\n<div class=\"js-acs-fixed-scroll\">\n<div class=\"js-acs-fixed-scroll-content\">\n<section class=\"mod mod-acs-stage2 -background-acs-bright-grey h-double-spacing-top-inner \" data-uidtowatchlist=\"3009a\">\n<div class=\"row\">\n<div class=\"columns medium-5 large-4 small-12\">\n<div class=\"js-acs-fixed-scroll\">\n<div class=\"js-acs-fixed-scroll-content\">\n<section class=\"mod mod-acs-stage2 -background-acs-bright-grey h-double-spacing-top-inner \" data-uidtowatchlist=\"3004a\">\n<div class=\"row\">\n<div class=\"columns medium-5 large-4 small-12\">\n<div class=\"js-acs-fixed-scroll\">\n<div class=\"js-acs-fixed-scroll-content\">\n<section class=\"mod mod-acs-stage2 -background-acs-bright-grey h-double-spacing-top-inner \" data-uidtowatchlist=\"1361a\">\n<div class=\"row\">\n<div class=\"columns medium-5 large-4 small-12\">\n<div class=\"js-acs-fixed-scroll\">\n<div class=\"js-acs-fixed-scroll-content\">\n<section class=\"mod mod-acs-stage2 -background-acs-bright-grey h-double-spacing-top-inner \" data-uidtowatchlist=\"3016a\">\n<div class=\"row\">\n<div class=\"columns medium-5 large-4 small-12\">\n<div class=\"js-acs-fixed-scroll\">\n<div class=\"js-acs-fixed-scroll-content\">\n<section class=\"mod mod-acs-stage2 -background-acs-bright-grey h-double-spacing-top-inner \" data-uidtowatchlist=\"1431a\">\n<div class=\"row\">\n<div class=\"columns medium-5 large-4 small-12\">\n<div class=\"js-acs-fixed-scroll\">\n<div class=\"js-acs-fixed-scroll-content\">\n<section class=\"mod mod-acs-stage2 -background-acs-bright-grey h-double-spacing-top-inner \" data-uidtowatchlist=\"1372a\">\n<div class=\"row\">\n<div class=\"columns medium-5 large-4 small-12\">\n<div class=\"js-acs-fixed-scroll\">\n<div class=\"js-acs-fixed-scroll-content\">\n<section class=\"mod mod-acs-stage2 -background-acs-bright-grey h-double-spacing-top-inner \" data-uidtowatchlist=\"1421a\">\n<div class=\"row\">\n<div class=\"columns medium-5 large-4 small-12\">\n<div class=\"js-acs-fixed-scroll\">\n<div class=\"js-acs-fixed-scroll-content\">\n<section class=\"mod mod-acs-stage2 -background-acs-bright-grey h-double-spacing-top-inner \" data-uidtowatchlist=\"3025a\">\n<div class=\"row\">\n<div class=\"columns medium-5 large-4 small-12\">\n<div class=\"js-acs-fixed-scroll\">\n<div class=\"js-acs-fixed-scroll-content\">\n<section class=\"mod mod-acs-stage2 -background-acs-bright-grey h-double-spacing-top-inner \" data-uidtowatchlist=\"3025a\">\n<div class=\"row\">\n<div class=\"columns medium-5 large-4 small-12\">\n<div class=\"js-acs-fixed-scroll\">\n<div class=\"js-acs-fixed-scroll-content\">\n<section class=\"mod mod-acs-stage2 -background-acs-bright-grey h-double-spacing-top-inner \" data-uidtowatchlist=\"3024a\">\n<div class=\"row\">\n<div class=\"columns medium-5 large-4 small-12\">\n<div class=\"js-acs-fixed-scroll\">\n<div class=\"js-acs-fixed-scroll-content\">\n<section class=\"mod mod-acs-stage2 -background-acs-bright-grey h-double-spacing-top-inner \" data-uidtowatchlist=\"3023a\">\n<div class=\"row\">\n<div class=\"columns medium-5 large-4 small-12\">\n<div class=\"js-acs-fixed-scroll\">\n<div class=\"js-acs-fixed-scroll-content\">\n<section class=\"mod mod-acs-stage2 -background-acs-bright-grey h-double-spacing-top-inner \" data-uidtowatchlist=\"3022a\">\n<div class=\"row\">\n<div class=\"columns medium-5 large-4 small-12\">\n<div class=\"js-acs-fixed-scroll\">\n<div class=\"js-acs-fixed-scroll-content\">\n<section class=\"mod mod-acs-stage2 -background-acs-bright-grey h-double-spacing-top-inner \" data-uidtowatchlist=\"3020a\">\n<div class=\"row\">\n<div class=\"columns medium-5 large-4 small-12\">\n<div class=\"js-acs-fixed-scroll\">\n<div class=\"js-acs-fixed-scroll-content\">\n<section class=\"mod mod-acs-stage2 -background-acs-bright-grey h-double-spacing-top-inner \" data-uidtowatchlist=\"3021a\">\n<div class=\"row\">\n<div class=\"columns medium-5 large-4 small-12\">\n<div class=\"js-acs-fixed-scroll\">\n<div class=\"js-acs-fixed-scroll-content\">\n<section class=\"mod mod-acs-stage2 -background-acs-bright-grey h-double-spacing-top-inner \" data-uidtowatchlist=\"3027a\">\n<div class=\"row\">\n<div class=\"columns medium-5 large-4 small-12\">\n<div class=\"js-acs-fixed-scroll\">\n<div class=\"js-acs-fixed-scroll-content\">\n<section class=\"mod mod-acs-stage2 -background-acs-bright-grey h-double-spacing-top-inner \" data-uidtowatchlist=\"3026a\">\n<div class=\"row\">\n<div class=\"columns medium-5 large-4 small-12\">\n<div class=\"js-acs-fixed-scroll\">\n<div class=\"js-acs-fixed-scroll-content\">\n<section class=\"mod mod-acs-stage2 -background-acs-bright-grey h-double-spacing-top-inner \" data-uidtowatchlist=\"662a\">\n<div class=\"row\">\n<div class=\"columns medium-5 large-4 small-12\">\n<div class=\"js-acs-fixed-scroll\">\n<div class=\"js-acs-fixed-scroll-content\">\n<section class=\"mod mod-acs-stage2 -background-acs-bright-grey h-double-spacing-top-inner \" data-uidtowatchlist=\"664a\">\n<div class=\"row\">\n<div class=\"columns medium-5 large-4 small-12\">\n<div class=\"js-acs-fixed-scroll\">\n<div class=\"js-acs-fixed-scroll-content\">\n<section class=\"mod mod-acs-stage2 -background-acs-bright-grey h-double-spacing-top-inner \" data-uidtowatchlist=\"681a\">\n<div class=\"row\">\n<div class=\"columns medium-5 large-4 small-12\">\n<div class=\"js-acs-fixed-scroll\">\n<div class=\"js-acs-fixed-scroll-content\">\n<section class=\"mod mod-acs-stage2 -background-acs-bright-grey h-double-spacing-top-inner \" data-uidtowatchlist=\"669a\">\n<div class=\"row\">\n<div class=\"columns medium-5 large-4 small-12\">\n<div class=\"js-acs-fixed-scroll\">\n<div class=\"js-acs-fixed-scroll-content\">\n<section class=\"mod mod-acs-stage2 -background-acs-bright-grey h-double-spacing-top-inner \" data-uidtowatchlist=\"682a\">\n<div class=\"row\">\n<div class=\"columns medium-5 large-4 small-12\">\n<div class=\"js-acs-fixed-scroll\">\n<div class=\"js-acs-fixed-scroll-content\">\n<section class=\"mod mod-acs-stage2 -background-acs-bright-grey h-double-spacing-top-inner \" data-uidtowatchlist=\"1173a\">\n<div class=\"row\">\n<div class=\"columns medium-5 large-4 small-12\">\n<div class=\"js-acs-fixed-scroll\">\n<div class=\"js-acs-fixed-scroll-content\">\n<section class=\"mod mod-acs-stage2 -background-acs-bright-grey h-double-spacing-top-inner \" data-uidtowatchlist=\"2023a\">\n<div class=\"row\">\n<div class=\"columns medium-5 large-4 small-12\">\n<div class=\"js-acs-fixed-scroll\">\n<div class=\"js-acs-fixed-scroll-content\">\n<section class=\"mod mod-acs-stage2 -background-acs-bright-grey h-double-spacing-top-inner \" data-uidtowatchlist=\"2687a\">\n<div class=\"row\">\n<div class=\"columns medium-5 large-4 small-12\">\n<div class=\"js-acs-fixed-scroll\">\n<div class=\"js-acs-fixed-scroll-content\">\n<section class=\"mod mod-acs-stage2 -background-acs-bright-grey h-double-spacing-top-inner \" data-uidtowatchlist=\"2011a\">\n<div class=\"row\">\n<div class=\"columns medium-5 large-4 small-12\">\n<div class=\"js-acs-fixed-scroll\">\n<div class=\"js-acs-fixed-scroll-content\">\n<section class=\"mod mod-acs-stage2 -background-acs-bright-grey h-double-spacing-top-inner \" data-uidtowatchlist=\"2681a\">\n<div class=\"row\">\n<div class=\"columns medium-5 large-4 small-12\">\n<div class=\"js-acs-fixed-scroll\">\n<div class=\"js-acs-fixed-scroll-content\">\n<section class=\"mod mod-acs-stage2 -background-acs-bright-grey h-double-spacing-top-inner \" data-uidtowatchlist=\"1214a\">\n<div class=\"row\">\n<div class=\"columns medium-5 large-4 small-12\">\n<div class=\"js-acs-fixed-scroll\">\n<div class=\"js-acs-fixed-scroll-content\">\n<div class=\"o-grid__col o-grid__col--12@phone o-grid__col--12@tablet o-grid__col--6@tablet-up\">\n<p>Das Wahoo KICKR Bike ist ein leistungsstarker und umfassender Smart-Trainer, der ein echtes Fahrraderlebnis bequem von zu Hause aus bietet. Es ist kompatibel mit modernen Konnektivit\u00e4tstechnologien, Ihren Lieblings-Fahrrad-Apps und erm\u00f6glicht es Ihnen, mit h\u00f6chster Leistung und Komfort zu trainieren, ohne Ihr Fahrrad am Trainer befestigen zu m\u00fcssen. Au\u00dferdem repliziert es Steigungen von bis zu 20 %, hat eine Leistung von bis zu 2500 Watt und ist ohne Kalibrierung sofort einsatzbereit f\u00fcr hochintensives Training.<\/p>\n<div style=\"width: 1080px;\" class=\"wp-video\"><!--[if lt IE 9]><script>document.createElement('video');<\/script><![endif]-->\n<video class=\"wp-video-shortcode\" id=\"video-227885-1\" width=\"1080\" height=\"608\" preload=\"metadata\" controls=\"controls\"><source type=\"video\/mp4\" src=\"https:\/\/www.forbiker.it\/wp-content\/uploads\/2021\/11\/kickr_bike_pro.mp4?_=1\" \/><a href=\"https:\/\/www.forbiker.it\/wp-content\/uploads\/2021\/11\/kickr_bike_pro.mp4\">https:\/\/www.forbiker.it\/wp-content\/uploads\/2021\/11\/kickr_bike_pro.mp4<\/a><\/video><\/div>\n<\/div>\n<\/div>\n<\/div>\n<\/div>\n<\/div>\n<\/section>\n<\/div>\n<\/div>\n<\/div>\n<\/div>\n<\/section>\n<\/div>\n<\/div>\n<\/div>\n<\/div>\n<\/section>\n<\/div>\n<\/div>\n<\/div>\n<\/div>\n<\/section>\n<\/div>\n<\/div>\n<\/div>\n<\/div>\n<\/section>\n<\/div>\n<\/div>\n<\/div>\n<\/div>\n<\/section>\n<\/div>\n<\/div>\n<\/div>\n<\/div>\n<\/section>\n<\/div>\n<\/div>\n<\/div>\n<\/div>\n<\/section>\n<\/div>\n<\/div>\n<\/div>\n<\/div>\n<\/section>\n<\/div>\n<\/div>\n<\/div>\n<\/div>\n<\/section>\n<\/div>\n<\/div>\n<\/div>\n<\/div>\n<\/section>\n<\/div>\n<\/div>\n<\/div>\n<\/div>\n<\/section>\n<\/div>\n<\/div>\n<\/div>\n<\/div>\n<\/section>\n<\/div>\n<\/div>\n<\/div>\n<\/div>\n<\/section>\n<\/div>\n<\/div>\n<\/div>\n<\/div>\n<\/section>\n<\/div>\n<\/div>\n<\/div>\n<\/div>\n<\/section>\n<\/div>\n<\/div>\n<\/div>\n<\/div>\n<\/section>\n<\/div>\n<\/div>\n<\/div>\n<\/div>\n<\/section>\n<\/div>\n<\/div>\n<\/div>\n<\/div>\n<\/section>\n<\/div>\n<\/div>\n<\/div>\n<\/div>\n<\/section>\n<\/div>\n<\/div>\n<\/div>\n<\/div>\n<\/section>\n<\/div>\n<\/div>\n<\/div>\n<\/div>\n<\/section>\n<\/div>\n<\/div>\n<\/div>\n<\/div>\n<\/section>\n<\/div>\n<\/div>\n<\/div>\n<\/div>\n<\/section>\n<\/div>\n<\/div>\n<\/div>\n<\/div>\n<\/section>\n<\/div>\n<\/div>\n<\/div>\n<\/div>\n<\/section>\n<\/div>\n<\/div>\n<\/div>\n<\/div>\n<\/section>\n<\/div>\n<\/div>\n<\/div>\n<\/div>\n<\/div>\n<\/section>\n<\/div>\n<\/div>\n<\/div>\n<\/div>\n<\/section>\n<\/div>\n<\/div>\n<\/div>\n<\/div>\n<\/section>\n","protected":false},"excerpt":{"rendered":"<section class=\"mod mod-acs-stage2 -background-acs-bright-grey h-double-spacing-top-inner \" data-uidtowatchlist=\"1415a\">\n<div class=\"row\">\n<div class=\"columns medium-5 large-4 small-12\">\n<div class=\"js-acs-fixed-scroll\">\n<div class=\"js-acs-fixed-scroll-content\">\n<section class=\"mod mod-acs-stage2 -background-acs-bright-grey h-double-spacing-top-inner \" data-uidtowatchlist=\"1344a\">\n<div class=\"row\">\n<div class=\"columns medium-5 large-4 small-12\">\n<div class=\"js-acs-fixed-scroll\">\n<div class=\"js-acs-fixed-scroll-content\">\n<section class=\"mod mod-acs-stage2 -background-acs-bright-grey h-double-spacing-top-inner \" data-uidtowatchlist=\"1346a\">\n<div class=\"row\">\n<div class=\"columns medium-5 large-4 small-12\">\n<div class=\"scrollmagic-pin-spacer\" data-scrollmagic-pin-spacer=\"\">\n<div class=\"js-acs-fixed-scroll\">\n<div class=\"js-acs-fixed-scroll-content\">\n<section class=\"mod mod-acs-stage2 -background-acs-bright-grey h-double-spacing-top-inner \" data-uidtowatchlist=\"3009a\">\n<div class=\"row\">\n<div class=\"columns medium-5 large-4 small-12\">\n<div class=\"js-acs-fixed-scroll\">\n<div class=\"js-acs-fixed-scroll-content\">\n<section class=\"mod mod-acs-stage2 -background-acs-bright-grey h-double-spacing-top-inner \" data-uidtowatchlist=\"3004a\">\n<div class=\"row\">\n<div class=\"columns medium-5 large-4 small-12\">\n<div class=\"js-acs-fixed-scroll\">\n<div class=\"js-acs-fixed-scroll-content\">\n<section class=\"mod mod-acs-stage2 -background-acs-bright-grey h-double-spacing-top-inner \" data-uidtowatchlist=\"1361a\">\n<div class=\"row\">\n<div class=\"columns medium-5 large-4 small-12\">\n<div class=\"js-acs-fixed-scroll\">\n<div class=\"js-acs-fixed-scroll-content\">\n<section class=\"mod mod-acs-stage2 -background-acs-bright-grey h-double-spacing-top-inner \" data-uidtowatchlist=\"3016a\">\n<div class=\"row\">\n<div class=\"columns medium-5 large-4 small-12\">\n<div class=\"js-acs-fixed-scroll\">\n<div class=\"js-acs-fixed-scroll-content\">\n<section class=\"mod mod-acs-stage2 -background-acs-bright-grey h-double-spacing-top-inner \" data-uidtowatchlist=\"1431a\">\n<div class=\"row\">\n<div class=\"columns medium-5 large-4 small-12\">\n<div class=\"js-acs-fixed-scroll\">\n<div class=\"js-acs-fixed-scroll-content\">\n<section class=\"mod mod-acs-stage2 -background-acs-bright-grey h-double-spacing-top-inner \" data-uidtowatchlist=\"1372a\">\n<div class=\"row\">\n<div class=\"columns medium-5 large-4 small-12\">\n<div class=\"js-acs-fixed-scroll\">\n<div class=\"js-acs-fixed-scroll-content\">\n<section class=\"mod mod-acs-stage2 -background-acs-bright-grey h-double-spacing-top-inner \" data-uidtowatchlist=\"1372a\">\n<div class=\"row\">\n<div class=\"columns medium-5 large-4 small-12\">\n<div class=\"js-acs-fixed-scroll\">\n<div class=\"js-acs-fixed-scroll-content\">\n<section class=\"mod mod-acs-stage2 -background-acs-bright-grey h-double-spacing-top-inner \" data-uidtowatchlist=\"1421a\">\n<div class=\"row\">\n<div class=\"columns medium-5 large-4 small-12\">\n<div class=\"js-acs-fixed-scroll\">\n<div class=\"js-acs-fixed-scroll-content\">\n<section class=\"mod mod-acs-stage2 -background-acs-bright-grey h-double-spacing-top-inner \" data-uidtowatchlist=\"3025a\">\n<div class=\"row\">\n<div class=\"columns medium-5 large-4 small-12\">\n<div class=\"js-acs-fixed-scroll\">\n<div class=\"js-acs-fixed-scroll-content\">\n<section class=\"mod mod-acs-stage2 -background-acs-bright-grey h-double-spacing-top-inner \" data-uidtowatchlist=\"3024a\">\n<div class=\"row\">\n<div class=\"columns medium-5 large-4 small-12\">\n<div class=\"js-acs-fixed-scroll\">\n<div class=\"js-acs-fixed-scroll-content\">\n<section class=\"mod mod-acs-stage2 -background-acs-bright-grey h-double-spacing-top-inner \" data-uidtowatchlist=\"3023a\">\n<div class=\"row\">\n<div class=\"columns medium-5 large-4 small-12\">\n<div class=\"js-acs-fixed-scroll\">\n<div class=\"js-acs-fixed-scroll-content\">\n<section class=\"mod mod-acs-stage2 -background-acs-bright-grey h-double-spacing-top-inner \" data-uidtowatchlist=\"3022a\">\n<div class=\"row\">\n<div class=\"columns medium-5 large-4 small-12\">\n<div class=\"js-acs-fixed-scroll\">\n<div class=\"js-acs-fixed-scroll-content\">\n<section class=\"mod mod-acs-stage2 -background-acs-bright-grey h-double-spacing-top-inner \" data-uidtowatchlist=\"3020a\">\n<div class=\"row\">\n<div class=\"columns medium-5 large-4 small-12\">\n<div class=\"js-acs-fixed-scroll\">\n<div class=\"js-acs-fixed-scroll-content\">\n<section class=\"mod mod-acs-stage2 -background-acs-bright-grey h-double-spacing-top-inner \" data-uidtowatchlist=\"3021a\">\n<div class=\"row\">\n<div class=\"columns medium-5 large-4 small-12\">\n<div class=\"js-acs-fixed-scroll\">\n<div class=\"js-acs-fixed-scroll-content\">\n<section class=\"mod mod-acs-stage2 -background-acs-bright-grey h-double-spacing-top-inner \" data-uidtowatchlist=\"3027a\">\n<div class=\"row\">\n<div class=\"columns medium-5 large-4 small-12\">\n<div class=\"js-acs-fixed-scroll\">\n<div class=\"js-acs-fixed-scroll-content\">\n<section class=\"mod mod-acs-stage2 -background-acs-bright-grey h-double-spacing-top-inner \" data-uidtowatchlist=\"3026a\">\n<div class=\"row\">\n<div class=\"columns medium-5 large-4 small-12\">\n<div class=\"js-acs-fixed-scroll\">\n<div class=\"js-acs-fixed-scroll-content\">\n<section class=\"mod mod-acs-stage2 -background-acs-bright-grey h-double-spacing-top-inner \" data-uidtowatchlist=\"664a\">\n<div class=\"row\">\n<div class=\"columns medium-5 large-4 small-12\">\n<div class=\"js-acs-fixed-scroll\">\n<div class=\"js-acs-fixed-scroll-content\">\n<section class=\"mod mod-acs-stage2 -background-acs-bright-grey h-double-spacing-top-inner \" data-uidtowatchlist=\"681a\">\n<div class=\"row\">\n<div class=\"columns medium-5 large-4 small-12\">\n<div class=\"js-acs-fixed-scroll\">\n<div class=\"js-acs-fixed-scroll-content\">\n<section class=\"mod mod-acs-stage2 -background-acs-bright-grey h-double-spacing-top-inner \" data-uidtowatchlist=\"669a\">\n<div class=\"row\">\n<div class=\"columns medium-5 large-4 small-12\">\n<div class=\"js-acs-fixed-scroll\">\n<div class=\"js-acs-fixed-scroll-content\">\n<section class=\"mod mod-acs-stage2 -background-acs-bright-grey h-double-spacing-top-inner \" data-uidtowatchlist=\"682a\">\n<div class=\"row\">\n<div class=\"columns medium-5 large-4 small-12\">\n<div class=\"js-acs-fixed-scroll\">\n<div class=\"js-acs-fixed-scroll-content\">\n<section class=\"mod mod-acs-stage2 -background-acs-bright-grey h-double-spacing-top-inner \" data-uidtowatchlist=\"1173a\">\n<div class=\"row\">\n<div class=\"columns medium-5 large-4 small-12\">\n<div class=\"js-acs-fixed-scroll\">\n<div class=\"js-acs-fixed-scroll-content\">\n<section class=\"mod mod-acs-stage2 -background-acs-bright-grey h-double-spacing-top-inner \" data-uidtowatchlist=\"2023a\">\n<div class=\"row\">\n<div class=\"columns medium-5 large-4 small-12\">\n<div class=\"js-acs-fixed-scroll\">\n<div class=\"js-acs-fixed-scroll-content\">\n<section class=\"mod mod-acs-stage2 -background-acs-bright-grey h-double-spacing-top-inner \" data-uidtowatchlist=\"2687a\">\n<div class=\"row\">\n<div class=\"columns medium-5 large-4 small-12\">\n<div class=\"js-acs-fixed-scroll\">\n<div class=\"js-acs-fixed-scroll-content\">\n<section class=\"mod mod-acs-stage2 -background-acs-bright-grey h-double-spacing-top-inner \" data-uidtowatchlist=\"2011a\">\n<div class=\"row\">\n<div class=\"columns medium-5 large-4 small-12\">\n<div class=\"js-acs-fixed-scroll\">\n<div class=\"js-acs-fixed-scroll-content\">\n<section class=\"mod mod-acs-stage2 -background-acs-bright-grey h-double-spacing-top-inner \" data-uidtowatchlist=\"2681a\">\n<div class=\"row\">\n<div class=\"columns medium-5 large-4 small-12\">\n<div class=\"js-acs-fixed-scroll\">\n<div class=\"js-acs-fixed-scroll-content\">\n<section class=\"mod mod-acs-stage2 -background-acs-bright-grey h-double-spacing-top-inner \" data-uidtowatchlist=\"1214a\">\n<div class=\"row\">\n<div class=\"columns medium-5 large-4 small-12\">\n<div class=\"js-acs-fixed-scroll\">\n<div class=\"js-acs-fixed-scroll-content\">\n<div class=\"o-grid__col o-grid__col--12@phone o-grid__col--12@tablet o-grid__col--6@tablet-up\">\n<p>Das Wahoo KICKR Bike ist ein leistungsstarker und umfassender Smart-Trainer, der ein echtes Fahrraderlebnis bequem von zu Hause aus bietet.<\/p>\n<\/div>\n<\/div>\n<\/div>\n<\/div>\n<\/div>\n<\/section>\n<\/div>\n<\/div>\n<\/div>\n<\/div>\n<\/section>\n<\/div>\n<\/div>\n<\/div>\n<\/div>\n<\/section>\n<\/div>\n<\/div>\n<\/div>\n<\/div>\n<\/section>\n<\/div>\n<\/div>\n<\/div>\n<\/div>\n<\/section>\n<\/div>\n<\/div>\n<\/div>\n<\/div>\n<\/section>\n<\/div>\n<\/div>\n<\/div>\n<\/div>\n<\/section>\n<\/div>\n<\/div>\n<\/div>\n<\/div>\n<\/section>\n<\/div>\n<\/div>\n<\/div>\n<\/div>\n<\/section>\n<\/div>\n<\/div>\n<\/div>\n<\/div>\n<\/section>\n<section class=\"pid1581\">\n<div class=\"mod mod-stage stage-background-position-top -background-secondary-color\" data-backgroundimage=\"\" data-greater-height=\"\">\n<div class=\"row h-spacing-bottom-inner h-spacing-top-inner\">\n<div class=\"columns medium-offset-4 medium-8 large-6 large-offset-6\">\n<div class=\"text text-center\"><\/div>\n<\/div>\n<\/div>\n<\/div>\n<\/section>\n<\/div>\n<\/div>\n<\/div>\n<\/div>\n<\/section>\n<\/div>\n<\/div>\n<\/div>\n<\/div>\n<\/section>\n<\/div>\n<\/div>\n<\/div>\n<\/div>\n<\/section>\n<\/div>\n<\/div>\n<\/div>\n<\/div>\n<\/section>\n<\/div>\n<\/div>\n<\/div>\n<\/div>\n<\/section>\n<section class=\"pid6318\">\n<div class=\"mod mod-stage stage-background-position-top -background-secondary-color\" data-backgroundimage=\"\" data-greater-height=\"\">\n<div class=\"row h-spacing-bottom-inner h-spacing-top-inner\">\n<div class=\"columns medium-offset-4 medium-8 large-6 large-offset-6\">\n<div class=\"text text-center\"><\/div>\n<\/div>\n<\/div>\n<\/div>\n<\/section>\n<\/div>\n<\/div>\n<\/div>\n<\/div>\n<\/section>\n<\/div>\n<\/div>\n<\/div>\n<\/div>\n<\/section>\n<\/div>\n<\/div>\n<\/div>\n<\/div>\n<\/section>\n<section class=\"pid6317\">\n<div class=\"mod mod-stage stage-background-position-top -background-secondary-color\" data-backgroundimage=\"\" data-greater-height=\"\">\n<div class=\"row h-spacing-bottom-inner h-spacing-top-inner\">\n<div class=\"columns medium-offset-4 medium-8 large-6 large-offset-6\">\n<div class=\"text text-center\"><\/div>\n<\/div>\n<\/div>\n<\/div>\n<\/section>\n<\/div>\n<\/div>\n<\/div>\n<\/div>\n<\/section>\n<\/div>\n<\/div>\n<\/div>\n<\/div>\n<\/section>\n<\/div>\n<\/div>\n<\/div>\n<\/div>\n<\/section>\n<\/div>\n<\/div>\n<\/div>\n<\/div>\n<\/section>\n<\/div>\n<\/div>\n<\/div>\n<\/div>\n<\/section>\n<\/div>\n<\/div>\n<\/div>\n<\/div>\n<\/section>\n<\/div>\n<\/div>\n<\/div>\n<\/div>\n<\/section>\n<\/div>\n<\/div>\n<\/div>\n<\/div>\n<\/section>\n<\/div>\n<\/div>\n<\/div>\n<\/div>\n<\/div>\n<\/section>\n<\/div>\n<\/div>\n<\/div>\n<\/div>\n<\/section>\n<\/div>\n<\/div>\n<\/div>\n<\/div>\n<\/section>\n","protected":false},"featured_media":236290,"comment_status":"open","ping_status":"closed","template":"","meta":{"_et_pb_use_builder":"","_et_pb_old_content":"","_et_gb_content_width":""},"product_cat":[126],"product_tag":[227,182,177],"giftcard-category":[],"class_list":{"0":"post-227885","1":"product","2":"type-product","3":"status-publish","4":"has-post-thumbnail","6":"product_cat-fitness","7":"product_tag-bike","8":"product_tag-kickr","9":"product_tag-wahoo","11":"first","12":"instock","13":"taxable","14":"shipping-taxable","15":"purchasable","16":"product-type-simple"},"_links":{"self":[{"href":"https:\/\/www.forbiker.it\/index.php\/wp-json\/wp\/v2\/product\/227885"}],"collection":[{"href":"https:\/\/www.forbiker.it\/index.php\/wp-json\/wp\/v2\/product"}],"about":[{"href":"https:\/\/www.forbiker.it\/index.php\/wp-json\/wp\/v2\/types\/product"}],"replies":[{"embeddable":true,"href":"https:\/\/www.forbiker.it\/index.php\/wp-json\/wp\/v2\/comments?post=227885"}],"wp:featuredmedia":[{"embeddable":true,"href":"https:\/\/www.forbiker.it\/index.php\/wp-json\/wp\/v2\/media\/236290"}],"wp:attachment":[{"href":"https:\/\/www.forbiker.it\/index.php\/wp-json\/wp\/v2\/media?parent=227885"}],"wp:term":[{"taxonomy":"product_cat","embeddable":true,"href":"https:\/\/www.forbiker.it\/index.php\/wp-json\/wp\/v2\/product_cat?post=227885"},{"taxonomy":"product_tag","embeddable":true,"href":"https:\/\/www.forbiker.it\/index.php\/wp-json\/wp\/v2\/product_tag?post=227885"},{"taxonomy":"giftcard-category","embeddable":true,"href":"https:\/\/www.forbiker.it\/index.php\/wp-json\/wp\/v2\/giftcard-category?post=227885"}],"curies":[{"name":"wp","href":"https:\/\/api.w.org\/{rel}","templated":true}]}}