{"id":228067,"date":"2021-12-17T11:14:48","date_gmt":"2021-12-17T10:14:48","guid":{"rendered":"https:\/\/www.forbiker.it\/?post_type=product&#038;p=228067"},"modified":"2025-09-25T15:43:36","modified_gmt":"2025-09-25T13:43:36","slug":"cube-stereo-hybrid-140-hpc-bosch-10th-anniversary","status":"publish","type":"product","link":"https:\/\/www.forbiker.it\/index.php\/produkt\/cube-stereo-hybrid-140-hpc-bosch-10th-anniversary\/","title":{"rendered":"CUBE STEREO HYBRID 140 HPC BOSCH 10TH ANNIVERSARY"},"content":{"rendered":"<section id=\"RAHMEN\" class=\"bg-dark py-5\" data-scroll=\"true\">\n<div class=\"container\">\n<div class=\"row justify-content-center\">\n<div class=\"col-12 col-md-9\">\n<p class=\"text-light text-center\">Das Stereo Hybrid 140 setzt eine neue Benchmark bei All Mountain E-Bikes. Der High Performance Carbon Rahmen \u00fcberzeugt durch eine hoch funktionelle Fahrwerkskinematik. Egal ob wurzelgespickte Uphill-Passagen, rasante oder verblockte Downhills &#8211; der Hinterbau spricht feinf\u00fchlig an und sorgt f\u00fcr beeindruckende Kontrolle und Laufruhe. Dank der Agile Trail Geometrie kriegst du auch auf verwinkelten Trails geschmeidig die Kurve. Gro\u00dfe, robuste Lager und ein breiter Boost 148 Hinterbau sorgen f\u00fcr hohe Steifigkeit und pr\u00e4zises Steuerverhalten. Der elegant und clever im Unterrohr platzierte Akku ist perfekt vor Spritzwasser gesch\u00fctzt und l\u00e4sst sich einfach und schnell ausbauen. Ein Rahmenschloss l\u00e4sst Langfingern keine Chance.<\/p>\n<\/div>\n<\/div>\n<\/div>\n<\/section>\n","protected":false},"excerpt":{"rendered":"<section id=\"RAHMEN\" class=\"bg-dark py-5\" data-scroll=\"true\">\n<div class=\"container\">\n<div class=\"row justify-content-center\">\n<div class=\"col-12 col-md-9\">\n<p class=\"text-light text-center\">Das Stereo Hybrid 140 setzt eine neue Benchmark bei All Mountain E-Bikes.<\/p>\n<\/div>\n<\/div>\n<\/div>\n<\/section>\n","protected":false},"featured_media":228073,"comment_status":"open","ping_status":"closed","template":"","meta":{"_et_pb_use_builder":"","_et_pb_old_content":"","_et_gb_content_width":""},"product_cat":[21,45,46],"product_tag":[],"giftcard-category":[],"class_list":{"0":"post-228067","1":"product","2":"type-product","3":"status-publish","4":"has-post-thumbnail","6":"product_cat-ebikes","7":"product_cat-e-mountainbike","8":"product_cat-fullsuspension-e-mountainbike","10":"first","11":"outofstock","12":"sale","13":"taxable","14":"shipping-taxable","15":"purchasable","16":"product-type-variable","17":"has-default-attributes"},"_links":{"self":[{"href":"https:\/\/www.forbiker.it\/index.php\/wp-json\/wp\/v2\/product\/228067"}],"collection":[{"href":"https:\/\/www.forbiker.it\/index.php\/wp-json\/wp\/v2\/product"}],"about":[{"href":"https:\/\/www.forbiker.it\/index.php\/wp-json\/wp\/v2\/types\/product"}],"replies":[{"embeddable":true,"href":"https:\/\/www.forbiker.it\/index.php\/wp-json\/wp\/v2\/comments?post=228067"}],"wp:featuredmedia":[{"embeddable":true,"href":"https:\/\/www.forbiker.it\/index.php\/wp-json\/wp\/v2\/media\/228073"}],"wp:attachment":[{"href":"https:\/\/www.forbiker.it\/index.php\/wp-json\/wp\/v2\/media?parent=228067"}],"wp:term":[{"taxonomy":"product_cat","embeddable":true,"href":"https:\/\/www.forbiker.it\/index.php\/wp-json\/wp\/v2\/product_cat?post=228067"},{"taxonomy":"product_tag","embeddable":true,"href":"https:\/\/www.forbiker.it\/index.php\/wp-json\/wp\/v2\/product_tag?post=228067"},{"taxonomy":"giftcard-category","embeddable":true,"href":"https:\/\/www.forbiker.it\/index.php\/wp-json\/wp\/v2\/giftcard-category?post=228067"}],"curies":[{"name":"wp","href":"https:\/\/api.w.org\/{rel}","templated":true}]}}