{"id":229842,"date":"2022-11-15T08:53:08","date_gmt":"2022-11-15T07:53:08","guid":{"rendered":"https:\/\/www.forbiker.it\/?post_type=product&#038;p=229842"},"modified":"2023-06-07T15:39:08","modified_gmt":"2023-06-07T13:39:08","slug":"cube-fold-sport-hybrid-500","status":"publish","type":"product","link":"https:\/\/www.forbiker.it\/index.php\/produkt\/cube-fold-sport-hybrid-500\/","title":{"rendered":"CUBE FOLD SPORT HYBRID 500"},"content":{"rendered":"<section class=\"mod mod-text-toggle -background-default-color h-spacing-bottom-inner h-spacing-top-inner\">\n<div class=\"row\">\n<div class=\"columns medium-offset-1 medium-10 large-7 large-centered\">\n<div class=\"text h-spacing-bottom-outer\">\n<section class=\"mod mod-text-toggle -background-default-color h-spacing-bottom-inner h-spacing-top-inner\">\n<div class=\"row\">\n<div class=\"columns medium-offset-1 medium-10 large-7 large-centered\">\n<div class=\"text h-spacing-bottom-outer\">\n<p class=\"text-center e-font-family-cond\">Neue Ma\u00dfst\u00e4be in puncto Flexiblit\u00e4t, Mobilit\u00e4t und Funktionalit\u00e4t setzt unser neues faltbares E-Bike mit Bosch Antrieb: das Fold Hybrid 500. Dass es noch dazu genial aussieht, ist kein Zufall, denn wie so oft folgt hier die Form der Funktion. Dank einem cleveren Faltmechanismus und integrierten Tragegriff l\u00e4sst sich das Rad auf platzsparende Ma\u00dfe zusammenklappen und effizient und einfach verstauen oder transportieren. Und dank einfacher Verstellm\u00f6glichkeiten am Sattel und Lenker kannst du es ganz leicht auf fast alle K\u00f6rpergr\u00f6\u00dfen anpassen. Doch damit nicht genug: Wir haben auch an Schutzbleche, einen superstabilen Seitenst\u00e4nder und einen robusten Gep\u00e4cktr\u00e4ger gedacht, der sich durch einen optionalen Front-Gep\u00e4cktr\u00e4ger erg\u00e4nzen l\u00e4sst. Auch k\u00f6nnen Taschen und K\u00f6rbe leicht und schnell mit innovativen Mechanismen am Bike befestigt werden. So ist immer alles dabei, was mit muss. Du wirst dich fragen, wie du je ohne diesen faltbaren Begleiter ausgekommen bist?<\/p>\n<\/div>\n<\/div>\n<\/div>\n<\/section>\n<\/div>\n<\/div>\n<\/div>\n<\/section>\n","protected":false},"excerpt":{"rendered":"<p>Neue Ma\u00dfst\u00e4be in puncto Flexiblit\u00e4t, Mobilit\u00e4t und Funktionalit\u00e4t setzt unser neues faltbares E-Bike mit Bosch Antrieb: das Fold Hybrid 500.<\/p>\n","protected":false},"featured_media":229850,"comment_status":"open","ping_status":"closed","template":"","meta":{"_et_pb_use_builder":"","_et_pb_old_content":"","_et_gb_content_width":""},"product_cat":[21,48,51],"product_tag":[78,157],"giftcard-category":[],"class_list":{"0":"post-229842","1":"product","2":"type-product","3":"status-publish","4":"has-post-thumbnail","6":"product_cat-ebikes","7":"product_cat-e-strassenraeder","8":"product_cat-citybikes-e-strassenraeder","9":"product_tag-city","10":"product_tag-fold","12":"first","13":"instock","14":"taxable","15":"shipping-taxable","16":"purchasable","17":"product-type-simple"},"_links":{"self":[{"href":"https:\/\/www.forbiker.it\/index.php\/wp-json\/wp\/v2\/product\/229842"}],"collection":[{"href":"https:\/\/www.forbiker.it\/index.php\/wp-json\/wp\/v2\/product"}],"about":[{"href":"https:\/\/www.forbiker.it\/index.php\/wp-json\/wp\/v2\/types\/product"}],"replies":[{"embeddable":true,"href":"https:\/\/www.forbiker.it\/index.php\/wp-json\/wp\/v2\/comments?post=229842"}],"wp:featuredmedia":[{"embeddable":true,"href":"https:\/\/www.forbiker.it\/index.php\/wp-json\/wp\/v2\/media\/229850"}],"wp:attachment":[{"href":"https:\/\/www.forbiker.it\/index.php\/wp-json\/wp\/v2\/media?parent=229842"}],"wp:term":[{"taxonomy":"product_cat","embeddable":true,"href":"https:\/\/www.forbiker.it\/index.php\/wp-json\/wp\/v2\/product_cat?post=229842"},{"taxonomy":"product_tag","embeddable":true,"href":"https:\/\/www.forbiker.it\/index.php\/wp-json\/wp\/v2\/product_tag?post=229842"},{"taxonomy":"giftcard-category","embeddable":true,"href":"https:\/\/www.forbiker.it\/index.php\/wp-json\/wp\/v2\/giftcard-category?post=229842"}],"curies":[{"name":"wp","href":"https:\/\/api.w.org\/{rel}","templated":true}]}}