{"id":229946,"date":"2022-11-15T11:54:18","date_gmt":"2022-11-15T10:54:18","guid":{"rendered":"https:\/\/www.forbiker.it\/?post_type=product&#038;p=229946"},"modified":"2025-05-26T09:39:50","modified_gmt":"2025-05-26T07:39:50","slug":"cube-touring-one-5","status":"publish","type":"product","link":"https:\/\/www.forbiker.it\/index.php\/produkt\/cube-touring-one-5\/","title":{"rendered":"CUBE TOURING ONE"},"content":{"rendered":"<section class=\"mod mod-text-toggle bright-orange -background-secondary-color\" data-anchor=\"Bike details\" data-scroll-index=\"3\">\n<div class=\"row\" data-equalizer=\"\" data-equalize-by-row=\"true\">\n<div class=\"columns medium-offset-1 large-offset-2 small-12 medium-10 large-8\" data-equalizer-watch=\"\">\n<p class=\"h-double-spacing-bottom-inner h-double-spacing-top-inner text-center\">Das Herzst\u00fcck unserer Touring Serie ist der hochwertige, leichte Rahmen aus doppelt konifizierten Aluminiumrohren. Dabei sorgt unsere Efficient Comfort Geometry f\u00fcr Effizienz, Fahrkomfort und ein agiles, intuitives Handling, was sich besonders an langen Tagen im Sattel bezahlt macht. Die Version mit tiefem Einstieg sieht nicht nur gut aus, sondern erleichtert auch das Auf- und Absteigen. Zus\u00e4tzlich gibt es das Modell als sportlichen Trapezrahmen sowie als klassischen Herren-Diamantrahmen in f\u00fcnf verschiedenen Gr\u00f6\u00dfen. Da findest du mit mit Sicherheit die optimale Passform f\u00fcr dich und deine Anspr\u00fcche! Alle Rahmenformen sind mit einem eleganten Gep\u00e4cktr\u00e4ger und ins Unterrohr verlegten Z\u00fcgen ausger\u00fcstet, damit die Schaltung dauerhaft pr\u00e4zise arbeitet und ohne gro\u00dfen Wartungsaufwand auskommt.<\/p>\n<\/div>\n<\/div>\n<\/section>\n","protected":false},"excerpt":{"rendered":"<p>Das Herzst\u00fcck unserer Touring Serie ist der hochwertige, leichte Rahmen aus doppelt konifizierten Aluminiumrohren.<\/p>\n","protected":false},"featured_media":232494,"comment_status":"open","ping_status":"closed","template":"","meta":{"_et_pb_use_builder":"","_et_pb_old_content":"","_et_gb_content_width":""},"product_cat":[20,25,26],"product_tag":[78,161,80],"giftcard-category":[],"class_list":{"0":"post-229946","1":"product","2":"type-product","3":"status-publish","4":"has-post-thumbnail","6":"product_cat-bikes","7":"product_cat-strassenraeder","8":"product_cat-city","9":"product_tag-city","10":"product_tag-easy-entry","11":"product_tag-touring","13":"first","14":"outofstock","15":"taxable","16":"shipping-taxable","17":"purchasable","18":"product-type-variable","19":"has-default-attributes"},"_links":{"self":[{"href":"https:\/\/www.forbiker.it\/index.php\/wp-json\/wp\/v2\/product\/229946"}],"collection":[{"href":"https:\/\/www.forbiker.it\/index.php\/wp-json\/wp\/v2\/product"}],"about":[{"href":"https:\/\/www.forbiker.it\/index.php\/wp-json\/wp\/v2\/types\/product"}],"replies":[{"embeddable":true,"href":"https:\/\/www.forbiker.it\/index.php\/wp-json\/wp\/v2\/comments?post=229946"}],"wp:featuredmedia":[{"embeddable":true,"href":"https:\/\/www.forbiker.it\/index.php\/wp-json\/wp\/v2\/media\/232494"}],"wp:attachment":[{"href":"https:\/\/www.forbiker.it\/index.php\/wp-json\/wp\/v2\/media?parent=229946"}],"wp:term":[{"taxonomy":"product_cat","embeddable":true,"href":"https:\/\/www.forbiker.it\/index.php\/wp-json\/wp\/v2\/product_cat?post=229946"},{"taxonomy":"product_tag","embeddable":true,"href":"https:\/\/www.forbiker.it\/index.php\/wp-json\/wp\/v2\/product_tag?post=229946"},{"taxonomy":"giftcard-category","embeddable":true,"href":"https:\/\/www.forbiker.it\/index.php\/wp-json\/wp\/v2\/giftcard-category?post=229946"}],"curies":[{"name":"wp","href":"https:\/\/api.w.org\/{rel}","templated":true}]}}