{"id":230320,"date":"2022-11-18T14:25:21","date_gmt":"2022-11-18T13:25:21","guid":{"rendered":"https:\/\/www.forbiker.it\/?post_type=product&#038;p=230320"},"modified":"2025-09-25T16:00:02","modified_gmt":"2025-09-25T14:00:02","slug":"haibike-lyke-cf-10","status":"publish","type":"product","link":"https:\/\/www.forbiker.it\/index.php\/produkt\/haibike-lyke-cf-10\/","title":{"rendered":"HAIBIKE LYKE CF 10"},"content":{"rendered":"<p>F\u00fcr alle, die es leicht und schnell m\u00f6gen: Das Lyke 10 unserer neuen Light eMTB Linie \u00fcberzeugt mit wenig Gewicht und maximaler ePerformance auf dem Trail. Der brandneue ultraleichte Fazua Ride60 Motor spart Gewicht und sorgt genau f\u00fcr die richtige Unterst\u00fctzung am Berg. Hier profitierst du auch von dem gewichtsoptimierten Carbonrahmen mit geschlossenem Unterrohr und neuer Kinematik. Durch die innovative Platzierung des Motors im Sitzrohr liegt der Schwerpunkt direkt \u00fcber dem Tretlager, was zus\u00e4tzlich f\u00fcr ein verbessertes Handling sorgt. Zuverl\u00e4ssige Shimano Schalt- und Bremskompomenten sowie 140 mm RockShox Federelemente bieten dir sorgloses Fahrvergn\u00fcgen. Das Lyke 10 ist der ideale Partner f\u00fcr sportive Fahrer, die das Plus an Support und zugleich ein agiles eMTB suchen.<\/p>\n","protected":false},"excerpt":{"rendered":"<p>F\u00fcr alle, die es leicht und schnell m\u00f6gen: Das Lyke 10 unserer neuen Light eMTB Linie \u00fcberzeugt mit wenig Gewicht und maximaler ePerformance auf dem Trail.<\/p>\n","protected":false},"featured_media":230323,"comment_status":"open","ping_status":"closed","template":"","meta":{"_et_pb_use_builder":"off","_et_pb_old_content":"Clever konstruiert, ist halb gewonnen \u2013 das gilt auch f\u00fcr den schlanken Rahmen dieses beliebten Stereo Hybrid Trail-E-Bikes. Dank unserem Modular Battery System f\u00fcgt sich der bis zu 750 Wh starke Akku fast unsichtbar ins Chassis ein und ist dort zugleich optimal vor Schmutz und Spritzwasser gesch\u00fctzt. Weil die Z\u00fcge komplett im Inneren verlaufen, sieht es zudem nicht nur superelegant aus, sondern kommt am Steuerrohr auch komplett ohne Zugeing\u00e4nge aus. Unser ausgekl\u00fcgeltes Viergelenker-Design reagiert sensibel auf Schl\u00e4ge und Vibrationen auf ruppigen Trails. Und unsere Comfort Geometry mit einem Boost 148 Hinterbau und 1.5 Zoll Steuerrohr f\u00fcr mehr Steifigkeit vereinfacht das allgemeine Handling. F\u00fcr top Vielseitigkeit und Flexibilit\u00e4t l\u00e4sst sich der Rahmen sogar mit Schutzblechen, Gep\u00e4cktr\u00e4ger und Seitenst\u00e4nder nachr\u00fcsten. Wie auch immer der Trail-Plan lautet, dieses Bike steht bereit!","_et_gb_content_width":""},"product_cat":[261,165,21,45,46],"product_tag":[68,167,168,169],"giftcard-category":[],"class_list":{"0":"post-230320","1":"product","2":"type-product","3":"status-publish","4":"has-post-thumbnail","6":"product_cat-light-e-mtb","7":"product_cat-angebote","8":"product_cat-ebikes","9":"product_cat-e-mountainbike","10":"product_cat-fullsuspension-e-mountainbike","11":"product_tag-ebike","12":"product_tag-haibike","13":"product_tag-light","14":"product_tag-lyke","16":"first","17":"outofstock","18":"sale","19":"taxable","20":"shipping-taxable","21":"purchasable","22":"product-type-variable","23":"has-default-attributes"},"_links":{"self":[{"href":"https:\/\/www.forbiker.it\/index.php\/wp-json\/wp\/v2\/product\/230320"}],"collection":[{"href":"https:\/\/www.forbiker.it\/index.php\/wp-json\/wp\/v2\/product"}],"about":[{"href":"https:\/\/www.forbiker.it\/index.php\/wp-json\/wp\/v2\/types\/product"}],"replies":[{"embeddable":true,"href":"https:\/\/www.forbiker.it\/index.php\/wp-json\/wp\/v2\/comments?post=230320"}],"wp:featuredmedia":[{"embeddable":true,"href":"https:\/\/www.forbiker.it\/index.php\/wp-json\/wp\/v2\/media\/230323"}],"wp:attachment":[{"href":"https:\/\/www.forbiker.it\/index.php\/wp-json\/wp\/v2\/media?parent=230320"}],"wp:term":[{"taxonomy":"product_cat","embeddable":true,"href":"https:\/\/www.forbiker.it\/index.php\/wp-json\/wp\/v2\/product_cat?post=230320"},{"taxonomy":"product_tag","embeddable":true,"href":"https:\/\/www.forbiker.it\/index.php\/wp-json\/wp\/v2\/product_tag?post=230320"},{"taxonomy":"giftcard-category","embeddable":true,"href":"https:\/\/www.forbiker.it\/index.php\/wp-json\/wp\/v2\/giftcard-category?post=230320"}],"curies":[{"name":"wp","href":"https:\/\/api.w.org\/{rel}","templated":true}]}}