{"id":231290,"date":"2023-03-10T17:52:32","date_gmt":"2023-03-10T16:52:32","guid":{"rendered":"https:\/\/www.forbiker.it\/?post_type=product&#038;p=231290"},"modified":"2026-04-15T14:23:03","modified_gmt":"2026-04-15T12:23:03","slug":"cube-kinder-fahrradanhaenger-double-cmpt","status":"publish","type":"product","link":"https:\/\/www.forbiker.it\/index.php\/produkt\/cube-kinder-fahrradanhaenger-double-cmpt\/","title":{"rendered":"CUBE KINDER FAHRRADANH\u00c4NGER DOUBLE CMPT"},"content":{"rendered":"<div class=\"mb-5\">\n<div class=\"description\">Der CUBE Fahrradanh\u00e4nger Double CMPT ist der optimale Begleiter durch den Alltag. Das Multitalent besticht durch ausgekl\u00fcgelte Funktionen als Fahrrad-Anh\u00e4nger und Kinderwagen. Der gro\u00dfe Insektenschutz an der Front und den Seiten h\u00e4lt ungewollte Fahrg\u00e4ste vor dem Eindringen ab, ohne dabei die Frischluftzirkulation zu beeinflussen. Dank Sonnenschutz werden die kleinen Fahrg\u00e4ste nicht bei ihren Nickerchen geblendet. Der Spritzschutz h\u00e4lt die Kids auch bei matschigen Fahrten trocken. Die Sitz- und R\u00fcckenpolster sowie Kopfpolster mit Helmpocket, machen die Fahrt f\u00fcr die Kleinen zum komfortablen Vergn\u00fcgen. Die Federung ist individuell einstellbar, je nach Untergrund und Gewicht. Mit dem zus\u00e4tzlich erh\u00e4ltlichen Jogger Kit lassen sich alle Ausfl\u00fcge noch flexibler gestalten.<\/div>\n<\/div>\n","protected":false},"excerpt":{"rendered":"<div class=\"description\">Der CUBE Fahrradanh\u00e4nger Double CMPT ist der optimale Begleiter durch den Alltag.<\/div>\n","protected":false},"featured_media":237079,"comment_status":"open","ping_status":"closed","template":"","meta":{"_et_pb_use_builder":"","_et_pb_old_content":"","_et_gb_content_width":""},"product_cat":[134],"product_tag":[185],"giftcard-category":[],"class_list":{"0":"post-231290","1":"product","2":"type-product","3":"status-publish","4":"has-post-thumbnail","6":"product_cat-kinderanhaenger","7":"product_tag-kinderanhaenger","9":"first","10":"instock","11":"taxable","12":"shipping-taxable","13":"purchasable","14":"product-type-simple"},"_links":{"self":[{"href":"https:\/\/www.forbiker.it\/index.php\/wp-json\/wp\/v2\/product\/231290"}],"collection":[{"href":"https:\/\/www.forbiker.it\/index.php\/wp-json\/wp\/v2\/product"}],"about":[{"href":"https:\/\/www.forbiker.it\/index.php\/wp-json\/wp\/v2\/types\/product"}],"replies":[{"embeddable":true,"href":"https:\/\/www.forbiker.it\/index.php\/wp-json\/wp\/v2\/comments?post=231290"}],"wp:featuredmedia":[{"embeddable":true,"href":"https:\/\/www.forbiker.it\/index.php\/wp-json\/wp\/v2\/media\/237079"}],"wp:attachment":[{"href":"https:\/\/www.forbiker.it\/index.php\/wp-json\/wp\/v2\/media?parent=231290"}],"wp:term":[{"taxonomy":"product_cat","embeddable":true,"href":"https:\/\/www.forbiker.it\/index.php\/wp-json\/wp\/v2\/product_cat?post=231290"},{"taxonomy":"product_tag","embeddable":true,"href":"https:\/\/www.forbiker.it\/index.php\/wp-json\/wp\/v2\/product_tag?post=231290"},{"taxonomy":"giftcard-category","embeddable":true,"href":"https:\/\/www.forbiker.it\/index.php\/wp-json\/wp\/v2\/giftcard-category?post=231290"}],"curies":[{"name":"wp","href":"https:\/\/api.w.org\/{rel}","templated":true}]}}