{"id":232233,"date":"2024-02-20T18:38:57","date_gmt":"2024-02-20T17:38:57","guid":{"rendered":"https:\/\/www.forbiker.it\/?post_type=product&#038;p=232233"},"modified":"2026-03-18T09:10:55","modified_gmt":"2026-03-18T08:10:55","slug":"cube-ams-hybrid-one44-c68x-slt-400x-29","status":"publish","type":"product","link":"https:\/\/www.forbiker.it\/index.php\/produkt\/cube-ams-hybrid-one44-c68x-slt-400x-29\/","title":{"rendered":"CUBE AMS HYBRID ONE44 C:68X SLT 400X 29"},"content":{"rendered":"<p>Ein superleichtes MTB-Fully mit Bosch E-Motor zu entwickeln, ist gar nicht so einfach. Deshalb besteht der Rahmen des AMS Hybrid ONE44 C:68X auch aus unserem hochinnovativen C:68X\u00ae Carbonverbundwerkstoff, der maximale Stabilit\u00e4t und Steifigkeit sowie extrem geringes Gewicht auf einen Nenner bringt. Der 400 Wh starke Akku findet dabei im Unterrohr Platz, und zwar so nah am neuen, leichten Bosch SX Motor wie nur m\u00f6glich \u2013 f\u00fcr erstklassiges Handling. Der Rahmen ist zudem PowerMore-ready, kann also mit einem optionalen 250 Wh Akku f\u00fcr noch h\u00f6here Reichweite aufger\u00fcstet werden. Dass wir die Z\u00fcge ins Innere verlegt haben, spielt der eleganten Optik des Chassis&#8217; in die Karten. On top kommt eine leichte Kettenf\u00fchrung. Dank einem Steuersatz mit Winkelverstellung l\u00e4sst sich das Handling an den individuellen Fahrstil anpassen. Top Voraussetzungen f\u00fcr ganz viel Power und Speed auf allen Trails, oder?<\/p>\n","protected":false},"excerpt":{"rendered":"<p>Das AMS HYBRID ONE44 C:68X SLT schert sich nicht um Regeln und Vorgaben.<\/p>\n","protected":false},"featured_media":232238,"comment_status":"open","ping_status":"closed","template":"","meta":{"_et_pb_use_builder":"off","_et_pb_old_content":"Clever konstruiert, ist halb gewonnen \u2013 das gilt auch f\u00fcr den schlanken Rahmen dieses beliebten Stereo Hybrid Trail-E-Bikes. Dank unserem Modular Battery System f\u00fcgt sich der bis zu 750 Wh starke Akku fast unsichtbar ins Chassis ein und ist dort zugleich optimal vor Schmutz und Spritzwasser gesch\u00fctzt. Weil die Z\u00fcge komplett im Inneren verlaufen, sieht es zudem nicht nur superelegant aus, sondern kommt am Steuerrohr auch komplett ohne Zugeing\u00e4nge aus. Unser ausgekl\u00fcgeltes Viergelenker-Design reagiert sensibel auf Schl\u00e4ge und Vibrationen auf ruppigen Trails. Und unsere Comfort Geometry mit einem Boost 148 Hinterbau und 1.5 Zoll Steuerrohr f\u00fcr mehr Steifigkeit vereinfacht das allgemeine Handling. F\u00fcr top Vielseitigkeit und Flexibilit\u00e4t l\u00e4sst sich der Rahmen sogar mit Schutzblechen, Gep\u00e4cktr\u00e4ger und Seitenst\u00e4nder nachr\u00fcsten. Wie auch immer der Trail-Plan lautet, dieses Bike steht bereit!","_et_gb_content_width":""},"product_cat":[261,165,21,45,46],"product_tag":[258,68,230,140],"giftcard-category":[],"class_list":{"0":"post-232233","1":"product","2":"type-product","3":"status-publish","4":"has-post-thumbnail","6":"product_cat-light-e-mtb","7":"product_cat-angebote","8":"product_cat-ebikes","9":"product_cat-e-mountainbike","10":"product_cat-fullsuspension-e-mountainbike","11":"product_tag-ams-hybrid","12":"product_tag-ebike","13":"product_tag-one44","14":"product_tag-slt","16":"first","17":"outofstock","18":"sale","19":"taxable","20":"shipping-taxable","21":"purchasable","22":"product-type-variable"},"_links":{"self":[{"href":"https:\/\/www.forbiker.it\/index.php\/wp-json\/wp\/v2\/product\/232233"}],"collection":[{"href":"https:\/\/www.forbiker.it\/index.php\/wp-json\/wp\/v2\/product"}],"about":[{"href":"https:\/\/www.forbiker.it\/index.php\/wp-json\/wp\/v2\/types\/product"}],"replies":[{"embeddable":true,"href":"https:\/\/www.forbiker.it\/index.php\/wp-json\/wp\/v2\/comments?post=232233"}],"wp:featuredmedia":[{"embeddable":true,"href":"https:\/\/www.forbiker.it\/index.php\/wp-json\/wp\/v2\/media\/232238"}],"wp:attachment":[{"href":"https:\/\/www.forbiker.it\/index.php\/wp-json\/wp\/v2\/media?parent=232233"}],"wp:term":[{"taxonomy":"product_cat","embeddable":true,"href":"https:\/\/www.forbiker.it\/index.php\/wp-json\/wp\/v2\/product_cat?post=232233"},{"taxonomy":"product_tag","embeddable":true,"href":"https:\/\/www.forbiker.it\/index.php\/wp-json\/wp\/v2\/product_tag?post=232233"},{"taxonomy":"giftcard-category","embeddable":true,"href":"https:\/\/www.forbiker.it\/index.php\/wp-json\/wp\/v2\/giftcard-category?post=232233"}],"curies":[{"name":"wp","href":"https:\/\/api.w.org\/{rel}","templated":true}]}}