{"id":232285,"date":"2024-02-21T07:57:37","date_gmt":"2024-02-21T06:57:37","guid":{"rendered":"https:\/\/www.forbiker.it\/?post_type=product&#038;p=232285"},"modified":"2025-05-26T08:51:26","modified_gmt":"2025-05-26T06:51:26","slug":"cube-numove-200-flashwhite-pink","status":"publish","type":"product","link":"https:\/\/www.forbiker.it\/index.php\/produkt\/cube-numove-200-flashwhite-pink\/","title":{"rendered":"CUBE NUMOVE 200 FLASHWHITE-PINK"},"content":{"rendered":"<section class=\"mod mod-text-toggle -background-default-color h-spacing-bottom-inner h-spacing-top-inner\">\n<div class=\"row\">\n<div class=\"columns medium-offset-1 medium-10 large-7 large-centered\">\n<div class=\"text h-spacing-bottom-outer\">\n<section class=\"mod mod-text-toggle -background-default-color h-spacing-bottom-inner h-spacing-top-inner\">\n<div class=\"row\">\n<div class=\"columns medium-offset-1 medium-10 large-7 large-centered\">\n<div class=\"text h-spacing-bottom-outer\">\n<section class=\"mod mod-text-toggle -background-default-color h-spacing-bottom-inner h-spacing-top-inner\">\n<div class=\"row\">\n<div class=\"columns medium-offset-1 medium-10 large-7 large-centered\">\n<div class=\"text h-spacing-bottom-outer\">\n<section class=\"mod mod-text-toggle -background-default-color h-spacing-bottom-inner h-spacing-top-inner\">\n<div class=\"row\">\n<div class=\"columns medium-offset-1 medium-10 large-7 large-centered\">\n<div class=\"text h-spacing-bottom-outer\">\n<section class=\"mod mod-text-toggle -background-default-color h-spacing-bottom-inner h-spacing-top-inner\">\n<div class=\"row\">\n<div class=\"columns medium-offset-1 medium-10 large-7 large-centered\">\n<div class=\"text h-spacing-bottom-outer\">\n<section class=\"mod mod-text-toggle -background-default-color h-spacing-bottom-inner h-spacing-top-inner\">\n<div class=\"row\">\n<div class=\"columns medium-offset-1 medium-10 large-7 large-centered\">\n<div class=\"text h-spacing-bottom-outer\">\n<section class=\"mod mod-text-toggle -background-default-color h-spacing-bottom-inner h-spacing-top-inner\">\n<div class=\"row\">\n<div class=\"columns medium-offset-1 medium-10 large-7 large-centered\">\n<div class=\"text h-spacing-bottom-outer\">\n<section class=\"mod mod-text-toggle -background-default-color h-spacing-bottom-inner h-spacing-top-inner\">\n<div class=\"row\">\n<div class=\"columns medium-offset-1 medium-10 large-7 large-centered\">\n<div class=\"text h-spacing-bottom-outer\">\n<section class=\"mod mod-text-toggle -background-default-color h-spacing-bottom-inner h-spacing-top-inner\">\n<div class=\"row\">\n<div class=\"columns medium-offset-1 medium-10 large-7 large-centered\">\n<div class=\"text h-spacing-bottom-outer\">\n<section class=\"mod mod-text-toggle -background-default-color h-spacing-bottom-inner h-spacing-top-inner\">\n<div class=\"row\">\n<div class=\"columns medium-offset-1 medium-10 large-7 large-centered\">\n<div class=\"text h-spacing-bottom-outer\">\n<section class=\"mod mod-text-toggle -background-default-color h-spacing-bottom-inner h-spacing-top-inner\">\n<div class=\"row\">\n<div class=\"columns medium-offset-1 medium-10 large-7 large-centered\">\n<div class=\"text h-spacing-bottom-outer\">\n<section class=\"mod mod-text-toggle -background-default-color h-spacing-bottom-inner h-spacing-top-inner\">\n<div class=\"row\">\n<div class=\"columns medium-offset-1 medium-10 large-7 large-centered\">\n<div class=\"text h-spacing-bottom-outer\">\n<section class=\"mod mod-text-toggle -background-default-color h-spacing-bottom-inner h-spacing-top-inner\">\n<div class=\"row\">\n<div class=\"columns medium-offset-1 medium-10 large-7 large-centered\">\n<div class=\"text h-spacing-bottom-outer\">\n<section class=\"mod mod-text-toggle -background-default-color h-spacing-bottom-inner h-spacing-top-inner\">\n<div class=\"row\">\n<div class=\"columns medium-offset-1 medium-10 large-7 large-centered\">\n<div class=\"text h-spacing-bottom-outer\">\n<p class=\"text-center e-font-family-cond\">Manchmal scheint es, als st\u00fcnden immer nur die High-End-Race-Bikes im Rampenlicht. Nicht so bei CUBE: Der leichte, schlanke Aluminiumrahmen des Numove 200 wurde mit viel Liebe zum Detail konzipiert und bietet somit die perfekte Mischung aus geringem Gewicht, Steifigkeit und Robustheit. So k\u00f6nnen ambitionierte junge Biker sorglos Vollgas geben! Zudem f\u00e4hrt sich ein leichteres Bike auch viel einfacher \u2013 es l\u00e4sst sich besser steuern, macht mehr Spa\u00df und ist schlussendlich auch sicherer. Passend dazu haben wir eine Aluminiumstarrgabel verbaut und die Geometrie auf ein lebhaftes, aber zuverl\u00e4ssiges Handling ausgerichtet. Das perfekte \u201eerste Bike&#8221; also!<\/p>\n<\/div>\n<\/div>\n<\/div>\n<\/section>\n<section class=\"-background-default-color h-spacing-bottom-inner\" data-anchor=\"Ausstattung\" data-scroll-index=\"2\">\n<div class=\"row\">\n<div class=\"columns medium-offset-1 small-12 medium-10 large-5 small-up-margin-bottom--size-300\">\n<div class=\"mod mod-spec-table bike-specs\">\n<div class=\"specs-headline\"><\/div>\n<\/div>\n<\/div>\n<\/div>\n<\/section>\n<\/div>\n<\/div>\n<\/div>\n<\/section>\n<\/div>\n<\/div>\n<\/div>\n<\/section>\n<\/div>\n<\/div>\n<\/div>\n<\/section>\n<\/div>\n<\/div>\n<\/div>\n<\/section>\n<\/div>\n<\/div>\n<\/div>\n<\/section>\n<\/div>\n<\/div>\n<\/div>\n<\/section>\n<\/div>\n<\/div>\n<\/div>\n<\/section>\n<\/div>\n<\/div>\n<\/div>\n<\/section>\n<\/div>\n<\/div>\n<\/div>\n<\/section>\n<\/div>\n<\/div>\n<\/div>\n<\/section>\n<\/div>\n<\/div>\n<\/div>\n<\/section>\n<\/div>\n<\/div>\n<\/div>\n<\/section>\n<\/div>\n<\/div>\n<\/div>\n<\/section>\n","protected":false},"excerpt":{"rendered":"<section class=\"mod mod-text-toggle -background-default-color h-spacing-bottom-inner h-spacing-top-inner\">\n<div class=\"row\">\n<div class=\"columns medium-offset-1 medium-10 large-7 large-centered\">\n<div class=\"text h-spacing-bottom-outer\">\n<section class=\"mod mod-text-toggle -background-default-color h-spacing-bottom-inner h-spacing-top-inner\">\n<div class=\"row\">\n<div class=\"columns medium-offset-1 medium-10 large-7 large-centered\">\n<div class=\"text h-spacing-bottom-outer\">\n<section class=\"mod mod-text-toggle -background-default-color h-spacing-bottom-inner h-spacing-top-inner\">\n<div class=\"row\">\n<div class=\"columns medium-offset-1 medium-10 large-7 large-centered\">\n<div class=\"text h-spacing-bottom-outer\">\n<section class=\"mod mod-text-toggle -background-default-color h-spacing-bottom-inner h-spacing-top-inner\">\n<div class=\"row\">\n<div class=\"columns medium-offset-1 medium-10 large-7 large-centered\">\n<div class=\"text h-spacing-bottom-outer\">\n<section class=\"mod mod-text-toggle -background-default-color h-spacing-bottom-inner h-spacing-top-inner\">\n<div class=\"row\">\n<div class=\"columns medium-offset-1 medium-10 large-7 large-centered\">\n<div class=\"text h-spacing-bottom-outer\">\n<section class=\"mod mod-text-toggle -background-default-color h-spacing-bottom-inner h-spacing-top-inner\">\n<div class=\"row\">\n<div class=\"columns medium-offset-1 medium-10 large-7 large-centered\">\n<div class=\"text h-spacing-bottom-outer\">\n<section class=\"mod mod-text-toggle -background-default-color h-spacing-bottom-inner h-spacing-top-inner\">\n<div class=\"row\">\n<div class=\"columns medium-offset-1 medium-10 large-7 large-centered\">\n<div class=\"text h-spacing-bottom-outer\">\n<section class=\"mod mod-text-toggle -background-default-color h-spacing-bottom-inner h-spacing-top-inner\">\n<div class=\"row\">\n<div class=\"columns medium-offset-1 medium-10 large-7 large-centered\">\n<div class=\"text h-spacing-bottom-outer\">\n<section class=\"mod mod-text-toggle -background-default-color h-spacing-bottom-inner h-spacing-top-inner\">\n<div class=\"row\">\n<div class=\"columns medium-offset-1 medium-10 large-7 large-centered\">\n<div class=\"text h-spacing-bottom-outer\">\n<section class=\"mod mod-text-toggle -background-default-color h-spacing-bottom-inner h-spacing-top-inner\">\n<div class=\"row\">\n<div class=\"columns medium-offset-1 medium-10 large-7 large-centered\">\n<div class=\"text h-spacing-bottom-outer\">\n<p class=\"text-body-1\">Mit seinem leichten Aluminiumrahmen, einem verstellbaren Vorbau und einer Shimano Schaltung ist das Numove 200 genau so ein Bike wie das von Mama oder Papa \u2013 und bietet dank seinem geringen Gewicht jede Menge Fahrspa\u00df.<\/p>\n<p class=\"text-body-1\"><b>K\u00f6rpergr\u00f6\u00dfe: 111 \u2013 124 cm<\/b><br \/>\n<b>Schrittl\u00e4nge<\/b><b>: 49 \u2013 57 cm<\/b><\/p>\n<\/div>\n<\/div>\n<\/div>\n<\/section>\n<\/div>\n<\/div>\n<\/div>\n<\/section>\n<\/div>\n<\/div>\n<\/div>\n<\/section>\n<\/div>\n<\/div>\n<\/div>\n<\/section>\n<\/div>\n<\/div>\n<\/div>\n<\/section>\n<\/div>\n<\/div>\n<\/div>\n<\/section>\n<\/div>\n<\/div>\n<\/div>\n<\/section>\n<\/div>\n<\/div>\n<\/div>\n<\/section>\n<\/div>\n<\/div>\n<\/div>\n<\/section>\n<\/div>\n<\/div>\n<\/div>\n<\/section>\n","protected":false},"featured_media":232286,"comment_status":"open","ping_status":"closed","template":"","meta":{"_et_pb_use_builder":"off","_et_pb_old_content":"<section class=\"mod mod-text-toggle -background-default-color h-spacing-bottom-inner h-spacing-top-inner\">\r\n<div class=\"row\">\r\n<div class=\"columns medium-offset-1 medium-10 large-7 large-centered\">\r\n<div class=\"text h-spacing-bottom-outer\"><section class=\"mod mod-text-toggle -background-default-color h-spacing-bottom-inner h-spacing-top-inner\">\r\n<div class=\"row\">\r\n<div class=\"columns medium-offset-1 medium-10 large-7 large-centered\">\r\n<div class=\"text h-spacing-bottom-outer\"><section class=\"mod mod-text-toggle -background-default-color h-spacing-bottom-inner h-spacing-top-inner\">\r\n<div class=\"row\">\r\n<div class=\"columns medium-offset-1 medium-10 large-7 large-centered\">\r\n<div class=\"text h-spacing-bottom-outer\"><section class=\"mod mod-text-toggle -background-default-color h-spacing-bottom-inner h-spacing-top-inner\">\r\n<div class=\"row\">\r\n<div class=\"columns medium-offset-1 medium-10 large-7 large-centered\">\r\n<div class=\"text h-spacing-bottom-outer\"><section class=\"mod mod-text-toggle -background-default-color h-spacing-bottom-inner h-spacing-top-inner\">\r\n<div class=\"row\">\r\n<div class=\"columns medium-offset-1 medium-10 large-7 large-centered\">\r\n<div class=\"text h-spacing-bottom-outer\"><section class=\"mod mod-text-toggle -background-default-color h-spacing-bottom-inner h-spacing-top-inner\">\r\n<div class=\"row\">\r\n<div class=\"columns medium-offset-1 medium-10 large-7 large-centered\">\r\n<div class=\"text h-spacing-bottom-outer\"><section class=\"mod mod-text-toggle -background-default-color h-spacing-bottom-inner h-spacing-top-inner\">\r\n<div class=\"row\">\r\n<div class=\"columns medium-offset-1 medium-10 large-7 large-centered\">\r\n<div class=\"text h-spacing-bottom-outer\"><section class=\"mod mod-text-toggle -background-default-color h-spacing-bottom-inner h-spacing-top-inner\">\r\n<div class=\"row\">\r\n<div class=\"columns medium-offset-1 medium-10 large-7 large-centered\">\r\n<div class=\"text h-spacing-bottom-outer\"><section class=\"mod mod-text-toggle -background-default-color h-spacing-bottom-inner h-spacing-top-inner\">\r\n<div class=\"row\">\r\n<div class=\"columns medium-offset-1 medium-10 large-7 large-centered\">\r\n<div class=\"text h-spacing-bottom-outer\"><section class=\"mod mod-text-toggle -background-default-color h-spacing-bottom-inner h-spacing-top-inner\">\r\n<div class=\"row\">\r\n<div class=\"columns medium-offset-1 medium-10 large-7 large-centered\">\r\n<div class=\"text h-spacing-bottom-outer\"><section class=\"mod mod-text-toggle -background-default-color h-spacing-bottom-inner h-spacing-top-inner\">\r\n<div class=\"row\">\r\n<div class=\"columns medium-offset-1 medium-10 large-7 large-centered\">\r\n<div class=\"text h-spacing-bottom-outer\"><section class=\"mod mod-text-toggle -background-default-color h-spacing-bottom-inner h-spacing-top-inner\">\r\n<div class=\"row\">\r\n<div class=\"columns medium-offset-1 medium-10 large-7 large-centered\">\r\n<div class=\"text h-spacing-bottom-outer\"><section class=\"mod mod-text-toggle -background-default-color h-spacing-bottom-inner h-spacing-top-inner\">\r\n<div class=\"row\">\r\n<div class=\"columns medium-offset-1 medium-10 large-7 large-centered\">\r\n<div class=\"text h-spacing-bottom-outer\"><section class=\"mod mod-text-toggle -background-default-color h-spacing-bottom-inner h-spacing-top-inner\">\r\n<div class=\"row\">\r\n<div class=\"columns medium-offset-1 medium-10 large-7 large-centered\">\r\n<div class=\"text h-spacing-bottom-outer\">\r\n<p class=\"text-center e-font-family-cond\">Manchmal scheint es, als st\u00fcnden immer nur die High-End-Race-Bikes im Rampenlicht. Nicht so bei CUBE: Der leichte, schlanke Aluminiumrahmen des Numove 200 wurde mit viel Liebe zum Detail konzipiert und bietet somit die perfekte Mischung aus geringem Gewicht, Steifigkeit und Robustheit. So k\u00f6nnen ambitionierte junge Biker sorglos Vollgas geben! Zudem f\u00e4hrt sich ein leichteres Bike auch viel einfacher \u2013 es l\u00e4sst sich besser steuern, macht mehr Spa\u00df und ist schlussendlich auch sicherer. Passend dazu haben wir eine Aluminiumstarrgabel verbaut und die Geometrie auf ein lebhaftes, aber zuverl\u00e4ssiges Handling ausgerichtet. Das perfekte \u201eerste Bike\" also!<\/p>\r\n\r\n<\/div>\r\n<\/div>\r\n<\/div>\r\n<\/section><section class=\"-background-default-color h-spacing-bottom-inner\" data-anchor=\"Ausstattung\" data-scroll-index=\"2\">\r\n<div class=\"row\">\r\n<div class=\"columns medium-offset-1 small-12 medium-10 large-5 small-up-margin-bottom--size-300\">\r\n<div class=\"mod mod-spec-table bike-specs\">\r\n<div class=\"specs-headline\"><\/div>\r\n<\/div>\r\n<\/div>\r\n<\/div>\r\n<\/section><\/div>\r\n<\/div>\r\n<\/div>\r\n<\/section><\/div>\r\n<\/div>\r\n<\/div>\r\n<\/section><\/div>\r\n<\/div>\r\n<\/div>\r\n<\/section><\/div>\r\n<\/div>\r\n<\/div>\r\n<\/section><\/div>\r\n<\/div>\r\n<\/div>\r\n<\/section><\/div>\r\n<\/div>\r\n<\/div>\r\n<\/section><\/div>\r\n<\/div>\r\n<\/div>\r\n<\/section><\/div>\r\n<\/div>\r\n<\/div>\r\n<\/section><\/div>\r\n<\/div>\r\n<\/div>\r\n<\/section><\/div>\r\n<\/div>\r\n<\/div>\r\n<\/section><\/div>\r\n<\/div>\r\n<\/div>\r\n<\/section><\/div>\r\n<\/div>\r\n<\/div>\r\n<\/section><\/div>\r\n<\/div>\r\n<\/div>\r\n<\/section>","_et_gb_content_width":""},"product_cat":[20,29,39],"product_tag":[191,260],"giftcard-category":[],"class_list":{"0":"post-232285","1":"product","2":"type-product","3":"status-publish","4":"has-post-thumbnail","6":"product_cat-bikes","7":"product_cat-kids","8":"product_cat-20-ab-5-jahre","9":"product_tag-191","10":"product_tag-numove","12":"first","13":"instock","14":"taxable","15":"shipping-taxable","16":"purchasable","17":"product-type-simple"},"_links":{"self":[{"href":"https:\/\/www.forbiker.it\/index.php\/wp-json\/wp\/v2\/product\/232285"}],"collection":[{"href":"https:\/\/www.forbiker.it\/index.php\/wp-json\/wp\/v2\/product"}],"about":[{"href":"https:\/\/www.forbiker.it\/index.php\/wp-json\/wp\/v2\/types\/product"}],"replies":[{"embeddable":true,"href":"https:\/\/www.forbiker.it\/index.php\/wp-json\/wp\/v2\/comments?post=232285"}],"wp:featuredmedia":[{"embeddable":true,"href":"https:\/\/www.forbiker.it\/index.php\/wp-json\/wp\/v2\/media\/232286"}],"wp:attachment":[{"href":"https:\/\/www.forbiker.it\/index.php\/wp-json\/wp\/v2\/media?parent=232285"}],"wp:term":[{"taxonomy":"product_cat","embeddable":true,"href":"https:\/\/www.forbiker.it\/index.php\/wp-json\/wp\/v2\/product_cat?post=232285"},{"taxonomy":"product_tag","embeddable":true,"href":"https:\/\/www.forbiker.it\/index.php\/wp-json\/wp\/v2\/product_tag?post=232285"},{"taxonomy":"giftcard-category","embeddable":true,"href":"https:\/\/www.forbiker.it\/index.php\/wp-json\/wp\/v2\/giftcard-category?post=232285"}],"curies":[{"name":"wp","href":"https:\/\/api.w.org\/{rel}","templated":true}]}}