{"id":232545,"date":"2024-09-03T14:34:08","date_gmt":"2024-09-03T12:34:08","guid":{"rendered":"https:\/\/www.forbiker.it\/?post_type=product&#038;p=232545"},"modified":"2026-02-04T08:35:37","modified_gmt":"2026-02-04T07:35:37","slug":"winora-tria-9","status":"publish","type":"product","link":"https:\/\/www.forbiker.it\/index.php\/produkt\/winora-tria-9\/","title":{"rendered":"WINORA TRIA 9"},"content":{"rendered":"<section class=\"mod mod-text-toggle -background-default-color h-spacing-bottom-inner h-spacing-top-inner\">\n<div class=\"row\">\n<div class=\"columns medium-offset-1 medium-10 large-7 large-centered\">\n<div class=\"text h-spacing-bottom-outer\">\n<section class=\"mod mod-text-toggle -background-default-color h-spacing-bottom-inner h-spacing-top-inner\">\n<div class=\"row\">\n<div class=\"columns medium-offset-1 medium-10 large-7 large-centered\">\n<div class=\"text h-spacing-bottom-outer\">\n<p class=\"text-center e-font-family-cond\">Im Alltag darf es ruhig praktisch sein \u2013 aber auf keinen Fall langweilig! Deshalb ist unser \u00fcberarbeitetes WINORA Tria 9 auch eine ideale Mischung aus komfortablem eBike und agilem Sportsfreund. Dank des neuen tiefen Einstiegs kannst du schnell und bequem auf- und absteigen. Der starke Bosch Active Plus Mittelmotor unterst\u00fctzt dich mit bis zu 25 km\/h, w\u00e4hrend du mit gut dosierbaren hydraulischen Scheibenbremsen von Shimano zuverl\u00e4ssig zum Stehen kommst. \u00dcber Kopfsteinpflaster und holprige Untergr\u00fcnde rollst du bequem und sicher dank der gefederten Sattelst\u00fctze und einer Federgabel an der Front. Ergonomische Griffe, ein optimal anpassbarer Lenker sowie ein komfortabler Sattel runden das Paket ab.<\/p>\n<\/div>\n<\/div>\n<\/div>\n<\/section>\n<\/div>\n<\/div>\n<\/div>\n<\/section>\n","protected":false},"excerpt":{"rendered":"<p>Im Alltag darf es ruhig praktisch sein \u2013 aber auf keinen Fall langweilig!<\/p>\n","protected":false},"featured_media":232548,"comment_status":"open","ping_status":"closed","template":"","meta":{"_et_pb_use_builder":"","_et_pb_old_content":"","_et_gb_content_width":""},"product_cat":[165,21,48,51],"product_tag":[78,161,263],"giftcard-category":[],"class_list":{"0":"post-232545","1":"product","2":"type-product","3":"status-publish","4":"has-post-thumbnail","6":"product_cat-angebote","7":"product_cat-ebikes","8":"product_cat-e-strassenraeder","9":"product_cat-citybikes-e-strassenraeder","10":"product_tag-city","11":"product_tag-easy-entry","12":"product_tag-tria","14":"first","15":"outofstock","16":"sale","17":"taxable","18":"shipping-taxable","19":"purchasable","20":"product-type-variable","21":"has-default-attributes"},"_links":{"self":[{"href":"https:\/\/www.forbiker.it\/index.php\/wp-json\/wp\/v2\/product\/232545"}],"collection":[{"href":"https:\/\/www.forbiker.it\/index.php\/wp-json\/wp\/v2\/product"}],"about":[{"href":"https:\/\/www.forbiker.it\/index.php\/wp-json\/wp\/v2\/types\/product"}],"replies":[{"embeddable":true,"href":"https:\/\/www.forbiker.it\/index.php\/wp-json\/wp\/v2\/comments?post=232545"}],"wp:featuredmedia":[{"embeddable":true,"href":"https:\/\/www.forbiker.it\/index.php\/wp-json\/wp\/v2\/media\/232548"}],"wp:attachment":[{"href":"https:\/\/www.forbiker.it\/index.php\/wp-json\/wp\/v2\/media?parent=232545"}],"wp:term":[{"taxonomy":"product_cat","embeddable":true,"href":"https:\/\/www.forbiker.it\/index.php\/wp-json\/wp\/v2\/product_cat?post=232545"},{"taxonomy":"product_tag","embeddable":true,"href":"https:\/\/www.forbiker.it\/index.php\/wp-json\/wp\/v2\/product_tag?post=232545"},{"taxonomy":"giftcard-category","embeddable":true,"href":"https:\/\/www.forbiker.it\/index.php\/wp-json\/wp\/v2\/giftcard-category?post=232545"}],"curies":[{"name":"wp","href":"https:\/\/api.w.org\/{rel}","templated":true}]}}