{"id":232833,"date":"2024-09-05T09:34:02","date_gmt":"2024-09-05T07:34:02","guid":{"rendered":"https:\/\/www.forbiker.it\/?post_type=product&#038;p=232833"},"modified":"2026-04-18T09:51:54","modified_gmt":"2026-04-18T07:51:54","slug":"cube-reaction-hybrid-performance-500","status":"publish","type":"product","link":"https:\/\/www.forbiker.it\/index.php\/produkt\/cube-reaction-hybrid-performance-500\/","title":{"rendered":"CUBE REACTION HYBRID PERFORMANCE 500"},"content":{"rendered":"<p>Das Herzst\u00fcck des vielseitigen und robusten Reaction Hybrid Performance Rahmens: der leise, aber enorm leistungsstarke Bosch Performance Line Motor mit 75 Nm Drehmoment und Bosch Smart System. Dazu kommt ein 500 Wh Akku, damit dem Bike nie fr\u00fchzeitig der Saft ausgeht! Weitere geniale Features: eine Flat Mount Seitenst\u00e4nderaufnahme, genug Platz zum Anbringen eines Rahmenschlosses sowie Befestigungspunkte f\u00fcr ein Multi-Tool oder Schloss unten am Oberrohr. Wir haben sogar einen kleinen Innensechskantschl\u00fcssel in die Sattelklemme gepackt. Wenig Wartungsaufwand und einen cleanen, sportlichen Look garantieren die nach innen verlegten Z\u00fcge und ein innovativer Speed-Sensor. Clever: Dank Size Split System findest du mit Sicherheit die perfekt passende Rahmengr\u00f6\u00dfe f\u00fcr dich und deine Anspr\u00fcche.<\/p>\n","protected":false},"excerpt":{"rendered":"<p>Das Herzst\u00fcck des vielseitigen und robusten Reaction Hybrid Performance Rahmens.<\/p>\n","protected":false},"featured_media":232838,"comment_status":"open","ping_status":"closed","template":"","meta":{"_et_pb_use_builder":"","_et_pb_old_content":"","_et_gb_content_width":""},"product_cat":[268,165,21,45,47],"product_tag":[151],"giftcard-category":[],"class_list":{"0":"post-232833","1":"product","2":"type-product","3":"status-publish","4":"has-post-thumbnail","6":"product_cat-268","7":"product_cat-angebote","8":"product_cat-ebikes","9":"product_cat-e-mountainbike","10":"product_cat-hardtail-e-mountainbike","11":"product_tag-reaction","13":"first","14":"outofstock","15":"sale","16":"taxable","17":"shipping-taxable","18":"purchasable","19":"product-type-variable","20":"has-default-attributes"},"_links":{"self":[{"href":"https:\/\/www.forbiker.it\/index.php\/wp-json\/wp\/v2\/product\/232833"}],"collection":[{"href":"https:\/\/www.forbiker.it\/index.php\/wp-json\/wp\/v2\/product"}],"about":[{"href":"https:\/\/www.forbiker.it\/index.php\/wp-json\/wp\/v2\/types\/product"}],"replies":[{"embeddable":true,"href":"https:\/\/www.forbiker.it\/index.php\/wp-json\/wp\/v2\/comments?post=232833"}],"wp:featuredmedia":[{"embeddable":true,"href":"https:\/\/www.forbiker.it\/index.php\/wp-json\/wp\/v2\/media\/232838"}],"wp:attachment":[{"href":"https:\/\/www.forbiker.it\/index.php\/wp-json\/wp\/v2\/media?parent=232833"}],"wp:term":[{"taxonomy":"product_cat","embeddable":true,"href":"https:\/\/www.forbiker.it\/index.php\/wp-json\/wp\/v2\/product_cat?post=232833"},{"taxonomy":"product_tag","embeddable":true,"href":"https:\/\/www.forbiker.it\/index.php\/wp-json\/wp\/v2\/product_tag?post=232833"},{"taxonomy":"giftcard-category","embeddable":true,"href":"https:\/\/www.forbiker.it\/index.php\/wp-json\/wp\/v2\/giftcard-category?post=232833"}],"curies":[{"name":"wp","href":"https:\/\/api.w.org\/{rel}","templated":true}]}}