{"id":232972,"date":"2024-09-05T10:51:24","date_gmt":"2024-09-05T08:51:24","guid":{"rendered":"https:\/\/www.forbiker.it\/?post_type=product&#038;p=232972"},"modified":"2026-03-31T10:35:57","modified_gmt":"2026-03-31T08:35:57","slug":"cube-acid-hybrid-rookie-pro-400-2025","status":"publish","type":"product","link":"https:\/\/www.forbiker.it\/index.php\/produkt\/cube-acid-hybrid-rookie-pro-400-2025\/","title":{"rendered":"CUBE ACID HYBRID ROOKIE PRO"},"content":{"rendered":"<p class=\"description\">Bei der Entwicklung ihrer hochwertigen Antriebssysteme hatten die Ingenieure von Bosch vermutlich kein Kinderrad vor Augen. Was aber nicht hei\u00dft, dass wir ein solches System nicht auch f\u00fcr unsere Kids-Bikes nutzen. Im Falle des ACID 240 Hybrid Rookie haben wir den Motor formsch\u00f6n in unseren perfekt proportionierten Kids-Rahmen integriert. Au\u00dferdem kommt dieses E-Bike-Chassis f\u00fcr Youngsters mit demselben Design und denselben Technologien wie unsere Erwachsenen-E-Mountainbikes auf die Trails \u2013 f\u00fcr jede Menge Fahrspa\u00df, gepaart mit hoher Sicherheit! Dass wir die Z\u00fcge sauber ins Innere verlegt haben, reduziert den Wartungsaufwand ma\u00dfgeblich. Praktisch: Montagepunkte f\u00fcr einen CUBE Seitenst\u00e4nder sind auch mit dabei.<\/p>\n","protected":false},"excerpt":{"rendered":"<p class=\"description\">Bei der Entwicklung ihrer hochwertigen Antriebssysteme hatten die Ingenieure von Bosch vermutlich kein Kinderrad vor Augen.<\/p>\n","protected":false},"featured_media":232976,"comment_status":"open","ping_status":"closed","template":"","meta":{"_et_pb_use_builder":"","_et_pb_old_content":"","_et_gb_content_width":""},"product_cat":[268,21,52,45,47],"product_tag":[163],"giftcard-category":[],"class_list":{"0":"post-232972","1":"product","2":"type-product","3":"status-publish","4":"has-post-thumbnail","6":"product_cat-268","7":"product_cat-ebikes","8":"product_cat-e-kids","9":"product_cat-e-mountainbike","10":"product_cat-hardtail-e-mountainbike","11":"product_tag-rookie","13":"first","14":"outofstock","15":"taxable","16":"shipping-taxable","17":"purchasable","18":"product-type-simple"},"_links":{"self":[{"href":"https:\/\/www.forbiker.it\/index.php\/wp-json\/wp\/v2\/product\/232972"}],"collection":[{"href":"https:\/\/www.forbiker.it\/index.php\/wp-json\/wp\/v2\/product"}],"about":[{"href":"https:\/\/www.forbiker.it\/index.php\/wp-json\/wp\/v2\/types\/product"}],"replies":[{"embeddable":true,"href":"https:\/\/www.forbiker.it\/index.php\/wp-json\/wp\/v2\/comments?post=232972"}],"wp:featuredmedia":[{"embeddable":true,"href":"https:\/\/www.forbiker.it\/index.php\/wp-json\/wp\/v2\/media\/232976"}],"wp:attachment":[{"href":"https:\/\/www.forbiker.it\/index.php\/wp-json\/wp\/v2\/media?parent=232972"}],"wp:term":[{"taxonomy":"product_cat","embeddable":true,"href":"https:\/\/www.forbiker.it\/index.php\/wp-json\/wp\/v2\/product_cat?post=232972"},{"taxonomy":"product_tag","embeddable":true,"href":"https:\/\/www.forbiker.it\/index.php\/wp-json\/wp\/v2\/product_tag?post=232972"},{"taxonomy":"giftcard-category","embeddable":true,"href":"https:\/\/www.forbiker.it\/index.php\/wp-json\/wp\/v2\/giftcard-category?post=232972"}],"curies":[{"name":"wp","href":"https:\/\/api.w.org\/{rel}","templated":true}]}}