{"id":233033,"date":"2024-09-05T15:09:00","date_gmt":"2024-09-05T13:09:00","guid":{"rendered":"https:\/\/www.forbiker.it\/?post_type=product&#038;p=233033"},"modified":"2026-03-06T17:53:31","modified_gmt":"2026-03-06T16:53:31","slug":"cube-touring-hybrid-pro-625-2025","status":"publish","type":"product","link":"https:\/\/www.forbiker.it\/index.php\/produkt\/cube-touring-hybrid-pro-625-2025\/","title":{"rendered":"CUBE TOURING HYBRID PRO 625"},"content":{"rendered":"<p class=\"description\">Wundersch\u00f6n anzusehen, unkompliziert im Handling \u2013 das ist der Touring Hybrid Tiefeinsteigerrahmen. Seine schlanke Linienf\u00fchrung l\u00e4sst kaum vermuten, dass sich darin ein leistungsstarker Bosch Performance Antrieb mit Smart System und ein 625 Wh starker PowerTube Akku befinden. Dieses Kraftpaket liefert geschmeidige Unterst\u00fctzung auf allen Strecken. Damit auch der Fahrkomfort nicht zu kurz kommt, haben wir unsere Efficient Comfort Geometry mit einer Federgabel mit 63 mm Federweg kombiniert. Dank umfangreichem Zubeh\u00f6r \u2013 Schutzbleche, Beleuchtung, Seitenst\u00e4nder \u2013 ist das Bike perfekt ger\u00fcstet f\u00fcr s\u00e4mtliche Eins\u00e4tze. Dazu ist unser elegant ins Design integrierter, extrem robuster Gep\u00e4cktr\u00e4ger IC 3.0 so sicher und stabil, dass alles bequem darauf Platz findet, was unterwegs unbedingt mit muss.<\/p>\n","protected":false},"excerpt":{"rendered":"<p class=\"description\">Wundersch\u00f6n anzusehen, unkompliziert im Handling \u2013 das ist der Touring Hybrid Tiefeinsteigerrahmen.<\/p>\n","protected":false},"featured_media":233036,"comment_status":"open","ping_status":"closed","template":"","meta":{"_et_pb_use_builder":"","_et_pb_old_content":"","_et_gb_content_width":""},"product_cat":[268,21,48,51],"product_tag":[78],"giftcard-category":[],"class_list":{"0":"post-233033","1":"product","2":"type-product","3":"status-publish","4":"has-post-thumbnail","6":"product_cat-268","7":"product_cat-ebikes","8":"product_cat-e-strassenraeder","9":"product_cat-citybikes-e-strassenraeder","10":"product_tag-city","12":"first","13":"outofstock","14":"taxable","15":"shipping-taxable","16":"purchasable","17":"product-type-variable"},"_links":{"self":[{"href":"https:\/\/www.forbiker.it\/index.php\/wp-json\/wp\/v2\/product\/233033"}],"collection":[{"href":"https:\/\/www.forbiker.it\/index.php\/wp-json\/wp\/v2\/product"}],"about":[{"href":"https:\/\/www.forbiker.it\/index.php\/wp-json\/wp\/v2\/types\/product"}],"replies":[{"embeddable":true,"href":"https:\/\/www.forbiker.it\/index.php\/wp-json\/wp\/v2\/comments?post=233033"}],"wp:featuredmedia":[{"embeddable":true,"href":"https:\/\/www.forbiker.it\/index.php\/wp-json\/wp\/v2\/media\/233036"}],"wp:attachment":[{"href":"https:\/\/www.forbiker.it\/index.php\/wp-json\/wp\/v2\/media?parent=233033"}],"wp:term":[{"taxonomy":"product_cat","embeddable":true,"href":"https:\/\/www.forbiker.it\/index.php\/wp-json\/wp\/v2\/product_cat?post=233033"},{"taxonomy":"product_tag","embeddable":true,"href":"https:\/\/www.forbiker.it\/index.php\/wp-json\/wp\/v2\/product_tag?post=233033"},{"taxonomy":"giftcard-category","embeddable":true,"href":"https:\/\/www.forbiker.it\/index.php\/wp-json\/wp\/v2\/giftcard-category?post=233033"}],"curies":[{"name":"wp","href":"https:\/\/api.w.org\/{rel}","templated":true}]}}