{"id":233043,"date":"2024-09-05T15:20:01","date_gmt":"2024-09-05T13:20:01","guid":{"rendered":"https:\/\/www.forbiker.it\/?post_type=product&#038;p=233043"},"modified":"2026-03-18T09:16:13","modified_gmt":"2026-03-18T08:16:13","slug":"cube-nuroad-hybrid-c62-race-400x","status":"publish","type":"product","link":"https:\/\/www.forbiker.it\/index.php\/produkt\/cube-nuroad-hybrid-c62-race-400x\/","title":{"rendered":"CUBE NUROAD HYBRID C:62 RACE 400X"},"content":{"rendered":"<p>Form und Funktion in Vollendung: Der superelegante Nuroad Hybrid C:62 Carbonrahmen mit seiner reduzierten, cleanen Linienf\u00fchrung ist nicht nur ein absoluter Augenschmaus. Er ist auch der Inbegriff von genialem Handling. Einerseits, weil wir gen\u00fcgend Platz f\u00fcr die Montage von 50 mm breiten Reifen gelassen haben, sogar mit Schutzblechen. Andererseits gibt es am Heck und an der Vollcarbongabel unauff\u00e4llig integrierte Aufnahmepunkte f\u00fcr Gep\u00e4cktr\u00e4ger \u2013 f\u00fcr top Support bei deinen Bikepacking-Abenteuern. Das Cockpit f\u00fcr den Bosch Antrieb f\u00fcgt sich formsch\u00f6n in das Oberrohr ein und kann per Mini-Remote vom Lenker aus bedient werden. Au\u00dferdem ist das Chassis PowerMore-ready und l\u00e4sst sich so mit weiteren 250 Wh Reichweite best\u00fccken. Was noch? Eine sauber integrierte Sattelklemme, eine leichte Direct-Mount-Kettenf\u00fchrung, Aufnahmen f\u00fcr einen Flat Mount Seitenst\u00e4nder, ein Boost Hinterbau und ein UDH Schaltauge. Von uns aus kann&#8217;s losgehen \u2013 und was ist mit dir?<\/p>\n","protected":false},"excerpt":{"rendered":"<p>Form und Funktion in Vollendung: Der superelegante Nuroad Hybrid C:62 Carbonrahmen mit seiner reduzierten, cleanen Linienf\u00fchrung ist nicht nur ein absoluter Augenschmaus. Er ist auch der Inbegriff von genialem Handling.<\/p>\n","protected":false},"featured_media":233048,"comment_status":"open","ping_status":"closed","template":"","meta":{"_et_pb_use_builder":"off","_et_pb_old_content":"Clever konstruiert, ist halb gewonnen \u2013 das gilt auch f\u00fcr den schlanken Rahmen dieses beliebten Stereo Hybrid Trail-E-Bikes. Dank unserem Modular Battery System f\u00fcgt sich der bis zu 750 Wh starke Akku fast unsichtbar ins Chassis ein und ist dort zugleich optimal vor Schmutz und Spritzwasser gesch\u00fctzt. Weil die Z\u00fcge komplett im Inneren verlaufen, sieht es zudem nicht nur superelegant aus, sondern kommt am Steuerrohr auch komplett ohne Zugeing\u00e4nge aus. Unser ausgekl\u00fcgeltes Viergelenker-Design reagiert sensibel auf Schl\u00e4ge und Vibrationen auf ruppigen Trails. Und unsere Comfort Geometry mit einem Boost 148 Hinterbau und 1.5 Zoll Steuerrohr f\u00fcr mehr Steifigkeit vereinfacht das allgemeine Handling. F\u00fcr top Vielseitigkeit und Flexibilit\u00e4t l\u00e4sst sich der Rahmen sogar mit Schutzblechen, Gep\u00e4cktr\u00e4ger und Seitenst\u00e4nder nachr\u00fcsten. Wie auch immer der Trail-Plan lautet, dieses Bike steht bereit!","_et_gb_content_width":""},"product_cat":[261,21,45],"product_tag":[68,42],"giftcard-category":[],"class_list":{"0":"post-233043","1":"product","2":"type-product","3":"status-publish","4":"has-post-thumbnail","6":"product_cat-light-e-mtb","7":"product_cat-ebikes","8":"product_cat-e-mountainbike","9":"product_tag-ebike","10":"product_tag-gravel","12":"first","13":"outofstock","14":"taxable","15":"shipping-taxable","16":"purchasable","17":"product-type-variable"},"_links":{"self":[{"href":"https:\/\/www.forbiker.it\/index.php\/wp-json\/wp\/v2\/product\/233043"}],"collection":[{"href":"https:\/\/www.forbiker.it\/index.php\/wp-json\/wp\/v2\/product"}],"about":[{"href":"https:\/\/www.forbiker.it\/index.php\/wp-json\/wp\/v2\/types\/product"}],"replies":[{"embeddable":true,"href":"https:\/\/www.forbiker.it\/index.php\/wp-json\/wp\/v2\/comments?post=233043"}],"wp:featuredmedia":[{"embeddable":true,"href":"https:\/\/www.forbiker.it\/index.php\/wp-json\/wp\/v2\/media\/233048"}],"wp:attachment":[{"href":"https:\/\/www.forbiker.it\/index.php\/wp-json\/wp\/v2\/media?parent=233043"}],"wp:term":[{"taxonomy":"product_cat","embeddable":true,"href":"https:\/\/www.forbiker.it\/index.php\/wp-json\/wp\/v2\/product_cat?post=233043"},{"taxonomy":"product_tag","embeddable":true,"href":"https:\/\/www.forbiker.it\/index.php\/wp-json\/wp\/v2\/product_tag?post=233043"},{"taxonomy":"giftcard-category","embeddable":true,"href":"https:\/\/www.forbiker.it\/index.php\/wp-json\/wp\/v2\/giftcard-category?post=233043"}],"curies":[{"name":"wp","href":"https:\/\/api.w.org\/{rel}","templated":true}]}}