{"id":233292,"date":"2024-09-06T10:19:52","date_gmt":"2024-09-06T08:19:52","guid":{"rendered":"https:\/\/www.forbiker.it\/?post_type=product&#038;p=233292"},"modified":"2025-09-07T16:02:04","modified_gmt":"2025-09-07T14:02:04","slug":"cube-ams-zero99-c68x-slt-29-2025","status":"publish","type":"product","link":"https:\/\/www.forbiker.it\/index.php\/produkt\/cube-ams-zero99-c68x-slt-29-2025\/","title":{"rendered":"CUBE AMS ZERO99 C:68X SLT 29"},"content":{"rendered":"<section class=\"mod mod-text-toggle -background-default-color h-spacing-bottom-inner h-spacing-top-inner\">\n<div class=\"row\">\n<div class=\"columns medium-offset-1 medium-10 large-7 large-centered\">\n<div class=\"text h-spacing-bottom-outer\">\n<section class=\"mod mod-text-toggle -background-default-color h-spacing-bottom-inner h-spacing-top-inner\">\n<div class=\"row\">\n<div class=\"columns medium-offset-1 medium-10 large-7 large-centered\">\n<div class=\"text h-spacing-bottom-outer\">\n<p class=\"text-center e-font-family-cond\">Die wichtigsten Voraussetzungen f\u00fcr maximalen Speed? Geringes Gewicht und h\u00f6chste Effizienz! Der AMS ZERO99 C:68X 29 Rahmen erf\u00fcllt diese Anforderungen nahezu perfekt. Er besteht aus unserem hochwertigsten Carbonmaterial und wiegt nur etwa 1600 g. Dazu bietet er genug Platz f\u00fcr 2.4 Zoll breite Reifen, die selbst unter h\u00e4rtesten Gel\u00e4ndebedingungen hervorragenden Grip und Kontrolle bieten. Gemeinsam mit unserem Cross-Country-Team und U23-Europameistern haben wir uns au\u00dferdem f\u00fcr l\u00e4ngere Kettenstreben entschieden. Dadurch k\u00f6nnen wir bessere Klettereigenschaften generieren und gleichzeitig ein herausragendes Handling erm\u00f6glichen. Schlanke Rohrs\u00e4tze sorgen f\u00fcr ein komfortables, anstatt ruppiges Fahrverhalten und mit den integrierten Lagerschalen zur Winkelverstellung l\u00e4sst sich der Steuerrohrwinkel feinjustieren. 110 mm Federweg am Vorderrad in Kombination mit einer auf Agilit\u00e4t und Tempo ausgelegten Geometrie erledigen den Rest. Kurz: Gegen diese Speed-Maschine hat die Konkurrenz praktisch keine Chance!<\/p>\n<\/div>\n<\/div>\n<\/div>\n<\/section>\n<\/div>\n<\/div>\n<\/div>\n<\/section>\n","protected":false},"excerpt":{"rendered":"<section class=\"mod mod-text-toggle -background-default-color h-spacing-bottom-inner h-spacing-top-inner\">\n<div class=\"row\">\n<div class=\"columns medium-offset-1 medium-10 large-7 large-centered\">\n<div class=\"text h-spacing-bottom-outer\">\n<section class=\"mod mod-text-toggle -background-default-color h-spacing-bottom-inner h-spacing-top-inner\">\n<div class=\"row\">\n<div class=\"columns medium-offset-1 medium-10 large-7 large-centered\">\n<div class=\"text h-spacing-bottom-outer\">\n<section class=\"mod mod-text-toggle -background-default-color h-spacing-bottom-inner h-spacing-top-inner\">\n<div class=\"row\">\n<div class=\"columns medium-offset-1 medium-10 large-7 large-centered\">\n<div class=\"text h-spacing-bottom-outer\">\n<section class=\"mod mod-text-toggle -background-default-color h-spacing-bottom-inner h-spacing-top-inner\">\n<div class=\"row\">\n<div class=\"columns medium-offset-1 medium-10 large-7 large-centered\">\n<div class=\"text h-spacing-bottom-outer\">\n<section class=\"mod mod-text-toggle -background-default-color h-spacing-bottom-inner h-spacing-top-inner\">\n<div class=\"row\">\n<div class=\"columns medium-offset-1 medium-10 large-7 large-centered\">\n<div class=\"text h-spacing-bottom-outer\">\n<section class=\"mod mod-text-toggle -background-default-color h-spacing-bottom-inner h-spacing-top-inner\">\n<div class=\"row\">\n<div class=\"columns medium-offset-1 medium-10 large-7 large-centered\">\n<div class=\"text h-spacing-bottom-outer\">\n<section class=\"mod mod-text-toggle -background-default-color h-spacing-bottom-inner h-spacing-top-inner\">\n<div class=\"row\">\n<div class=\"columns medium-offset-1 medium-10 large-7 large-centered\">\n<div class=\"text h-spacing-bottom-outer\">\n<section class=\"mod mod-text-toggle -background-default-color h-spacing-bottom-inner h-spacing-top-inner\">\n<div class=\"row\">\n<div class=\"columns medium-offset-1 medium-10 large-7 large-centered\">\n<div class=\"text h-spacing-bottom-outer\">\n<section class=\"mod mod-text-toggle -background-default-color h-spacing-bottom-inner h-spacing-top-inner\">\n<div class=\"row\">\n<div class=\"columns medium-offset-1 medium-10 large-7 large-centered\">\n<div class=\"text h-spacing-bottom-outer\">\n<section class=\"mod mod-text-toggle -background-default-color h-spacing-bottom-inner h-spacing-top-inner\">\n<div class=\"row\">\n<div class=\"columns medium-offset-1 medium-10 large-7 large-centered\">\n<div class=\"text h-spacing-bottom-outer\">\n<section class=\"mod mod-text-toggle -background-default-color h-spacing-bottom-inner h-spacing-top-inner\">\n<div class=\"row\">\n<div class=\"columns medium-offset-1 medium-10 large-7 large-centered\">\n<div class=\"text h-spacing-bottom-outer\">\n<section class=\"mod mod-text-toggle -background-default-color h-spacing-bottom-inner h-spacing-top-inner\">\n<div class=\"row\">\n<div class=\"columns medium-offset-1 medium-10 large-7 large-centered\">\n<div class=\"text h-spacing-bottom-outer\">\n<section class=\"mod mod-text-toggle -background-default-color h-spacing-bottom-inner h-spacing-top-inner\">\n<div class=\"row\">\n<div class=\"columns medium-offset-1 medium-10 large-7 large-centered\">\n<div class=\"text h-spacing-bottom-outer\">\n<p class=\"text-center e-font-family-cond\">Die wichtigsten Voraussetzungen f\u00fcr maximalen Speed? Geringes Gewicht und h\u00f6chste Effizienz!<\/p>\n<\/div>\n<\/div>\n<\/div>\n<\/section>\n<\/div>\n<\/div>\n<\/div>\n<\/section>\n<\/div>\n<\/div>\n<\/div>\n<\/section>\n<\/div>\n<\/div>\n<\/div>\n<\/section>\n<\/div>\n<\/div>\n<\/div>\n<\/section>\n<\/div>\n<\/div>\n<\/div>\n<\/section>\n<\/div>\n<\/div>\n<\/div>\n<\/section>\n<\/div>\n<\/div>\n<\/div>\n<\/section>\n<\/div>\n<\/div>\n<\/div>\n<\/section>\n<\/div>\n<\/div>\n<\/div>\n<\/section>\n<\/div>\n<\/div>\n<\/div>\n<\/section>\n<\/div>\n<\/div>\n<\/div>\n<\/section>\n<\/div>\n<\/div>\n<\/div>\n<\/section>\n","protected":false},"featured_media":233297,"comment_status":"open","ping_status":"closed","template":"","meta":{"_et_pb_use_builder":"off","_et_pb_old_content":"<section class=\"mod mod-text-toggle -background-default-color h-spacing-bottom-inner h-spacing-top-inner\">\r\n<div class=\"row\">\r\n<div class=\"columns medium-offset-1 medium-10 large-7 large-centered\">\r\n<div class=\"text h-spacing-bottom-outer\"><section class=\"mod mod-text-toggle -background-default-color h-spacing-bottom-inner h-spacing-top-inner\">\r\n<div class=\"row\">\r\n<div class=\"columns medium-offset-1 medium-10 large-7 large-centered\">\r\n<div class=\"text h-spacing-bottom-outer\">\r\n<p class=\"text-center e-font-family-cond\">Unsere Stereo ONE22 Rahmen sind der Inbegriff von Komfort f\u00fcr Trail-Bikes \u2013 der Stereo ONE22 HPC geht sogar noch einen Schritt weiter. Er \u00fcberzeugt mit einem leichten, steifen und eleganten Hauptrahmen samt Umlenkhebel aus Carbon f\u00fcr geringes Gewicht und 1a-Handling. Au\u00dferdem mit einem kurzen Rocker, optisch integrierten Drehpunkten und einer effizienten Kinematik f\u00fcr hervorragende Traktion, erstklassigen Komfort und top Kontrolle. Und das konische Steuerrohr und der Boost 148 Hinterbau sorgen f\u00fcr geniale Lenkpr\u00e4zision. Last, but not least beschenkt dich das Bike dank unserer Agile Trail Geometry mit jeder Menge zuverl\u00e4ssiger Bodenhaftung und allerh\u00f6chstem Fahrspa\u00df.<\/p>\r\n\r\n<\/div>\r\n<\/div>\r\n<\/div>\r\n<\/section><\/div>\r\n<\/div>\r\n<\/div>\r\n<\/section>","_et_gb_content_width":""},"product_cat":[20,24,30],"product_tag":[71],"giftcard-category":[],"class_list":{"0":"post-233292","1":"product","2":"type-product","3":"status-publish","4":"has-post-thumbnail","6":"product_cat-bikes","7":"product_cat-mountainbike","8":"product_cat-fullsuspension","9":"product_tag-fully","11":"first","12":"outofstock","13":"taxable","14":"shipping-taxable","15":"purchasable","16":"product-type-variable","17":"has-default-attributes"},"_links":{"self":[{"href":"https:\/\/www.forbiker.it\/index.php\/wp-json\/wp\/v2\/product\/233292"}],"collection":[{"href":"https:\/\/www.forbiker.it\/index.php\/wp-json\/wp\/v2\/product"}],"about":[{"href":"https:\/\/www.forbiker.it\/index.php\/wp-json\/wp\/v2\/types\/product"}],"replies":[{"embeddable":true,"href":"https:\/\/www.forbiker.it\/index.php\/wp-json\/wp\/v2\/comments?post=233292"}],"wp:featuredmedia":[{"embeddable":true,"href":"https:\/\/www.forbiker.it\/index.php\/wp-json\/wp\/v2\/media\/233297"}],"wp:attachment":[{"href":"https:\/\/www.forbiker.it\/index.php\/wp-json\/wp\/v2\/media?parent=233292"}],"wp:term":[{"taxonomy":"product_cat","embeddable":true,"href":"https:\/\/www.forbiker.it\/index.php\/wp-json\/wp\/v2\/product_cat?post=233292"},{"taxonomy":"product_tag","embeddable":true,"href":"https:\/\/www.forbiker.it\/index.php\/wp-json\/wp\/v2\/product_tag?post=233292"},{"taxonomy":"giftcard-category","embeddable":true,"href":"https:\/\/www.forbiker.it\/index.php\/wp-json\/wp\/v2\/giftcard-category?post=233292"}],"curies":[{"name":"wp","href":"https:\/\/api.w.org\/{rel}","templated":true}]}}