{"id":233531,"date":"2024-09-06T12:24:47","date_gmt":"2024-09-06T10:24:47","guid":{"rendered":"https:\/\/www.forbiker.it\/?post_type=product&#038;p=233531"},"modified":"2026-03-18T09:33:30","modified_gmt":"2026-03-18T08:33:30","slug":"cube-litening-air-c68x-slt-2","status":"publish","type":"product","link":"https:\/\/www.forbiker.it\/index.php\/produkt\/cube-litening-air-c68x-slt-2\/","title":{"rendered":"CUBE LITENING AIR C:68X SLT"},"content":{"rendered":"<section class=\"mod mod-text-toggle -background-default-color h-spacing-bottom-inner h-spacing-top-inner\">\n<div class=\"row\">\n<div class=\"columns medium-offset-1 medium-10 large-7 large-centered\">\n<div class=\"text h-spacing-bottom-outer\">\n<section class=\"mod mod-text-toggle -background-default-color h-spacing-bottom-inner h-spacing-top-inner\">\n<div class=\"row\">\n<div class=\"columns medium-offset-1 medium-10 large-7 large-centered\">\n<div class=\"text h-spacing-bottom-outer\">\n<section class=\"mod mod-text-toggle -background-default-color h-spacing-bottom-inner h-spacing-top-inner\">\n<div class=\"row\">\n<div class=\"columns medium-offset-1 medium-10 large-7 large-centered\">\n<div class=\"text h-spacing-bottom-outer\">\n<section class=\"mod mod-text-toggle -background-default-color h-spacing-bottom-inner h-spacing-top-inner\">\n<div class=\"row\">\n<div class=\"columns medium-offset-1 medium-10 large-7 large-centered\">\n<div class=\"text h-spacing-bottom-outer\">\n<p class=\"description\">Ein aerodynamisches Bike, das optimal im Wind steht? Super! Aber ein Rennrad, das diesen Namen wirklich verdient, ist zus\u00e4tzlich extrem leicht. Bei der Entwicklung des Litening AIR C:68X haben wir eng mit dem Team Wanty zusammengearbeitet und ihm einen Rahmen aus unserem hochwertigen C:68X\u00ae Carbonmaterial gegeben. Er bringt bei mittlerer Rahmengr\u00f6\u00dfe lediglich circa 799 g auf die Waage und ist damit die perfekte schlanke Basis f\u00fcr ein UCI-konformes Race-Bike mit 7.1 kg Lebengewicht. Dass er zugleich superaerodynamisch und f\u00fcr l\u00e4ngere Fahrten und Rennen komfortabel zu fahren ist, versteht sich fast von selbst. Das Beste aus zwei Welten, sozusagen! Die Gewichtsersparnis gegen\u00fcber einem normalen Rennrad ist im Sattel deutlich sp\u00fcrbar \u2013 und die Ergebnisse sprechen f\u00fcr sich!<\/p>\n<\/div>\n<\/div>\n<\/div>\n<\/section>\n<\/div>\n<\/div>\n<\/div>\n<\/section>\n<\/div>\n<\/div>\n<\/div>\n<\/section>\n<\/div>\n<\/div>\n<\/div>\n<\/section>\n","protected":false},"excerpt":{"rendered":"<section class=\"mod mod-text-toggle -background-default-color h-spacing-bottom-inner h-spacing-top-inner\">\n<div class=\"row\">\n<div class=\"columns medium-offset-1 medium-10 large-7 large-centered\">\n<div class=\"text h-spacing-bottom-outer\">\n<section class=\"mod mod-text-toggle -background-default-color h-spacing-bottom-inner h-spacing-top-inner\">\n<div class=\"row\">\n<div class=\"columns medium-offset-1 medium-10 large-7 large-centered\">\n<div class=\"text h-spacing-bottom-outer\">\n<section class=\"mod mod-text-toggle -background-default-color h-spacing-bottom-inner h-spacing-top-inner\">\n<div class=\"row\">\n<div class=\"columns medium-offset-1 medium-10 large-7 large-centered\">\n<div class=\"text h-spacing-bottom-outer\">\n<p class=\"description\">Ein aerodynamisches Bike, das optimal im Wind steht? Super! Aber ein Rennrad, das diesen Namen wirklich verdient, ist zus\u00e4tzlich extrem leicht.<\/p>\n<\/div>\n<\/div>\n<\/div>\n<\/section>\n<\/div>\n<\/div>\n<\/div>\n<\/section>\n<\/div>\n<\/div>\n<\/div>\n<\/section>\n","protected":false},"featured_media":233537,"comment_status":"open","ping_status":"closed","template":"","meta":{"_et_pb_use_builder":"","_et_pb_old_content":"","_et_gb_content_width":""},"product_cat":[268,165,20,25,32],"product_tag":[63],"giftcard-category":[],"class_list":{"0":"post-233531","1":"product","2":"type-product","3":"status-publish","4":"has-post-thumbnail","6":"product_cat-268","7":"product_cat-angebote","8":"product_cat-bikes","9":"product_cat-strassenraeder","10":"product_cat-road","11":"product_tag-road","13":"first","14":"outofstock","15":"sale","16":"taxable","17":"shipping-taxable","18":"purchasable","19":"product-type-variable","20":"has-default-attributes"},"_links":{"self":[{"href":"https:\/\/www.forbiker.it\/index.php\/wp-json\/wp\/v2\/product\/233531"}],"collection":[{"href":"https:\/\/www.forbiker.it\/index.php\/wp-json\/wp\/v2\/product"}],"about":[{"href":"https:\/\/www.forbiker.it\/index.php\/wp-json\/wp\/v2\/types\/product"}],"replies":[{"embeddable":true,"href":"https:\/\/www.forbiker.it\/index.php\/wp-json\/wp\/v2\/comments?post=233531"}],"wp:featuredmedia":[{"embeddable":true,"href":"https:\/\/www.forbiker.it\/index.php\/wp-json\/wp\/v2\/media\/233537"}],"wp:attachment":[{"href":"https:\/\/www.forbiker.it\/index.php\/wp-json\/wp\/v2\/media?parent=233531"}],"wp:term":[{"taxonomy":"product_cat","embeddable":true,"href":"https:\/\/www.forbiker.it\/index.php\/wp-json\/wp\/v2\/product_cat?post=233531"},{"taxonomy":"product_tag","embeddable":true,"href":"https:\/\/www.forbiker.it\/index.php\/wp-json\/wp\/v2\/product_tag?post=233531"},{"taxonomy":"giftcard-category","embeddable":true,"href":"https:\/\/www.forbiker.it\/index.php\/wp-json\/wp\/v2\/giftcard-category?post=233531"}],"curies":[{"name":"wp","href":"https:\/\/api.w.org\/{rel}","templated":true}]}}