{"id":233945,"date":"2024-12-06T16:16:25","date_gmt":"2024-12-06T15:16:25","guid":{"rendered":"https:\/\/www.forbiker.it\/?post_type=product&#038;p=233945"},"modified":"2024-12-06T16:22:12","modified_gmt":"2024-12-06T15:22:12","slug":"cube-rucksack-atx-30","status":"publish","type":"product","link":"https:\/\/www.forbiker.it\/index.php\/produkt\/cube-rucksack-atx-30\/","title":{"rendered":"CUBE Rucksack ATX 30"},"content":{"rendered":"<section class=\"mod mod-acs-stage2 -background-acs-bright-grey h-double-spacing-top-inner \" data-uidtowatchlist=\"1415a\">\n<div class=\"row\">\n<div class=\"columns medium-5 large-4 small-12\">\n<div class=\"js-acs-fixed-scroll\">\n<div class=\"js-acs-fixed-scroll-content\">\n<section class=\"mod mod-acs-stage2 -background-acs-bright-grey h-double-spacing-top-inner \" data-uidtowatchlist=\"1344a\">\n<div class=\"row\">\n<div class=\"columns medium-5 large-4 small-12\">\n<div class=\"js-acs-fixed-scroll\">\n<div class=\"js-acs-fixed-scroll-content\">\n<section class=\"mod mod-acs-stage2 -background-acs-bright-grey h-double-spacing-top-inner \" data-uidtowatchlist=\"1346a\">\n<div class=\"row\">\n<div class=\"columns medium-5 large-4 small-12\">\n<div class=\"scrollmagic-pin-spacer\" data-scrollmagic-pin-spacer=\"\">\n<div class=\"js-acs-fixed-scroll\">\n<div class=\"js-acs-fixed-scroll-content\">\n<section class=\"mod mod-acs-stage2 -background-acs-bright-grey h-double-spacing-top-inner \" data-uidtowatchlist=\"3009a\">\n<div class=\"row\">\n<div class=\"columns medium-5 large-4 small-12\">\n<div class=\"js-acs-fixed-scroll\">\n<div class=\"js-acs-fixed-scroll-content\">\n<section class=\"mod mod-acs-stage2 -background-acs-bright-grey h-double-spacing-top-inner \" data-uidtowatchlist=\"3004a\">\n<div class=\"row\">\n<div class=\"columns medium-5 large-4 small-12\">\n<div class=\"js-acs-fixed-scroll\">\n<div class=\"js-acs-fixed-scroll-content\">\n<section class=\"mod mod-acs-stage2 -background-acs-bright-grey h-double-spacing-top-inner \" data-uidtowatchlist=\"1361a\">\n<div class=\"row\">\n<div class=\"columns medium-5 large-4 small-12\">\n<div class=\"js-acs-fixed-scroll\">\n<div class=\"js-acs-fixed-scroll-content\">\n<section class=\"mod mod-acs-stage2 -background-acs-bright-grey h-double-spacing-top-inner \" data-uidtowatchlist=\"3016a\">\n<div class=\"row\">\n<div class=\"columns medium-5 large-4 small-12\">\n<div class=\"js-acs-fixed-scroll\">\n<div class=\"js-acs-fixed-scroll-content\">\n<section class=\"mod mod-acs-stage2 -background-acs-bright-grey h-double-spacing-top-inner \" data-uidtowatchlist=\"1431a\">\n<div class=\"row\">\n<div class=\"columns medium-5 large-4 small-12\">\n<div class=\"js-acs-fixed-scroll\">\n<div class=\"js-acs-fixed-scroll-content\">\n<section class=\"mod mod-acs-stage2 -background-acs-bright-grey h-double-spacing-top-inner \" data-uidtowatchlist=\"1372a\">\n<div class=\"row\">\n<div class=\"columns medium-5 large-4 small-12\">\n<div class=\"js-acs-fixed-scroll\">\n<div class=\"js-acs-fixed-scroll-content\">\n<section class=\"mod mod-acs-stage2 -background-acs-bright-grey h-double-spacing-top-inner \" data-uidtowatchlist=\"1421a\">\n<div class=\"row\">\n<div class=\"columns medium-5 large-4 small-12\">\n<div class=\"js-acs-fixed-scroll\">\n<div class=\"js-acs-fixed-scroll-content\">\n<section class=\"mod mod-acs-stage2 -background-acs-bright-grey h-double-spacing-top-inner \" data-uidtowatchlist=\"3025a\">\n<div class=\"row\">\n<div class=\"columns medium-5 large-4 small-12\">\n<div class=\"js-acs-fixed-scroll\">\n<div class=\"js-acs-fixed-scroll-content\">\n<section class=\"mod mod-acs-stage2 -background-acs-bright-grey h-double-spacing-top-inner \" data-uidtowatchlist=\"3025a\">\n<div class=\"row\">\n<div class=\"columns medium-5 large-4 small-12\">\n<div class=\"js-acs-fixed-scroll\">\n<div class=\"js-acs-fixed-scroll-content\">\n<section class=\"mod mod-acs-stage2 -background-acs-bright-grey h-double-spacing-top-inner \" data-uidtowatchlist=\"3024a\">\n<div class=\"row\">\n<div class=\"columns medium-5 large-4 small-12\">\n<div class=\"js-acs-fixed-scroll\">\n<div class=\"js-acs-fixed-scroll-content\">\n<section class=\"mod mod-acs-stage2 -background-acs-bright-grey h-double-spacing-top-inner \" data-uidtowatchlist=\"3023a\">\n<div class=\"row\">\n<div class=\"columns medium-5 large-4 small-12\">\n<div class=\"js-acs-fixed-scroll\">\n<div class=\"js-acs-fixed-scroll-content\">\n<section class=\"mod mod-acs-stage2 -background-acs-bright-grey h-double-spacing-top-inner \" data-uidtowatchlist=\"3022a\">\n<div class=\"row\">\n<div class=\"columns medium-5 large-4 small-12\">\n<div class=\"js-acs-fixed-scroll\">\n<div class=\"js-acs-fixed-scroll-content\">\n<section class=\"mod mod-acs-stage2 -background-acs-bright-grey h-double-spacing-top-inner \" data-uidtowatchlist=\"3020a\">\n<div class=\"row\">\n<div class=\"columns medium-5 large-4 small-12\">\n<div class=\"js-acs-fixed-scroll\">\n<div class=\"js-acs-fixed-scroll-content\">\n<section class=\"mod mod-acs-stage2 -background-acs-bright-grey h-double-spacing-top-inner \" data-uidtowatchlist=\"3021a\">\n<div class=\"row\">\n<div class=\"columns medium-5 large-4 small-12\">\n<div class=\"js-acs-fixed-scroll\">\n<div class=\"js-acs-fixed-scroll-content\">\n<section class=\"mod mod-acs-stage2 -background-acs-bright-grey h-double-spacing-top-inner \" data-uidtowatchlist=\"3027a\">\n<div class=\"row\">\n<div class=\"columns medium-5 large-4 small-12\">\n<div class=\"js-acs-fixed-scroll\">\n<div class=\"js-acs-fixed-scroll-content\">\n<section class=\"mod mod-acs-stage2 -background-acs-bright-grey h-double-spacing-top-inner \" data-uidtowatchlist=\"3026a\">\n<div class=\"row\">\n<div class=\"columns medium-5 large-4 small-12\">\n<div class=\"js-acs-fixed-scroll\">\n<div class=\"js-acs-fixed-scroll-content\">\n<section class=\"mod mod-acs-stage2 -background-acs-bright-grey h-double-spacing-top-inner \" data-uidtowatchlist=\"662a\">\n<div class=\"row\">\n<div class=\"columns medium-5 large-4 small-12\">\n<div class=\"js-acs-fixed-scroll\">\n<div class=\"js-acs-fixed-scroll-content\">\n<section class=\"mod mod-acs-stage2 -background-acs-bright-grey h-double-spacing-top-inner \" data-uidtowatchlist=\"664a\">\n<div class=\"row\">\n<div class=\"columns medium-5 large-4 small-12\">\n<div class=\"js-acs-fixed-scroll\">\n<div class=\"js-acs-fixed-scroll-content\">\n<section class=\"mod mod-acs-stage2 -background-acs-bright-grey h-double-spacing-top-inner \" data-uidtowatchlist=\"681a\">\n<div class=\"row\">\n<div class=\"columns medium-5 large-4 small-12\">\n<div class=\"js-acs-fixed-scroll\">\n<div class=\"js-acs-fixed-scroll-content\">\n<section class=\"mod mod-acs-stage2 -background-acs-bright-grey h-double-spacing-top-inner \" data-uidtowatchlist=\"669a\">\n<div class=\"row\">\n<div class=\"columns medium-5 large-4 small-12\">\n<div class=\"js-acs-fixed-scroll\">\n<div class=\"js-acs-fixed-scroll-content\">\n<section class=\"mod mod-acs-stage2 -background-acs-bright-grey h-double-spacing-top-inner \" data-uidtowatchlist=\"682a\">\n<div class=\"row\">\n<div class=\"columns medium-5 large-4 small-12\">\n<div class=\"js-acs-fixed-scroll\">\n<div class=\"js-acs-fixed-scroll-content\">\n<p class=\"acs-info-p acs-description-long\">Ob f\u00fcr Transalp oder andere Mehrtages-Abenteuer: Der CUBE ATX 30, unser gr\u00f6\u00dfter Rucksack im Portfolio, bietet viel Stauraum. Dank dem von CUBE entwickelten NF Ergonomics R\u00fcckensystem und gepolsterten H\u00fcftgurt sitzt der Rucksack dabei immer noch optimal. Das Gewicht wird angenehm verteilt, der R\u00fccken ist gut polstert und bel\u00fcftet. Dank MOLLE-System l\u00e4sst sich zus\u00e4tzlich die CUBE ZUBEH\u00d6RTASCHE 1 oder CUBE ZUBEH\u00d6RTASCHE 2 mit Klettb\u00e4ndern sicher am Rucksack fixieren. Und wenn mal weniger Klamotten dabei sind, wird der Rucksack mit den seitlichen Kompressionsriemen einfach kompakt gezogen. Dank sinnvoller F\u00e4cheraufteilung, zwei Werkzeugf\u00e4chern und Smartphone-Seitenfach hast du alles Wichtigste parat. Plus Raincover und Trinkblasenfach \u2013 da bleiben keine W\u00fcnsche offen.<\/p>\n<\/div>\n<\/div>\n<\/div>\n<\/div>\n<\/section>\n<section class=\"pid1582\">\n<div class=\"mod mod-stage stage-background-position-top -background-secondary-color\" data-backgroundimage=\"\" data-greater-height=\"\">\n<div class=\"row h-spacing-bottom-inner h-spacing-top-inner\">\n<div class=\"columns medium-offset-4 medium-8 large-6 large-offset-6\">\n<div class=\"text text-center\"><\/div>\n<\/div>\n<\/div>\n<\/div>\n<\/section>\n<\/div>\n<\/div>\n<\/div>\n<\/div>\n<\/section>\n<section class=\"pid1582\">\n<div class=\"mod mod-stage stage-background-position-top -background-secondary-color\" data-backgroundimage=\"\" data-greater-height=\"\">\n<div class=\"row h-spacing-bottom-inner h-spacing-top-inner\">\n<div class=\"columns medium-offset-4 medium-8 large-6 large-offset-6\">\n<div class=\"text text-center\"><\/div>\n<\/div>\n<\/div>\n<\/div>\n<\/section>\n<\/div>\n<\/div>\n<\/div>\n<\/div>\n<\/section>\n<\/div>\n<\/div>\n<\/div>\n<\/div>\n<\/section>\n<section class=\"pid1581\">\n<div class=\"mod mod-stage stage-background-position-top -background-secondary-color\" data-backgroundimage=\"\" data-greater-height=\"\">\n<div class=\"row h-spacing-bottom-inner h-spacing-top-inner\">\n<div class=\"columns medium-offset-4 medium-8 large-6 large-offset-6\">\n<div class=\"text text-center\"><\/div>\n<\/div>\n<\/div>\n<\/div>\n<\/section>\n<\/div>\n<\/div>\n<\/div>\n<\/div>\n<\/section>\n<\/div>\n<\/div>\n<\/div>\n<\/div>\n<\/section>\n<section class=\"pid3062\">\n<div class=\"mod mod-stage stage-background-position-top -background-secondary-color\" data-backgroundimage=\"\" data-greater-height=\"\">\n<div class=\"row h-spacing-bottom-inner h-spacing-top-inner\">\n<div class=\"columns medium-offset-4 medium-8 large-6 large-offset-6\">\n<div class=\"text text-center\"><\/div>\n<\/div>\n<\/div>\n<\/div>\n<\/section>\n<\/div>\n<\/div>\n<\/div>\n<\/div>\n<\/section>\n<section class=\"pid3062\">\n<div class=\"mod mod-stage stage-background-position-top -background-secondary-color\" data-backgroundimage=\"\" data-greater-height=\"\">\n<div class=\"row h-spacing-bottom-inner h-spacing-top-inner\">\n<div class=\"columns medium-offset-4 medium-8 large-6 large-offset-6\">\n<div class=\"text text-center\"><\/div>\n<\/div>\n<\/div>\n<\/div>\n<\/section>\n<\/div>\n<\/div>\n<\/div>\n<\/div>\n<\/section>\n<section class=\"pid3071\">\n<div class=\"mod mod-stage stage-background-position-top -background-secondary-color\" data-backgroundimage=\"\" data-greater-height=\"\">\n<div class=\"row h-spacing-bottom-inner h-spacing-top-inner\">\n<div class=\"columns medium-offset-4 medium-8 large-6 large-offset-6\">\n<div class=\"text text-center\"><\/div>\n<\/div>\n<\/div>\n<\/div>\n<\/section>\n<\/div>\n<\/div>\n<\/div>\n<\/div>\n<\/section>\n<section class=\"pid3071\">\n<div class=\"mod mod-stage stage-background-position-top -background-secondary-color\" data-backgroundimage=\"\" data-greater-height=\"\">\n<div class=\"row h-spacing-bottom-inner h-spacing-top-inner\">\n<div class=\"columns medium-offset-4 medium-8 large-6 large-offset-6\">\n<div class=\"text text-center\"><\/div>\n<\/div>\n<\/div>\n<\/div>\n<\/section>\n<\/div>\n<\/div>\n<\/div>\n<\/div>\n<\/section>\n<section class=\"pid6318\">\n<div class=\"mod mod-stage stage-background-position-top -background-secondary-color\" data-backgroundimage=\"\" data-greater-height=\"\">\n<div class=\"row h-spacing-bottom-inner h-spacing-top-inner\">\n<div class=\"columns medium-offset-4 medium-8 large-6 large-offset-6\">\n<div class=\"text text-center\"><\/div>\n<\/div>\n<\/div>\n<\/div>\n<\/section>\n<\/div>\n<\/div>\n<\/div>\n<\/div>\n<\/section>\n<\/div>\n<\/div>\n<\/div>\n<\/div>\n<\/section>\n<\/div>\n<\/div>\n<\/div>\n<\/div>\n<\/section>\n<section class=\"pid6317\">\n<div class=\"mod mod-stage stage-background-position-top -background-secondary-color\" data-backgroundimage=\"\" data-greater-height=\"\">\n<div class=\"row h-spacing-bottom-inner h-spacing-top-inner\">\n<div class=\"columns medium-offset-4 medium-8 large-6 large-offset-6\">\n<div class=\"text text-center\"><\/div>\n<\/div>\n<\/div>\n<\/div>\n<\/section>\n<\/div>\n<\/div>\n<\/div>\n<\/div>\n<\/section>\n<\/div>\n<\/div>\n<\/div>\n<\/div>\n<\/section>\n<\/div>\n<\/div>\n<\/div>\n<\/div>\n<\/section>\n<\/div>\n<\/div>\n<\/div>\n<\/div>\n<\/section>\n<\/div>\n<\/div>\n<\/div>\n<\/div>\n<\/section>\n<\/div>\n<\/div>\n<\/div>\n<\/div>\n<\/section>\n<\/div>\n<\/div>\n<\/div>\n<\/div>\n<\/section>\n<\/div>\n<\/div>\n<\/div>\n<\/div>\n<\/section>\n<\/div>\n<\/div>\n<\/div>\n<\/div>\n<\/div>\n<\/section>\n<\/div>\n<\/div>\n<\/div>\n<\/div>\n<\/section>\n<\/div>\n<\/div>\n<\/div>\n<\/div>\n<\/section>\n","protected":false},"excerpt":{"rendered":"<section class=\"mod mod-acs-stage2 -background-acs-bright-grey h-double-spacing-top-inner \" data-uidtowatchlist=\"1415a\">\n<div class=\"row\">\n<div class=\"columns medium-5 large-4 small-12\">\n<div class=\"js-acs-fixed-scroll\">\n<div class=\"js-acs-fixed-scroll-content\">\n<section class=\"mod mod-acs-stage2 -background-acs-bright-grey h-double-spacing-top-inner \" data-uidtowatchlist=\"1344a\">\n<div class=\"row\">\n<div class=\"columns medium-5 large-4 small-12\">\n<div class=\"js-acs-fixed-scroll\">\n<div class=\"js-acs-fixed-scroll-content\">\n<section class=\"mod mod-acs-stage2 -background-acs-bright-grey h-double-spacing-top-inner \" data-uidtowatchlist=\"1346a\">\n<div class=\"row\">\n<div class=\"columns medium-5 large-4 small-12\">\n<div class=\"scrollmagic-pin-spacer\" data-scrollmagic-pin-spacer=\"\">\n<div class=\"js-acs-fixed-scroll\">\n<div class=\"js-acs-fixed-scroll-content\">\n<section class=\"mod mod-acs-stage2 -background-acs-bright-grey h-double-spacing-top-inner \" data-uidtowatchlist=\"3009a\">\n<div class=\"row\">\n<div class=\"columns medium-5 large-4 small-12\">\n<div class=\"js-acs-fixed-scroll\">\n<div class=\"js-acs-fixed-scroll-content\">\n<section class=\"mod mod-acs-stage2 -background-acs-bright-grey h-double-spacing-top-inner \" data-uidtowatchlist=\"3004a\">\n<div class=\"row\">\n<div class=\"columns medium-5 large-4 small-12\">\n<div class=\"js-acs-fixed-scroll\">\n<div class=\"js-acs-fixed-scroll-content\">\n<section class=\"mod mod-acs-stage2 -background-acs-bright-grey h-double-spacing-top-inner \" data-uidtowatchlist=\"1361a\">\n<div class=\"row\">\n<div class=\"columns medium-5 large-4 small-12\">\n<div class=\"js-acs-fixed-scroll\">\n<div class=\"js-acs-fixed-scroll-content\">\n<section class=\"mod mod-acs-stage2 -background-acs-bright-grey h-double-spacing-top-inner \" data-uidtowatchlist=\"3016a\">\n<div class=\"row\">\n<div class=\"columns medium-5 large-4 small-12\">\n<div class=\"js-acs-fixed-scroll\">\n<div class=\"js-acs-fixed-scroll-content\">\n<section class=\"mod mod-acs-stage2 -background-acs-bright-grey h-double-spacing-top-inner \" data-uidtowatchlist=\"1431a\">\n<div class=\"row\">\n<div class=\"columns medium-5 large-4 small-12\">\n<div class=\"js-acs-fixed-scroll\">\n<div class=\"js-acs-fixed-scroll-content\">\n<section class=\"mod mod-acs-stage2 -background-acs-bright-grey h-double-spacing-top-inner \" data-uidtowatchlist=\"1372a\">\n<div class=\"row\">\n<div class=\"columns medium-5 large-4 small-12\">\n<div class=\"js-acs-fixed-scroll\">\n<div class=\"js-acs-fixed-scroll-content\">\n<section class=\"mod mod-acs-stage2 -background-acs-bright-grey h-double-spacing-top-inner \" data-uidtowatchlist=\"1372a\">\n<div class=\"row\">\n<div class=\"columns medium-5 large-4 small-12\">\n<div class=\"js-acs-fixed-scroll\">\n<div class=\"js-acs-fixed-scroll-content\">\n<section class=\"mod mod-acs-stage2 -background-acs-bright-grey h-double-spacing-top-inner \" data-uidtowatchlist=\"1421a\">\n<div class=\"row\">\n<div class=\"columns medium-5 large-4 small-12\">\n<div class=\"js-acs-fixed-scroll\">\n<div class=\"js-acs-fixed-scroll-content\">\n<section class=\"mod mod-acs-stage2 -background-acs-bright-grey h-double-spacing-top-inner \" data-uidtowatchlist=\"3025a\">\n<div class=\"row\">\n<div class=\"columns medium-5 large-4 small-12\">\n<div class=\"js-acs-fixed-scroll\">\n<div class=\"js-acs-fixed-scroll-content\">\n<section class=\"mod mod-acs-stage2 -background-acs-bright-grey h-double-spacing-top-inner \" data-uidtowatchlist=\"3024a\">\n<div class=\"row\">\n<div class=\"columns medium-5 large-4 small-12\">\n<div class=\"js-acs-fixed-scroll\">\n<div class=\"js-acs-fixed-scroll-content\">\n<section class=\"mod mod-acs-stage2 -background-acs-bright-grey h-double-spacing-top-inner \" data-uidtowatchlist=\"3023a\">\n<div class=\"row\">\n<div class=\"columns medium-5 large-4 small-12\">\n<div class=\"js-acs-fixed-scroll\">\n<div class=\"js-acs-fixed-scroll-content\">\n<section class=\"mod mod-acs-stage2 -background-acs-bright-grey h-double-spacing-top-inner \" data-uidtowatchlist=\"3022a\">\n<div class=\"row\">\n<div class=\"columns medium-5 large-4 small-12\">\n<div class=\"js-acs-fixed-scroll\">\n<div class=\"js-acs-fixed-scroll-content\">\n<section class=\"mod mod-acs-stage2 -background-acs-bright-grey h-double-spacing-top-inner \" data-uidtowatchlist=\"3020a\">\n<div class=\"row\">\n<div class=\"columns medium-5 large-4 small-12\">\n<div class=\"js-acs-fixed-scroll\">\n<div class=\"js-acs-fixed-scroll-content\">\n<section class=\"mod mod-acs-stage2 -background-acs-bright-grey h-double-spacing-top-inner \" data-uidtowatchlist=\"3021a\">\n<div class=\"row\">\n<div class=\"columns medium-5 large-4 small-12\">\n<div class=\"js-acs-fixed-scroll\">\n<div class=\"js-acs-fixed-scroll-content\">\n<section class=\"mod mod-acs-stage2 -background-acs-bright-grey h-double-spacing-top-inner \" data-uidtowatchlist=\"3027a\">\n<div class=\"row\">\n<div class=\"columns medium-5 large-4 small-12\">\n<div class=\"js-acs-fixed-scroll\">\n<div class=\"js-acs-fixed-scroll-content\">\n<section class=\"mod mod-acs-stage2 -background-acs-bright-grey h-double-spacing-top-inner \" data-uidtowatchlist=\"3026a\">\n<div class=\"row\">\n<div class=\"columns medium-5 large-4 small-12\">\n<div class=\"js-acs-fixed-scroll\">\n<div class=\"js-acs-fixed-scroll-content\">\n<section class=\"mod mod-acs-stage2 -background-acs-bright-grey h-double-spacing-top-inner \" data-uidtowatchlist=\"664a\">\n<div class=\"row\">\n<div class=\"columns medium-5 large-4 small-12\">\n<div class=\"js-acs-fixed-scroll\">\n<div class=\"js-acs-fixed-scroll-content\">\n<section class=\"mod mod-acs-stage2 -background-acs-bright-grey h-double-spacing-top-inner \" data-uidtowatchlist=\"681a\">\n<div class=\"row\">\n<div class=\"columns medium-5 large-4 small-12\">\n<div class=\"js-acs-fixed-scroll\">\n<div class=\"js-acs-fixed-scroll-content\">\n<section class=\"mod mod-acs-stage2 -background-acs-bright-grey h-double-spacing-top-inner \" data-uidtowatchlist=\"669a\">\n<div class=\"row\">\n<div class=\"columns medium-5 large-4 small-12\">\n<div class=\"js-acs-fixed-scroll\">\n<div class=\"js-acs-fixed-scroll-content\">\n<section class=\"mod mod-acs-stage2 -background-acs-bright-grey h-double-spacing-top-inner \" data-uidtowatchlist=\"682a\">\n<div class=\"row\">\n<div class=\"columns medium-5 large-4 small-12\">\n<div class=\"js-acs-fixed-scroll\">\n<div class=\"js-acs-fixed-scroll-content\">\n<p class=\"acs-info-p acs-description-long\">Ob f\u00fcr Transalp oder andere Mehrtages-Abenteuer: Der CUBE ATX 30, unser gr\u00f6\u00dfter Rucksack im Portfolio, bietet viel Stauraum.<\/p>\n<\/div>\n<\/div>\n<\/div>\n<\/div>\n<\/section>\n<\/div>\n<\/div>\n<\/div>\n<\/div>\n<\/section>\n<\/div>\n<\/div>\n<\/div>\n<\/div>\n<\/section>\n<\/div>\n<\/div>\n<\/div>\n<\/div>\n<\/section>\n<section class=\"pid1581\">\n<div class=\"mod mod-stage stage-background-position-top -background-secondary-color\" data-backgroundimage=\"\" data-greater-height=\"\">\n<div class=\"row h-spacing-bottom-inner h-spacing-top-inner\">\n<div class=\"columns medium-offset-4 medium-8 large-6 large-offset-6\">\n<div class=\"text text-center\"><\/div>\n<\/div>\n<\/div>\n<\/div>\n<\/section>\n<\/div>\n<\/div>\n<\/div>\n<\/div>\n<\/section>\n<\/div>\n<\/div>\n<\/div>\n<\/div>\n<\/section>\n<\/div>\n<\/div>\n<\/div>\n<\/div>\n<\/section>\n<\/div>\n<\/div>\n<\/div>\n<\/div>\n<\/section>\n<\/div>\n<\/div>\n<\/div>\n<\/div>\n<\/section>\n<section class=\"pid6318\">\n<div class=\"mod mod-stage stage-background-position-top -background-secondary-color\" data-backgroundimage=\"\" data-greater-height=\"\">\n<div class=\"row h-spacing-bottom-inner h-spacing-top-inner\">\n<div class=\"columns medium-offset-4 medium-8 large-6 large-offset-6\">\n<div class=\"text text-center\"><\/div>\n<\/div>\n<\/div>\n<\/div>\n<\/section>\n<\/div>\n<\/div>\n<\/div>\n<\/div>\n<\/section>\n<\/div>\n<\/div>\n<\/div>\n<\/div>\n<\/section>\n<\/div>\n<\/div>\n<\/div>\n<\/div>\n<\/section>\n<section class=\"pid6317\">\n<div class=\"mod mod-stage stage-background-position-top -background-secondary-color\" data-backgroundimage=\"\" data-greater-height=\"\">\n<div class=\"row h-spacing-bottom-inner h-spacing-top-inner\">\n<div class=\"columns medium-offset-4 medium-8 large-6 large-offset-6\">\n<div class=\"text text-center\"><\/div>\n<\/div>\n<\/div>\n<\/div>\n<\/section>\n<\/div>\n<\/div>\n<\/div>\n<\/div>\n<\/section>\n<\/div>\n<\/div>\n<\/div>\n<\/div>\n<\/section>\n<\/div>\n<\/div>\n<\/div>\n<\/div>\n<\/section>\n<\/div>\n<\/div>\n<\/div>\n<\/div>\n<\/section>\n<\/div>\n<\/div>\n<\/div>\n<\/div>\n<\/section>\n<\/div>\n<\/div>\n<\/div>\n<\/div>\n<\/section>\n<\/div>\n<\/div>\n<\/div>\n<\/div>\n<\/section>\n<\/div>\n<\/div>\n<\/div>\n<\/div>\n<\/section>\n<\/div>\n<\/div>\n<\/div>\n<\/div>\n<\/div>\n<\/section>\n<\/div>\n<\/div>\n<\/div>\n<\/div>\n<\/section>\n<\/div>\n<\/div>\n<\/div>\n<\/div>\n<\/section>\n","protected":false},"featured_media":233954,"comment_status":"open","ping_status":"closed","template":"","meta":{"_et_pb_use_builder":"","_et_pb_old_content":"","_et_gb_content_width":""},"product_cat":[23,60],"product_tag":[],"giftcard-category":[],"class_list":{"0":"post-233945","1":"product","2":"type-product","3":"status-publish","4":"has-post-thumbnail","6":"product_cat-gear","7":"product_cat-rucksaecke","9":"first","10":"instock","11":"taxable","12":"shipping-taxable","13":"purchasable","14":"product-type-simple"},"_links":{"self":[{"href":"https:\/\/www.forbiker.it\/index.php\/wp-json\/wp\/v2\/product\/233945"}],"collection":[{"href":"https:\/\/www.forbiker.it\/index.php\/wp-json\/wp\/v2\/product"}],"about":[{"href":"https:\/\/www.forbiker.it\/index.php\/wp-json\/wp\/v2\/types\/product"}],"replies":[{"embeddable":true,"href":"https:\/\/www.forbiker.it\/index.php\/wp-json\/wp\/v2\/comments?post=233945"}],"wp:featuredmedia":[{"embeddable":true,"href":"https:\/\/www.forbiker.it\/index.php\/wp-json\/wp\/v2\/media\/233954"}],"wp:attachment":[{"href":"https:\/\/www.forbiker.it\/index.php\/wp-json\/wp\/v2\/media?parent=233945"}],"wp:term":[{"taxonomy":"product_cat","embeddable":true,"href":"https:\/\/www.forbiker.it\/index.php\/wp-json\/wp\/v2\/product_cat?post=233945"},{"taxonomy":"product_tag","embeddable":true,"href":"https:\/\/www.forbiker.it\/index.php\/wp-json\/wp\/v2\/product_tag?post=233945"},{"taxonomy":"giftcard-category","embeddable":true,"href":"https:\/\/www.forbiker.it\/index.php\/wp-json\/wp\/v2\/giftcard-category?post=233945"}],"curies":[{"name":"wp","href":"https:\/\/api.w.org\/{rel}","templated":true}]}}