{"id":234097,"date":"2024-12-06T17:37:01","date_gmt":"2024-12-06T16:37:01","guid":{"rendered":"https:\/\/www.forbiker.it\/?post_type=product&#038;p=234097"},"modified":"2024-12-06T17:53:10","modified_gmt":"2024-12-06T16:53:10","slug":"cube-rucksack-vertex-9-rookie-tm","status":"publish","type":"product","link":"https:\/\/www.forbiker.it\/index.php\/produkt\/cube-rucksack-vertex-9-rookie-tm\/","title":{"rendered":"CUBE Rucksack VERTEX 9 ROOKIE TM"},"content":{"rendered":"<section class=\"mod mod-acs-stage2 -background-acs-bright-grey h-double-spacing-top-inner \" data-uidtowatchlist=\"1415a\">\n<div class=\"row\">\n<div class=\"columns medium-5 large-4 small-12\">\n<div class=\"js-acs-fixed-scroll\">\n<div class=\"js-acs-fixed-scroll-content\">\n<section class=\"mod mod-acs-stage2 -background-acs-bright-grey h-double-spacing-top-inner \" data-uidtowatchlist=\"1344a\">\n<div class=\"row\">\n<div class=\"columns medium-5 large-4 small-12\">\n<div class=\"js-acs-fixed-scroll\">\n<div class=\"js-acs-fixed-scroll-content\">\n<section class=\"mod mod-acs-stage2 -background-acs-bright-grey h-double-spacing-top-inner \" data-uidtowatchlist=\"1346a\">\n<div class=\"row\">\n<div class=\"columns medium-5 large-4 small-12\">\n<div class=\"scrollmagic-pin-spacer\" data-scrollmagic-pin-spacer=\"\">\n<div class=\"js-acs-fixed-scroll\">\n<div class=\"js-acs-fixed-scroll-content\">\n<section class=\"mod mod-acs-stage2 -background-acs-bright-grey h-double-spacing-top-inner \" data-uidtowatchlist=\"3009a\">\n<div class=\"row\">\n<div class=\"columns medium-5 large-4 small-12\">\n<div class=\"js-acs-fixed-scroll\">\n<div class=\"js-acs-fixed-scroll-content\">\n<section class=\"mod mod-acs-stage2 -background-acs-bright-grey h-double-spacing-top-inner \" data-uidtowatchlist=\"3004a\">\n<div class=\"row\">\n<div class=\"columns medium-5 large-4 small-12\">\n<div class=\"js-acs-fixed-scroll\">\n<div class=\"js-acs-fixed-scroll-content\">\n<section class=\"mod mod-acs-stage2 -background-acs-bright-grey h-double-spacing-top-inner \" data-uidtowatchlist=\"1361a\">\n<div class=\"row\">\n<div class=\"columns medium-5 large-4 small-12\">\n<div class=\"js-acs-fixed-scroll\">\n<div class=\"js-acs-fixed-scroll-content\">\n<section class=\"mod mod-acs-stage2 -background-acs-bright-grey h-double-spacing-top-inner \" data-uidtowatchlist=\"3016a\">\n<div class=\"row\">\n<div class=\"columns medium-5 large-4 small-12\">\n<div class=\"js-acs-fixed-scroll\">\n<div class=\"js-acs-fixed-scroll-content\">\n<section class=\"mod mod-acs-stage2 -background-acs-bright-grey h-double-spacing-top-inner \" data-uidtowatchlist=\"1431a\">\n<div class=\"row\">\n<div class=\"columns medium-5 large-4 small-12\">\n<div class=\"js-acs-fixed-scroll\">\n<div class=\"js-acs-fixed-scroll-content\">\n<section class=\"mod mod-acs-stage2 -background-acs-bright-grey h-double-spacing-top-inner \" data-uidtowatchlist=\"1372a\">\n<div class=\"row\">\n<div class=\"columns medium-5 large-4 small-12\">\n<div class=\"js-acs-fixed-scroll\">\n<div class=\"js-acs-fixed-scroll-content\">\n<section class=\"mod mod-acs-stage2 -background-acs-bright-grey h-double-spacing-top-inner \" data-uidtowatchlist=\"1421a\">\n<div class=\"row\">\n<div class=\"columns medium-5 large-4 small-12\">\n<div class=\"js-acs-fixed-scroll\">\n<div class=\"js-acs-fixed-scroll-content\">\n<section class=\"mod mod-acs-stage2 -background-acs-bright-grey h-double-spacing-top-inner \" data-uidtowatchlist=\"3025a\">\n<div class=\"row\">\n<div class=\"columns medium-5 large-4 small-12\">\n<div class=\"js-acs-fixed-scroll\">\n<div class=\"js-acs-fixed-scroll-content\">\n<section class=\"mod mod-acs-stage2 -background-acs-bright-grey h-double-spacing-top-inner \" data-uidtowatchlist=\"3025a\">\n<div class=\"row\">\n<div class=\"columns medium-5 large-4 small-12\">\n<div class=\"js-acs-fixed-scroll\">\n<div class=\"js-acs-fixed-scroll-content\">\n<section class=\"mod mod-acs-stage2 -background-acs-bright-grey h-double-spacing-top-inner \" data-uidtowatchlist=\"3024a\">\n<div class=\"row\">\n<div class=\"columns medium-5 large-4 small-12\">\n<div class=\"js-acs-fixed-scroll\">\n<div class=\"js-acs-fixed-scroll-content\">\n<section class=\"mod mod-acs-stage2 -background-acs-bright-grey h-double-spacing-top-inner \" data-uidtowatchlist=\"3023a\">\n<div class=\"row\">\n<div class=\"columns medium-5 large-4 small-12\">\n<div class=\"js-acs-fixed-scroll\">\n<div class=\"js-acs-fixed-scroll-content\">\n<section class=\"mod mod-acs-stage2 -background-acs-bright-grey h-double-spacing-top-inner \" data-uidtowatchlist=\"3022a\">\n<div class=\"row\">\n<div class=\"columns medium-5 large-4 small-12\">\n<div class=\"js-acs-fixed-scroll\">\n<div class=\"js-acs-fixed-scroll-content\">\n<section class=\"mod mod-acs-stage2 -background-acs-bright-grey h-double-spacing-top-inner \" data-uidtowatchlist=\"3020a\">\n<div class=\"row\">\n<div class=\"columns medium-5 large-4 small-12\">\n<div class=\"js-acs-fixed-scroll\">\n<div class=\"js-acs-fixed-scroll-content\">\n<section class=\"mod mod-acs-stage2 -background-acs-bright-grey h-double-spacing-top-inner \" data-uidtowatchlist=\"3021a\">\n<div class=\"row\">\n<div class=\"columns medium-5 large-4 small-12\">\n<div class=\"js-acs-fixed-scroll\">\n<div class=\"js-acs-fixed-scroll-content\">\n<section class=\"mod mod-acs-stage2 -background-acs-bright-grey h-double-spacing-top-inner \" data-uidtowatchlist=\"3027a\">\n<div class=\"row\">\n<div class=\"columns medium-5 large-4 small-12\">\n<div class=\"js-acs-fixed-scroll\">\n<div class=\"js-acs-fixed-scroll-content\">\n<section class=\"mod mod-acs-stage2 -background-acs-bright-grey h-double-spacing-top-inner \" data-uidtowatchlist=\"3026a\">\n<div class=\"row\">\n<div class=\"columns medium-5 large-4 small-12\">\n<div class=\"js-acs-fixed-scroll\">\n<div class=\"js-acs-fixed-scroll-content\">\n<section class=\"mod mod-acs-stage2 -background-acs-bright-grey h-double-spacing-top-inner \" data-uidtowatchlist=\"662a\">\n<div class=\"row\">\n<div class=\"columns medium-5 large-4 small-12\">\n<div class=\"js-acs-fixed-scroll\">\n<div class=\"js-acs-fixed-scroll-content\">\n<section class=\"mod mod-acs-stage2 -background-acs-bright-grey h-double-spacing-top-inner \" data-uidtowatchlist=\"664a\">\n<div class=\"row\">\n<div class=\"columns medium-5 large-4 small-12\">\n<div class=\"js-acs-fixed-scroll\">\n<div class=\"js-acs-fixed-scroll-content\">\n<section class=\"mod mod-acs-stage2 -background-acs-bright-grey h-double-spacing-top-inner \" data-uidtowatchlist=\"681a\">\n<div class=\"row\">\n<div class=\"columns medium-5 large-4 small-12\">\n<div class=\"js-acs-fixed-scroll\">\n<div class=\"js-acs-fixed-scroll-content\">\n<section class=\"mod mod-acs-stage2 -background-acs-bright-grey h-double-spacing-top-inner \" data-uidtowatchlist=\"669a\">\n<div class=\"row\">\n<div class=\"columns medium-5 large-4 small-12\">\n<div class=\"js-acs-fixed-scroll\">\n<div class=\"js-acs-fixed-scroll-content\">\n<section class=\"mod mod-acs-stage2 -background-acs-bright-grey h-double-spacing-top-inner \" data-uidtowatchlist=\"682a\">\n<div class=\"row\">\n<div class=\"columns medium-5 large-4 small-12\">\n<div class=\"js-acs-fixed-scroll\">\n<div class=\"js-acs-fixed-scroll-content\">\n<p class=\"acs-info-p acs-description-long\">Unser High-Class Rucksack f\u00fcr den Nachwuchs. Der VERTEX 9 ROOKIE TM steckt, wie das Modell f\u00fcr die Gro\u00dfen, voller sinnvoller Features: Dank dem von CUBE entwickelten Natural Fit R\u00fcckensystem sitzt er bei allen Fahrman\u00f6vern optimal am R\u00fccken. Der VERTEX 9 ROOKIE ist ausgestattet mit einem SAS-TEC SCA-400 Protektor. Helmhalterung, Leuchtenhalterung, Raincover, Protektorenhalterung \u2013 alles dabei. Trinkblasen-Kompatibilit\u00e4t ist Ehrensache. Reflektierende Elemente erh\u00f6hen die Sichtbarkeit. Und die Signalpfeife am Brustgurt kann im Fall der F\u00e4lle schon mal ein kleines Detail mit gro\u00dfem Nutzen sein \u2026<\/p>\n<\/div>\n<\/div>\n<\/div>\n<\/div>\n<\/section>\n<\/div>\n<\/div>\n<\/div>\n<\/div>\n<\/section>\n<\/div>\n<\/div>\n<\/div>\n<\/div>\n<\/section>\n<\/div>\n<\/div>\n<\/div>\n<\/div>\n<\/section>\n<\/div>\n<\/div>\n<\/div>\n<\/div>\n<\/section>\n<\/div>\n<\/div>\n<\/div>\n<\/div>\n<\/section>\n<\/div>\n<\/div>\n<\/div>\n<\/div>\n<\/section>\n<\/div>\n<\/div>\n<\/div>\n<\/div>\n<\/section>\n<\/div>\n<\/div>\n<\/div>\n<\/div>\n<\/section>\n<section class=\"pid3071\">\n<div class=\"mod mod-stage stage-background-position-top -background-secondary-color\" data-backgroundimage=\"\" data-greater-height=\"\">\n<div class=\"row h-spacing-bottom-inner h-spacing-top-inner\">\n<div class=\"columns medium-offset-4 medium-8 large-6 large-offset-6\">\n<div class=\"text text-center\"><\/div>\n<\/div>\n<\/div>\n<\/div>\n<\/section>\n<\/div>\n<\/div>\n<\/div>\n<\/div>\n<\/section>\n<section class=\"pid6318\">\n<div class=\"mod mod-stage stage-background-position-top -background-secondary-color\" data-backgroundimage=\"\" data-greater-height=\"\">\n<div class=\"row h-spacing-bottom-inner h-spacing-top-inner\">\n<div class=\"columns medium-offset-4 medium-8 large-6 large-offset-6\">\n<div class=\"text text-center\"><\/div>\n<\/div>\n<\/div>\n<\/div>\n<\/section>\n<\/div>\n<\/div>\n<\/div>\n<\/div>\n<\/section>\n<\/div>\n<\/div>\n<\/div>\n<\/div>\n<\/section>\n<\/div>\n<\/div>\n<\/div>\n<\/div>\n<\/section>\n<section class=\"pid6317\">\n<div class=\"mod mod-stage stage-background-position-top -background-secondary-color\" data-backgroundimage=\"\" data-greater-height=\"\">\n<div class=\"row h-spacing-bottom-inner h-spacing-top-inner\">\n<div class=\"columns medium-offset-4 medium-8 large-6 large-offset-6\">\n<div class=\"text text-center\"><\/div>\n<\/div>\n<\/div>\n<\/div>\n<\/section>\n<\/div>\n<\/div>\n<\/div>\n<\/div>\n<\/section>\n<\/div>\n<\/div>\n<\/div>\n<\/div>\n<\/section>\n<\/div>\n<\/div>\n<\/div>\n<\/div>\n<\/section>\n<\/div>\n<\/div>\n<\/div>\n<\/div>\n<\/section>\n<\/div>\n<\/div>\n<\/div>\n<\/div>\n<\/section>\n<\/div>\n<\/div>\n<\/div>\n<\/div>\n<\/section>\n<\/div>\n<\/div>\n<\/div>\n<\/div>\n<\/section>\n<\/div>\n<\/div>\n<\/div>\n<\/div>\n<\/section>\n<\/div>\n<\/div>\n<\/div>\n<\/div>\n<\/div>\n<\/section>\n<\/div>\n<\/div>\n<\/div>\n<\/div>\n<\/section>\n<\/div>\n<\/div>\n<\/div>\n<\/div>\n<\/section>\n","protected":false},"excerpt":{"rendered":"<section class=\"mod mod-acs-stage2 -background-acs-bright-grey h-double-spacing-top-inner \" data-uidtowatchlist=\"1415a\">\n<div class=\"row\">\n<div class=\"columns medium-5 large-4 small-12\">\n<div class=\"js-acs-fixed-scroll\">\n<div class=\"js-acs-fixed-scroll-content\">\n<section class=\"mod mod-acs-stage2 -background-acs-bright-grey h-double-spacing-top-inner \" data-uidtowatchlist=\"1344a\">\n<div class=\"row\">\n<div class=\"columns medium-5 large-4 small-12\">\n<div class=\"js-acs-fixed-scroll\">\n<div class=\"js-acs-fixed-scroll-content\">\n<section class=\"mod mod-acs-stage2 -background-acs-bright-grey h-double-spacing-top-inner \" data-uidtowatchlist=\"1346a\">\n<div class=\"row\">\n<div class=\"columns medium-5 large-4 small-12\">\n<div class=\"scrollmagic-pin-spacer\" data-scrollmagic-pin-spacer=\"\">\n<div class=\"js-acs-fixed-scroll\">\n<div class=\"js-acs-fixed-scroll-content\">\n<section class=\"mod mod-acs-stage2 -background-acs-bright-grey h-double-spacing-top-inner \" data-uidtowatchlist=\"3009a\">\n<div class=\"row\">\n<div class=\"columns medium-5 large-4 small-12\">\n<div class=\"js-acs-fixed-scroll\">\n<div class=\"js-acs-fixed-scroll-content\">\n<section class=\"mod mod-acs-stage2 -background-acs-bright-grey h-double-spacing-top-inner \" data-uidtowatchlist=\"3004a\">\n<div class=\"row\">\n<div class=\"columns medium-5 large-4 small-12\">\n<div class=\"js-acs-fixed-scroll\">\n<div class=\"js-acs-fixed-scroll-content\">\n<section class=\"mod mod-acs-stage2 -background-acs-bright-grey h-double-spacing-top-inner \" data-uidtowatchlist=\"1361a\">\n<div class=\"row\">\n<div class=\"columns medium-5 large-4 small-12\">\n<div class=\"js-acs-fixed-scroll\">\n<div class=\"js-acs-fixed-scroll-content\">\n<section class=\"mod mod-acs-stage2 -background-acs-bright-grey h-double-spacing-top-inner \" data-uidtowatchlist=\"3016a\">\n<div class=\"row\">\n<div class=\"columns medium-5 large-4 small-12\">\n<div class=\"js-acs-fixed-scroll\">\n<div class=\"js-acs-fixed-scroll-content\">\n<section class=\"mod mod-acs-stage2 -background-acs-bright-grey h-double-spacing-top-inner \" data-uidtowatchlist=\"1431a\">\n<div class=\"row\">\n<div class=\"columns medium-5 large-4 small-12\">\n<div class=\"js-acs-fixed-scroll\">\n<div class=\"js-acs-fixed-scroll-content\">\n<section class=\"mod mod-acs-stage2 -background-acs-bright-grey h-double-spacing-top-inner \" data-uidtowatchlist=\"1372a\">\n<div class=\"row\">\n<div class=\"columns medium-5 large-4 small-12\">\n<div class=\"js-acs-fixed-scroll\">\n<div class=\"js-acs-fixed-scroll-content\">\n<section class=\"mod mod-acs-stage2 -background-acs-bright-grey h-double-spacing-top-inner \" data-uidtowatchlist=\"1372a\">\n<div class=\"row\">\n<div class=\"columns medium-5 large-4 small-12\">\n<div class=\"js-acs-fixed-scroll\">\n<div class=\"js-acs-fixed-scroll-content\">\n<section class=\"mod mod-acs-stage2 -background-acs-bright-grey h-double-spacing-top-inner \" data-uidtowatchlist=\"1421a\">\n<div class=\"row\">\n<div class=\"columns medium-5 large-4 small-12\">\n<div class=\"js-acs-fixed-scroll\">\n<div class=\"js-acs-fixed-scroll-content\">\n<section class=\"mod mod-acs-stage2 -background-acs-bright-grey h-double-spacing-top-inner \" data-uidtowatchlist=\"3025a\">\n<div class=\"row\">\n<div class=\"columns medium-5 large-4 small-12\">\n<div class=\"js-acs-fixed-scroll\">\n<div class=\"js-acs-fixed-scroll-content\">\n<section class=\"mod mod-acs-stage2 -background-acs-bright-grey h-double-spacing-top-inner \" data-uidtowatchlist=\"3024a\">\n<div class=\"row\">\n<div class=\"columns medium-5 large-4 small-12\">\n<div class=\"js-acs-fixed-scroll\">\n<div class=\"js-acs-fixed-scroll-content\">\n<section class=\"mod mod-acs-stage2 -background-acs-bright-grey h-double-spacing-top-inner \" data-uidtowatchlist=\"3023a\">\n<div class=\"row\">\n<div class=\"columns medium-5 large-4 small-12\">\n<div class=\"js-acs-fixed-scroll\">\n<div class=\"js-acs-fixed-scroll-content\">\n<section class=\"mod mod-acs-stage2 -background-acs-bright-grey h-double-spacing-top-inner \" data-uidtowatchlist=\"3022a\">\n<div class=\"row\">\n<div class=\"columns medium-5 large-4 small-12\">\n<div class=\"js-acs-fixed-scroll\">\n<div class=\"js-acs-fixed-scroll-content\">\n<section class=\"mod mod-acs-stage2 -background-acs-bright-grey h-double-spacing-top-inner \" data-uidtowatchlist=\"3020a\">\n<div class=\"row\">\n<div class=\"columns medium-5 large-4 small-12\">\n<div class=\"js-acs-fixed-scroll\">\n<div class=\"js-acs-fixed-scroll-content\">\n<section class=\"mod mod-acs-stage2 -background-acs-bright-grey h-double-spacing-top-inner \" data-uidtowatchlist=\"3021a\">\n<div class=\"row\">\n<div class=\"columns medium-5 large-4 small-12\">\n<div class=\"js-acs-fixed-scroll\">\n<div class=\"js-acs-fixed-scroll-content\">\n<section class=\"mod mod-acs-stage2 -background-acs-bright-grey h-double-spacing-top-inner \" data-uidtowatchlist=\"3027a\">\n<div class=\"row\">\n<div class=\"columns medium-5 large-4 small-12\">\n<div class=\"js-acs-fixed-scroll\">\n<div class=\"js-acs-fixed-scroll-content\">\n<section class=\"mod mod-acs-stage2 -background-acs-bright-grey h-double-spacing-top-inner \" data-uidtowatchlist=\"3026a\">\n<div class=\"row\">\n<div class=\"columns medium-5 large-4 small-12\">\n<div class=\"js-acs-fixed-scroll\">\n<div class=\"js-acs-fixed-scroll-content\">\n<section class=\"mod mod-acs-stage2 -background-acs-bright-grey h-double-spacing-top-inner \" data-uidtowatchlist=\"664a\">\n<div class=\"row\">\n<div class=\"columns medium-5 large-4 small-12\">\n<div class=\"js-acs-fixed-scroll\">\n<div class=\"js-acs-fixed-scroll-content\">\n<section class=\"mod mod-acs-stage2 -background-acs-bright-grey h-double-spacing-top-inner \" data-uidtowatchlist=\"681a\">\n<div class=\"row\">\n<div class=\"columns medium-5 large-4 small-12\">\n<div class=\"js-acs-fixed-scroll\">\n<div class=\"js-acs-fixed-scroll-content\">\n<section class=\"mod mod-acs-stage2 -background-acs-bright-grey h-double-spacing-top-inner \" data-uidtowatchlist=\"669a\">\n<div class=\"row\">\n<div class=\"columns medium-5 large-4 small-12\">\n<div class=\"js-acs-fixed-scroll\">\n<div class=\"js-acs-fixed-scroll-content\">\n<section class=\"mod mod-acs-stage2 -background-acs-bright-grey h-double-spacing-top-inner \" data-uidtowatchlist=\"682a\">\n<div class=\"row\">\n<div class=\"columns medium-5 large-4 small-12\">\n<div class=\"js-acs-fixed-scroll\">\n<div class=\"js-acs-fixed-scroll-content\">\n<p class=\"acs-info-p acs-description-long\">Unser High-Class Rucksack f\u00fcr den Nachwuchs. Der VERTEX 9 ROOKIE TM steckt, wie das Modell f\u00fcr die Gro\u00dfen, voller sinnvoller Features.<\/p>\n<\/div>\n<\/div>\n<\/div>\n<\/div>\n<\/section>\n<\/div>\n<\/div>\n<\/div>\n<\/div>\n<\/section>\n<\/div>\n<\/div>\n<\/div>\n<\/div>\n<\/section>\n<\/div>\n<\/div>\n<\/div>\n<\/div>\n<\/section>\n<\/div>\n<\/div>\n<\/div>\n<\/div>\n<\/section>\n<\/div>\n<\/div>\n<\/div>\n<\/div>\n<\/section>\n<\/div>\n<\/div>\n<\/div>\n<\/div>\n<\/section>\n<\/div>\n<\/div>\n<\/div>\n<\/div>\n<\/section>\n<\/div>\n<\/div>\n<\/div>\n<\/div>\n<\/section>\n<\/div>\n<\/div>\n<\/div>\n<\/div>\n<\/section>\n<\/div>\n<\/div>\n<\/div>\n<\/div>\n<\/section>\n<\/div>\n<\/div>\n<\/div>\n<\/div>\n<\/section>\n<section class=\"pid6317\">\n<div class=\"mod mod-stage stage-background-position-top -background-secondary-color\" data-backgroundimage=\"\" data-greater-height=\"\">\n<div class=\"row h-spacing-bottom-inner h-spacing-top-inner\">\n<div class=\"columns medium-offset-4 medium-8 large-6 large-offset-6\">\n<div class=\"text text-center\"><\/div>\n<\/div>\n<\/div>\n<\/div>\n<\/section>\n<\/div>\n<\/div>\n<\/div>\n<\/div>\n<\/section>\n<\/div>\n<\/div>\n<\/div>\n<\/div>\n<\/section>\n<\/div>\n<\/div>\n<\/div>\n<\/div>\n<\/section>\n<\/div>\n<\/div>\n<\/div>\n<\/div>\n<\/section>\n<\/div>\n<\/div>\n<\/div>\n<\/div>\n<\/section>\n<\/div>\n<\/div>\n<\/div>\n<\/div>\n<\/section>\n<\/div>\n<\/div>\n<\/div>\n<\/div>\n<\/section>\n<\/div>\n<\/div>\n<\/div>\n<\/div>\n<\/section>\n<\/div>\n<\/div>\n<\/div>\n<\/div>\n<\/div>\n<\/section>\n<\/div>\n<\/div>\n<\/div>\n<\/div>\n<\/section>\n<\/div>\n<\/div>\n<\/div>\n<\/div>\n<\/section>\n","protected":false},"featured_media":234102,"comment_status":"open","ping_status":"closed","template":"","meta":{"_et_pb_use_builder":"","_et_pb_old_content":"","_et_gb_content_width":""},"product_cat":[23,60],"product_tag":[],"giftcard-category":[],"class_list":{"0":"post-234097","1":"product","2":"type-product","3":"status-publish","4":"has-post-thumbnail","6":"product_cat-gear","7":"product_cat-rucksaecke","9":"first","10":"instock","11":"taxable","12":"shipping-taxable","13":"purchasable","14":"product-type-simple"},"_links":{"self":[{"href":"https:\/\/www.forbiker.it\/index.php\/wp-json\/wp\/v2\/product\/234097"}],"collection":[{"href":"https:\/\/www.forbiker.it\/index.php\/wp-json\/wp\/v2\/product"}],"about":[{"href":"https:\/\/www.forbiker.it\/index.php\/wp-json\/wp\/v2\/types\/product"}],"replies":[{"embeddable":true,"href":"https:\/\/www.forbiker.it\/index.php\/wp-json\/wp\/v2\/comments?post=234097"}],"wp:featuredmedia":[{"embeddable":true,"href":"https:\/\/www.forbiker.it\/index.php\/wp-json\/wp\/v2\/media\/234102"}],"wp:attachment":[{"href":"https:\/\/www.forbiker.it\/index.php\/wp-json\/wp\/v2\/media?parent=234097"}],"wp:term":[{"taxonomy":"product_cat","embeddable":true,"href":"https:\/\/www.forbiker.it\/index.php\/wp-json\/wp\/v2\/product_cat?post=234097"},{"taxonomy":"product_tag","embeddable":true,"href":"https:\/\/www.forbiker.it\/index.php\/wp-json\/wp\/v2\/product_tag?post=234097"},{"taxonomy":"giftcard-category","embeddable":true,"href":"https:\/\/www.forbiker.it\/index.php\/wp-json\/wp\/v2\/giftcard-category?post=234097"}],"curies":[{"name":"wp","href":"https:\/\/api.w.org\/{rel}","templated":true}]}}