{"id":234583,"date":"2025-03-06T09:32:02","date_gmt":"2025-03-06T08:32:02","guid":{"rendered":"https:\/\/www.forbiker.it\/?post_type=product&#038;p=234583"},"modified":"2026-03-17T08:15:47","modified_gmt":"2026-03-17T07:15:47","slug":"cube-numove-14-3","status":"publish","type":"product","link":"https:\/\/www.forbiker.it\/index.php\/produkt\/cube-numove-14-3\/","title":{"rendered":"CUBE NUMOVE 14 FLASHWHITE-PINK"},"content":{"rendered":"<section class=\"mod mod-text-toggle -background-default-color h-spacing-bottom-inner h-spacing-top-inner\">\n<div class=\"row\">\n<div class=\"columns medium-offset-1 medium-10 large-7 large-centered\">\n<div class=\"text h-spacing-bottom-outer\">\n<section class=\"mod mod-text-toggle -background-default-color h-spacing-bottom-inner h-spacing-top-inner\">\n<div class=\"row\">\n<div class=\"columns medium-offset-1 medium-10 large-7 large-centered\">\n<div class=\"text h-spacing-bottom-outer\">\n<section class=\"mod mod-text-toggle -background-default-color h-spacing-bottom-inner h-spacing-top-inner\">\n<div class=\"row\">\n<div class=\"columns medium-offset-1 medium-10 large-7 large-centered\">\n<div class=\"text h-spacing-bottom-outer\">\n<section class=\"mod mod-text-toggle -background-default-color h-spacing-bottom-inner h-spacing-top-inner\">\n<div class=\"row\">\n<div class=\"columns medium-offset-1 medium-10 large-7 large-centered\">\n<div class=\"text h-spacing-bottom-outer\">\n<section class=\"mod mod-text-toggle -background-default-color h-spacing-bottom-inner h-spacing-top-inner\">\n<div class=\"row\">\n<div class=\"columns medium-offset-1 medium-10 large-7 large-centered\">\n<div class=\"text h-spacing-bottom-outer\">\n<section class=\"mod mod-text-toggle -background-default-color h-spacing-bottom-inner h-spacing-top-inner\">\n<div class=\"row\">\n<div class=\"columns medium-offset-1 medium-10 large-7 large-centered\">\n<div class=\"text h-spacing-bottom-outer\">\n<section class=\"mod mod-text-toggle -background-default-color h-spacing-bottom-inner h-spacing-top-inner\">\n<div class=\"row\">\n<div class=\"columns medium-offset-1 medium-10 large-7 large-centered\">\n<div class=\"text h-spacing-bottom-outer\">\n<section class=\"mod mod-text-toggle -background-default-color h-spacing-bottom-inner h-spacing-top-inner\">\n<div class=\"row\">\n<div class=\"columns medium-offset-1 medium-10 large-7 large-centered\">\n<div class=\"text h-spacing-bottom-outer\">\n<section class=\"mod mod-text-toggle -background-default-color h-spacing-bottom-inner h-spacing-top-inner\">\n<div class=\"row\">\n<div class=\"columns medium-offset-1 medium-10 large-7 large-centered\">\n<div class=\"text h-spacing-bottom-outer\">\n<section class=\"mod mod-text-toggle -background-default-color h-spacing-bottom-inner h-spacing-top-inner\">\n<div class=\"row\">\n<div class=\"columns medium-offset-1 medium-10 large-7 large-centered\">\n<div class=\"text h-spacing-bottom-outer\">\n<section class=\"mod mod-text-toggle -background-default-color h-spacing-bottom-inner h-spacing-top-inner\">\n<div class=\"row\">\n<div class=\"columns medium-offset-1 medium-10 large-7 large-centered\">\n<div class=\"text h-spacing-bottom-outer\">\n<section class=\"mod mod-text-toggle -background-default-color h-spacing-bottom-inner h-spacing-top-inner\">\n<div class=\"row\">\n<div class=\"columns medium-offset-1 medium-10 large-7 large-centered\">\n<div class=\"text h-spacing-bottom-outer\">\n<section class=\"mod mod-text-toggle -background-default-color h-spacing-bottom-inner h-spacing-top-inner\">\n<div class=\"row\">\n<div class=\"columns medium-offset-1 medium-10 large-7 large-centered\">\n<div class=\"text h-spacing-bottom-outer\">\n<section class=\"mod mod-text-toggle -background-default-color h-spacing-bottom-inner h-spacing-top-inner\">\n<div class=\"row\">\n<div class=\"columns medium-offset-1 medium-10 large-7 large-centered\">\n<div class=\"text h-spacing-bottom-outer\">\n<p class=\"text-center e-font-family-cond\">Zu jedem ambitionierten Nachwuchsfahrer geh\u00f6rt ein Bike, das mit genauso viel Herzblut und Liebe zum Detail konstruiert wurde wie das von Mama oder Papa. Eines wie das Numove 140 mit seinem schlanken Rahmen. Bei der Entwicklung wurde besonderes Augenmerk auf geringes Gewicht gelegt, und zwar ohne Abstriche in Sachen Stabilit\u00e4t. Dadurch kann das Chassis mit s\u00e4mtlichen Belastungen und auch dem einen oder anderen unvermeidlichen Sturz souver\u00e4n umgehen. Passend dazu haben wir eine Aluminiumstarrgabel verbaut und die Proportionen und Geometrie passgenau auf junge Fahrer abgestimmt \u2013 f\u00fcr schnelle Lernfortschritte und tollen Fahrspa\u00df! Das perfekte \u201eerste Bike&#8221; also!<\/p>\n<\/div>\n<\/div>\n<\/div>\n<\/section>\n<section class=\"-background-default-color h-spacing-bottom-inner\" data-anchor=\"Ausstattung\" data-scroll-index=\"2\">\n<div class=\"row\">\n<div class=\"columns medium-offset-1 small-12 medium-10 large-5 small-up-margin-bottom--size-300\">\n<div class=\"mod mod-spec-table bike-specs\">\n<div class=\"specs-headline\"><\/div>\n<\/div>\n<\/div>\n<\/div>\n<\/section>\n<\/div>\n<\/div>\n<\/div>\n<\/section>\n<\/div>\n<\/div>\n<\/div>\n<\/section>\n<\/div>\n<\/div>\n<\/div>\n<\/section>\n<\/div>\n<\/div>\n<\/div>\n<\/section>\n<\/div>\n<\/div>\n<\/div>\n<\/section>\n<\/div>\n<\/div>\n<\/div>\n<\/section>\n<\/div>\n<\/div>\n<\/div>\n<\/section>\n<\/div>\n<\/div>\n<\/div>\n<\/section>\n<\/div>\n<\/div>\n<\/div>\n<\/section>\n<\/div>\n<\/div>\n<\/div>\n<\/section>\n<\/div>\n<\/div>\n<\/div>\n<\/section>\n<\/div>\n<\/div>\n<\/div>\n<\/section>\n<\/div>\n<\/div>\n<\/div>\n<\/section>\n","protected":false},"excerpt":{"rendered":"<section class=\"mod mod-text-toggle -background-default-color h-spacing-bottom-inner h-spacing-top-inner\">\n<div class=\"row\">\n<div class=\"columns medium-offset-1 medium-10 large-7 large-centered\">\n<div class=\"text h-spacing-bottom-outer\">\n<section class=\"mod mod-text-toggle -background-default-color h-spacing-bottom-inner h-spacing-top-inner\">\n<div class=\"row\">\n<div class=\"columns medium-offset-1 medium-10 large-7 large-centered\">\n<div class=\"text h-spacing-bottom-outer\">\n<section class=\"mod mod-text-toggle -background-default-color h-spacing-bottom-inner h-spacing-top-inner\">\n<div class=\"row\">\n<div class=\"columns medium-offset-1 medium-10 large-7 large-centered\">\n<div class=\"text h-spacing-bottom-outer\">\n<section class=\"mod mod-text-toggle -background-default-color h-spacing-bottom-inner h-spacing-top-inner\">\n<div class=\"row\">\n<div class=\"columns medium-offset-1 medium-10 large-7 large-centered\">\n<div class=\"text h-spacing-bottom-outer\">\n<section class=\"mod mod-text-toggle -background-default-color h-spacing-bottom-inner h-spacing-top-inner\">\n<div class=\"row\">\n<div class=\"columns medium-offset-1 medium-10 large-7 large-centered\">\n<div class=\"text h-spacing-bottom-outer\">\n<section class=\"mod mod-text-toggle -background-default-color h-spacing-bottom-inner h-spacing-top-inner\">\n<div class=\"row\">\n<div class=\"columns medium-offset-1 medium-10 large-7 large-centered\">\n<div class=\"text h-spacing-bottom-outer\">\n<section class=\"mod mod-text-toggle -background-default-color h-spacing-bottom-inner h-spacing-top-inner\">\n<div class=\"row\">\n<div class=\"columns medium-offset-1 medium-10 large-7 large-centered\">\n<div class=\"text h-spacing-bottom-outer\">\n<section class=\"mod mod-text-toggle -background-default-color h-spacing-bottom-inner h-spacing-top-inner\">\n<div class=\"row\">\n<div class=\"columns medium-offset-1 medium-10 large-7 large-centered\">\n<div class=\"text h-spacing-bottom-outer\">\n<section class=\"mod mod-text-toggle -background-default-color h-spacing-bottom-inner h-spacing-top-inner\">\n<div class=\"row\">\n<div class=\"columns medium-offset-1 medium-10 large-7 large-centered\">\n<div class=\"text h-spacing-bottom-outer\">\n<section class=\"mod mod-text-toggle -background-default-color h-spacing-bottom-inner h-spacing-top-inner\">\n<div class=\"row\">\n<div class=\"columns medium-offset-1 medium-10 large-7 large-centered\">\n<div class=\"text h-spacing-bottom-outer\">\n<p class=\"text-body-1\">Zu jedem ambitionierten Nachwuchsfahrer geh\u00f6rt ein Bike, das mit genauso viel Herzblut und Liebe zum Detail konstruiert wurde wie das von Mama oder Papa.<\/p>\n<p class=\"text-body-1\"><b>K\u00d6RPERGR\u00d6SSE: 97 &#8211; 107 cm<\/b><br \/>\n<b>SCHRITTL\u00c4NGE: 39 &#8211; 47 cm<\/b><\/p>\n<\/div>\n<\/div>\n<\/div>\n<\/section>\n<\/div>\n<\/div>\n<\/div>\n<\/section>\n<\/div>\n<\/div>\n<\/div>\n<\/section>\n<\/div>\n<\/div>\n<\/div>\n<\/section>\n<\/div>\n<\/div>\n<\/div>\n<\/section>\n<\/div>\n<\/div>\n<\/div>\n<\/section>\n<\/div>\n<\/div>\n<\/div>\n<\/section>\n<\/div>\n<\/div>\n<\/div>\n<\/section>\n<\/div>\n<\/div>\n<\/div>\n<\/section>\n<\/div>\n<\/div>\n<\/div>\n<\/section>\n","protected":false},"featured_media":234574,"comment_status":"open","ping_status":"closed","template":"","meta":{"_et_pb_use_builder":"","_et_pb_old_content":"","_et_gb_content_width":""},"product_cat":[20,29,128],"product_tag":[194,260],"giftcard-category":[],"class_list":{"0":"post-234583","1":"product","2":"type-product","3":"status-publish","4":"has-post-thumbnail","6":"product_cat-bikes","7":"product_cat-kids","8":"product_cat-14-ab-2-jahre","9":"product_tag-194","10":"product_tag-numove","12":"first","13":"instock","14":"taxable","15":"shipping-taxable","16":"purchasable","17":"product-type-simple"},"_links":{"self":[{"href":"https:\/\/www.forbiker.it\/index.php\/wp-json\/wp\/v2\/product\/234583"}],"collection":[{"href":"https:\/\/www.forbiker.it\/index.php\/wp-json\/wp\/v2\/product"}],"about":[{"href":"https:\/\/www.forbiker.it\/index.php\/wp-json\/wp\/v2\/types\/product"}],"replies":[{"embeddable":true,"href":"https:\/\/www.forbiker.it\/index.php\/wp-json\/wp\/v2\/comments?post=234583"}],"wp:featuredmedia":[{"embeddable":true,"href":"https:\/\/www.forbiker.it\/index.php\/wp-json\/wp\/v2\/media\/234574"}],"wp:attachment":[{"href":"https:\/\/www.forbiker.it\/index.php\/wp-json\/wp\/v2\/media?parent=234583"}],"wp:term":[{"taxonomy":"product_cat","embeddable":true,"href":"https:\/\/www.forbiker.it\/index.php\/wp-json\/wp\/v2\/product_cat?post=234583"},{"taxonomy":"product_tag","embeddable":true,"href":"https:\/\/www.forbiker.it\/index.php\/wp-json\/wp\/v2\/product_tag?post=234583"},{"taxonomy":"giftcard-category","embeddable":true,"href":"https:\/\/www.forbiker.it\/index.php\/wp-json\/wp\/v2\/giftcard-category?post=234583"}],"curies":[{"name":"wp","href":"https:\/\/api.w.org\/{rel}","templated":true}]}}