{"id":235061,"date":"2025-09-03T16:18:21","date_gmt":"2025-09-03T14:18:21","guid":{"rendered":"https:\/\/www.forbiker.it\/?post_type=product&#038;p=235061"},"modified":"2026-04-13T10:31:29","modified_gmt":"2026-04-13T08:31:29","slug":"cube-stereo-hybrid-one44-ex-2026","status":"publish","type":"product","link":"https:\/\/www.forbiker.it\/index.php\/produkt\/cube-stereo-hybrid-one44-ex-2026\/","title":{"rendered":"CUBE STEREO HYBRID ONE44 EX"},"content":{"rendered":"<p>Bei der Entwicklung des Stereo Hybrid ONE44 haben wir uns auf top Performance in Kombination mit hoher Anpassbarkeit konzentriert. Insofern ist dieses Chassis mit einem kompakten 800 Wh PowerTube Akku best\u00fcckt, der den leistungsstarken Bosch CX Motor mit bis zu 100 Nm Drehmoment engagiert vorw\u00e4rtstreibt. Dazu gibt&#8217;s 140 mm Federweg an der Front und am Heck sowie Montagepunkte f\u00fcr Schutzbleche. Unser Internal Cable Routing spielt der cleanen, eleganten Optik des Rahmens in die Karten. Was noch? Ein UDH Schaltauge f\u00fcr einfache Ersatzteilverf\u00fcgbarkeit, eine unauff\u00e4llig und formsch\u00f6n ins Design integrierte Direct Mount Kettenf\u00fchrung \u2013 und wer einen Gep\u00e4cktr\u00e4ger nachr\u00fcsten m\u00f6chte, profitiert von den SIC 2.0 Aufnahmepunkten. Dank Size Split haben wir f\u00fcr so gut wie alle die richtige Passform im Angebot.<\/p>\n","protected":false},"excerpt":{"rendered":"<p>Bei der Entwicklung des Stereo Hybrid ONE44 haben wir uns auf top Performance in Kombination mit hoher Anpassbarkeit konzentriert.<\/p>\n","protected":false},"featured_media":235066,"comment_status":"open","ping_status":"closed","template":"","meta":{"_et_pb_use_builder":"off","_et_pb_old_content":"Clever konstruiert, ist halb gewonnen \u2013 das gilt auch f\u00fcr den schlanken Rahmen dieses beliebten Stereo Hybrid Trail-E-Bikes. Dank unserem Modular Battery System f\u00fcgt sich der bis zu 750 Wh starke Akku fast unsichtbar ins Chassis ein und ist dort zugleich optimal vor Schmutz und Spritzwasser gesch\u00fctzt. Weil die Z\u00fcge komplett im Inneren verlaufen, sieht es zudem nicht nur superelegant aus, sondern kommt am Steuerrohr auch komplett ohne Zugeing\u00e4nge aus. Unser ausgekl\u00fcgeltes Viergelenker-Design reagiert sensibel auf Schl\u00e4ge und Vibrationen auf ruppigen Trails. Und unsere Comfort Geometry mit einem Boost 148 Hinterbau und 1.5 Zoll Steuerrohr f\u00fcr mehr Steifigkeit vereinfacht das allgemeine Handling. F\u00fcr top Vielseitigkeit und Flexibilit\u00e4t l\u00e4sst sich der Rahmen sogar mit Schutzblechen, Gep\u00e4cktr\u00e4ger und Seitenst\u00e4nder nachr\u00fcsten. Wie auch immer der Trail-Plan lautet, dieses Bike steht bereit!","_et_gb_content_width":""},"product_cat":[283,21,45,46],"product_tag":[73,68,154,230],"giftcard-category":[],"class_list":{"0":"post-235061","1":"product","2":"type-product","3":"status-publish","4":"has-post-thumbnail","6":"product_cat-283","7":"product_cat-ebikes","8":"product_cat-e-mountainbike","9":"product_cat-fullsuspension-e-mountainbike","10":"product_tag-73","11":"product_tag-ebike","12":"product_tag-ex","13":"product_tag-one44","15":"first","16":"outofstock","17":"taxable","18":"shipping-taxable","19":"purchasable","20":"product-type-variable"},"_links":{"self":[{"href":"https:\/\/www.forbiker.it\/index.php\/wp-json\/wp\/v2\/product\/235061"}],"collection":[{"href":"https:\/\/www.forbiker.it\/index.php\/wp-json\/wp\/v2\/product"}],"about":[{"href":"https:\/\/www.forbiker.it\/index.php\/wp-json\/wp\/v2\/types\/product"}],"replies":[{"embeddable":true,"href":"https:\/\/www.forbiker.it\/index.php\/wp-json\/wp\/v2\/comments?post=235061"}],"wp:featuredmedia":[{"embeddable":true,"href":"https:\/\/www.forbiker.it\/index.php\/wp-json\/wp\/v2\/media\/235066"}],"wp:attachment":[{"href":"https:\/\/www.forbiker.it\/index.php\/wp-json\/wp\/v2\/media?parent=235061"}],"wp:term":[{"taxonomy":"product_cat","embeddable":true,"href":"https:\/\/www.forbiker.it\/index.php\/wp-json\/wp\/v2\/product_cat?post=235061"},{"taxonomy":"product_tag","embeddable":true,"href":"https:\/\/www.forbiker.it\/index.php\/wp-json\/wp\/v2\/product_tag?post=235061"},{"taxonomy":"giftcard-category","embeddable":true,"href":"https:\/\/www.forbiker.it\/index.php\/wp-json\/wp\/v2\/giftcard-category?post=235061"}],"curies":[{"name":"wp","href":"https:\/\/api.w.org\/{rel}","templated":true}]}}