{"id":235202,"date":"2025-09-03T18:07:08","date_gmt":"2025-09-03T16:07:08","guid":{"rendered":"https:\/\/www.forbiker.it\/?post_type=product&#038;p=235202"},"modified":"2026-03-31T10:35:24","modified_gmt":"2026-03-31T08:35:24","slug":"cube-stereo-hybrid-one44-hpc-slt-2026","status":"publish","type":"product","link":"https:\/\/www.forbiker.it\/index.php\/produkt\/cube-stereo-hybrid-one44-hpc-slt-2026\/","title":{"rendered":"CUBE STEREO HYBRID ONE44 HPC SLT"},"content":{"rendered":"<p>Bei einem richtig guten Bike sind mitunter kleinste Details ausschlaggebend \u2013 so wie beim Stereo Hybrid ONE44 HPC mit seinem Hauptrahmen aus High Performance Carbon (HPC). Zum einen gibt es einen Steuersatz mit Winkelverstellung, mit dem sich das Handling an individuelle Anforderungen anpassen l\u00e4sst, zum anderen eine Direct Mount Kettenf\u00fchrung, damit die Kette zu jeder Zeit pr\u00e4zise auf Spur bleibt. Unser Internal Cable Routing spielt der cleanen Optik in die Karten. Dazu gibt der \u00e4sthetisch ins Oberrohr integrierte Bosch Controller samt Purion 400 Display detailliert Auskunft \u00fcber die Leistung des kraftvollen Bosch CX Motors und 800 Wh PowerTube Akkus. Schl\u00e4ge und St\u00f6\u00dfe auf ruppigen Trails b\u00fcgeln die 150 mm Federweg an der Front und die 140 mm am Heck souver\u00e4n glatt. Was noch? Ein UDH Schaltauge f\u00fcr einfache Ersatzteilverf\u00fcgbarkeit. Clever: Dank Size Split haben wir f\u00fcr fast alle die richtige Passform im Angebot.<\/p>\n","protected":false},"excerpt":{"rendered":"<p>Bei einem richtig guten Bike sind mitunter kleinste Details ausschlaggebend \u2013 so wie beim Stereo Hybrid ONE44 HPC mit seinem Hauptrahmen aus High Performance Carbon (HPC).<\/p>\n","protected":false},"featured_media":235207,"comment_status":"open","ping_status":"closed","template":"","meta":{"_et_pb_use_builder":"off","_et_pb_old_content":"Clever konstruiert, ist halb gewonnen \u2013 das gilt auch f\u00fcr den schlanken Rahmen dieses beliebten Stereo Hybrid Trail-E-Bikes. Dank unserem Modular Battery System f\u00fcgt sich der bis zu 750 Wh starke Akku fast unsichtbar ins Chassis ein und ist dort zugleich optimal vor Schmutz und Spritzwasser gesch\u00fctzt. Weil die Z\u00fcge komplett im Inneren verlaufen, sieht es zudem nicht nur superelegant aus, sondern kommt am Steuerrohr auch komplett ohne Zugeing\u00e4nge aus. Unser ausgekl\u00fcgeltes Viergelenker-Design reagiert sensibel auf Schl\u00e4ge und Vibrationen auf ruppigen Trails. Und unsere Comfort Geometry mit einem Boost 148 Hinterbau und 1.5 Zoll Steuerrohr f\u00fcr mehr Steifigkeit vereinfacht das allgemeine Handling. F\u00fcr top Vielseitigkeit und Flexibilit\u00e4t l\u00e4sst sich der Rahmen sogar mit Schutzblechen, Gep\u00e4cktr\u00e4ger und Seitenst\u00e4nder nachr\u00fcsten. Wie auch immer der Trail-Plan lautet, dieses Bike steht bereit!","_et_gb_content_width":""},"product_cat":[283,21,45,46],"product_tag":[73,68,230,140],"giftcard-category":[],"class_list":{"0":"post-235202","1":"product","2":"type-product","3":"status-publish","4":"has-post-thumbnail","6":"product_cat-283","7":"product_cat-ebikes","8":"product_cat-e-mountainbike","9":"product_cat-fullsuspension-e-mountainbike","10":"product_tag-73","11":"product_tag-ebike","12":"product_tag-one44","13":"product_tag-slt","15":"first","16":"outofstock","17":"taxable","18":"shipping-taxable","19":"purchasable","20":"product-type-variable"},"_links":{"self":[{"href":"https:\/\/www.forbiker.it\/index.php\/wp-json\/wp\/v2\/product\/235202"}],"collection":[{"href":"https:\/\/www.forbiker.it\/index.php\/wp-json\/wp\/v2\/product"}],"about":[{"href":"https:\/\/www.forbiker.it\/index.php\/wp-json\/wp\/v2\/types\/product"}],"replies":[{"embeddable":true,"href":"https:\/\/www.forbiker.it\/index.php\/wp-json\/wp\/v2\/comments?post=235202"}],"wp:featuredmedia":[{"embeddable":true,"href":"https:\/\/www.forbiker.it\/index.php\/wp-json\/wp\/v2\/media\/235207"}],"wp:attachment":[{"href":"https:\/\/www.forbiker.it\/index.php\/wp-json\/wp\/v2\/media?parent=235202"}],"wp:term":[{"taxonomy":"product_cat","embeddable":true,"href":"https:\/\/www.forbiker.it\/index.php\/wp-json\/wp\/v2\/product_cat?post=235202"},{"taxonomy":"product_tag","embeddable":true,"href":"https:\/\/www.forbiker.it\/index.php\/wp-json\/wp\/v2\/product_tag?post=235202"},{"taxonomy":"giftcard-category","embeddable":true,"href":"https:\/\/www.forbiker.it\/index.php\/wp-json\/wp\/v2\/giftcard-category?post=235202"}],"curies":[{"name":"wp","href":"https:\/\/api.w.org\/{rel}","templated":true}]}}