{"id":235215,"date":"2025-09-04T11:28:22","date_gmt":"2025-09-04T09:28:22","guid":{"rendered":"https:\/\/www.forbiker.it\/?post_type=product&#038;p=235215"},"modified":"2026-03-31T10:35:50","modified_gmt":"2026-03-31T08:35:50","slug":"cube-stereo-hybrid-one77-hpc-slx-2026","status":"publish","type":"product","link":"https:\/\/www.forbiker.it\/index.php\/produkt\/cube-stereo-hybrid-one77-hpc-slx-2026\/","title":{"rendered":"CUBE STEREO HYBRID ONE77 HPC SLX"},"content":{"rendered":"<p>Der Rahmen des Stereo Hybrid ONE77 HPC ist wahrlich eine Klasse f\u00fcr sich, denn hier treffen 170 mm Federweg an der Front und am Heck auf ein Mullet-Set-up mit einem 29 Zoll Vorderrad und 27.5 Zoll Hinterrad. Damit werden Big-Mountain-Trail-Tr\u00e4ume wahr! Wie immer bei CUBE maximal detailverliebt konstruiert auch der Rest: Integrated Cable Routing sorgt f\u00fcr einen supercleanen Look. Dazu kommt ein Steuersatz zur Winkelverstellung, mit dem sich das Handling an individuelle Vorlieben und Anforderungen anpassen l\u00e4sst. Au\u00dferdem haben wir den 800 Wh starken PowerTube Akku gleich \u00fcber dem Bosch CX Motor sauber und formsch\u00f6n ins Carbon-Unterrohr integriert. F\u00fcr einfachere Ersatzteilverf\u00fcgbarkeit gibt&#8217;s ein UDH am Aluminium-Hinterbau \u2013 und weil wir auch eine Direct Mount Kettenf\u00fchrung verbaut haben, geht&#8217;s mit diesem Fully selbst bei schwierigen Bedingungen weiter, weiter und immer weiter.<\/p>\n","protected":false},"excerpt":{"rendered":"<p>Der Rahmen des Stereo Hybrid ONE77 HPC ist wahrlich eine Klasse f\u00fcr sich, denn hier treffen 170 mm Federweg an der Front und am Heck auf ein Mullet-Set-up mit einem 29 Zoll Vorderrad und 27.5 Zoll Hinterrad.<\/p>\n","protected":false},"featured_media":235220,"comment_status":"open","ping_status":"closed","template":"","meta":{"_et_pb_use_builder":"off","_et_pb_old_content":"Clever konstruiert, ist halb gewonnen \u2013 das gilt auch f\u00fcr den schlanken Rahmen dieses beliebten Stereo Hybrid Trail-E-Bikes. Dank unserem Modular Battery System f\u00fcgt sich der bis zu 750 Wh starke Akku fast unsichtbar ins Chassis ein und ist dort zugleich optimal vor Schmutz und Spritzwasser gesch\u00fctzt. Weil die Z\u00fcge komplett im Inneren verlaufen, sieht es zudem nicht nur superelegant aus, sondern kommt am Steuerrohr auch komplett ohne Zugeing\u00e4nge aus. Unser ausgekl\u00fcgeltes Viergelenker-Design reagiert sensibel auf Schl\u00e4ge und Vibrationen auf ruppigen Trails. Und unsere Comfort Geometry mit einem Boost 148 Hinterbau und 1.5 Zoll Steuerrohr f\u00fcr mehr Steifigkeit vereinfacht das allgemeine Handling. F\u00fcr top Vielseitigkeit und Flexibilit\u00e4t l\u00e4sst sich der Rahmen sogar mit Schutzblechen, Gep\u00e4cktr\u00e4ger und Seitenst\u00e4nder nachr\u00fcsten. Wie auch immer der Trail-Plan lautet, dieses Bike steht bereit!","_et_gb_content_width":""},"product_cat":[283,21,45,46],"product_tag":[285,68,77],"giftcard-category":[],"class_list":{"0":"post-235215","1":"product","2":"type-product","3":"status-publish","4":"has-post-thumbnail","6":"product_cat-283","7":"product_cat-ebikes","8":"product_cat-e-mountainbike","9":"product_cat-fullsuspension-e-mountainbike","10":"product_tag-285","11":"product_tag-ebike","12":"product_tag-enduro","14":"first","15":"outofstock","16":"taxable","17":"shipping-taxable","18":"purchasable","19":"product-type-variable"},"_links":{"self":[{"href":"https:\/\/www.forbiker.it\/index.php\/wp-json\/wp\/v2\/product\/235215"}],"collection":[{"href":"https:\/\/www.forbiker.it\/index.php\/wp-json\/wp\/v2\/product"}],"about":[{"href":"https:\/\/www.forbiker.it\/index.php\/wp-json\/wp\/v2\/types\/product"}],"replies":[{"embeddable":true,"href":"https:\/\/www.forbiker.it\/index.php\/wp-json\/wp\/v2\/comments?post=235215"}],"wp:featuredmedia":[{"embeddable":true,"href":"https:\/\/www.forbiker.it\/index.php\/wp-json\/wp\/v2\/media\/235220"}],"wp:attachment":[{"href":"https:\/\/www.forbiker.it\/index.php\/wp-json\/wp\/v2\/media?parent=235215"}],"wp:term":[{"taxonomy":"product_cat","embeddable":true,"href":"https:\/\/www.forbiker.it\/index.php\/wp-json\/wp\/v2\/product_cat?post=235215"},{"taxonomy":"product_tag","embeddable":true,"href":"https:\/\/www.forbiker.it\/index.php\/wp-json\/wp\/v2\/product_tag?post=235215"},{"taxonomy":"giftcard-category","embeddable":true,"href":"https:\/\/www.forbiker.it\/index.php\/wp-json\/wp\/v2\/giftcard-category?post=235215"}],"curies":[{"name":"wp","href":"https:\/\/api.w.org\/{rel}","templated":true}]}}