{"id":235270,"date":"2025-09-04T11:52:26","date_gmt":"2025-09-04T09:52:26","guid":{"rendered":"https:\/\/www.forbiker.it\/?post_type=product&#038;p=235270"},"modified":"2026-03-31T10:46:05","modified_gmt":"2026-03-31T08:46:05","slug":"cube-ams-hybrid-177-c62-super-tm-600x-2026","status":"publish","type":"product","link":"https:\/\/www.forbiker.it\/index.php\/produkt\/cube-ams-hybrid-177-c62-super-tm-600x-2026\/","title":{"rendered":"CUBE AMS HYBRID 177 C:62 SUPER TM 600X"},"content":{"rendered":"<p>Superleicht, superstark, superhungrig auf Trail-Action \u2013 genau das war unser Anspruch beim AMS Hybrid 177 C:62. Sein C:62\u00ae Carbonrahmen bringt nicht nur ordentlich Style mit, sondern auch viel Flexibilit\u00e4t: Der BDU38YY Montagepunkt von Bosch nimmt wahlweise den SX oder CX Motor auf. Der Support? Standardm\u00e4\u00dfig unterst\u00fctzt ein 600 Wh PowerTube Akku. Die Geometrie? Hart am Limit, aber voll kontrollierbar: 170 mm Federweg vorn und hinten und ein Mullet-Set-up f\u00fcr agiles Handling. Der Steuersatz? Mit Winkelverstellung zur Anpassung an deinen individuellen Fahrstil. Die Z\u00fcge? Clean ins Innere verlegt. Die Kettenf\u00fchrung? Direct Mount h\u00e4lt alles da, wo es hingeh\u00f6rt. Ein UDH Ausfallende? Ist nat\u00fcrlich auch dabei, f\u00fcr maximale Kompatibilit\u00e4t. Dieses Bike ist bereit f\u00fcr alles, was du ihm vorsetzt \u2013 f\u00fcr Speed, f\u00fcr Technik, f\u00fcr H\u00f6henmeter. Und du so?<\/p>\n","protected":false},"excerpt":{"rendered":"<p>Superleicht, superstark, superhungrig auf Trail-Action \u2013 genau das war unser Anspruch beim AMS Hybrid 177 C:62.<\/p>\n","protected":false},"featured_media":235275,"comment_status":"open","ping_status":"closed","template":"","meta":{"_et_pb_use_builder":"off","_et_pb_old_content":"Clever konstruiert, ist halb gewonnen \u2013 das gilt auch f\u00fcr den schlanken Rahmen dieses beliebten Stereo Hybrid Trail-E-Bikes. Dank unserem Modular Battery System f\u00fcgt sich der bis zu 750 Wh starke Akku fast unsichtbar ins Chassis ein und ist dort zugleich optimal vor Schmutz und Spritzwasser gesch\u00fctzt. Weil die Z\u00fcge komplett im Inneren verlaufen, sieht es zudem nicht nur superelegant aus, sondern kommt am Steuerrohr auch komplett ohne Zugeing\u00e4nge aus. Unser ausgekl\u00fcgeltes Viergelenker-Design reagiert sensibel auf Schl\u00e4ge und Vibrationen auf ruppigen Trails. Und unsere Comfort Geometry mit einem Boost 148 Hinterbau und 1.5 Zoll Steuerrohr f\u00fcr mehr Steifigkeit vereinfacht das allgemeine Handling. F\u00fcr top Vielseitigkeit und Flexibilit\u00e4t l\u00e4sst sich der Rahmen sogar mit Schutzblechen, Gep\u00e4cktr\u00e4ger und Seitenst\u00e4nder nachr\u00fcsten. Wie auch immer der Trail-Plan lautet, dieses Bike steht bereit!","_et_gb_content_width":""},"product_cat":[283,261,21,45,46],"product_tag":[285,68,77,168,259],"giftcard-category":[],"class_list":{"0":"post-235270","1":"product","2":"type-product","3":"status-publish","4":"has-post-thumbnail","6":"product_cat-283","7":"product_cat-light-e-mtb","8":"product_cat-ebikes","9":"product_cat-e-mountainbike","10":"product_cat-fullsuspension-e-mountainbike","11":"product_tag-285","12":"product_tag-ebike","13":"product_tag-enduro","14":"product_tag-light","15":"product_tag-super-tm","17":"first","18":"outofstock","19":"taxable","20":"shipping-taxable","21":"purchasable","22":"product-type-variable","23":"has-default-attributes"},"_links":{"self":[{"href":"https:\/\/www.forbiker.it\/index.php\/wp-json\/wp\/v2\/product\/235270"}],"collection":[{"href":"https:\/\/www.forbiker.it\/index.php\/wp-json\/wp\/v2\/product"}],"about":[{"href":"https:\/\/www.forbiker.it\/index.php\/wp-json\/wp\/v2\/types\/product"}],"replies":[{"embeddable":true,"href":"https:\/\/www.forbiker.it\/index.php\/wp-json\/wp\/v2\/comments?post=235270"}],"wp:featuredmedia":[{"embeddable":true,"href":"https:\/\/www.forbiker.it\/index.php\/wp-json\/wp\/v2\/media\/235275"}],"wp:attachment":[{"href":"https:\/\/www.forbiker.it\/index.php\/wp-json\/wp\/v2\/media?parent=235270"}],"wp:term":[{"taxonomy":"product_cat","embeddable":true,"href":"https:\/\/www.forbiker.it\/index.php\/wp-json\/wp\/v2\/product_cat?post=235270"},{"taxonomy":"product_tag","embeddable":true,"href":"https:\/\/www.forbiker.it\/index.php\/wp-json\/wp\/v2\/product_tag?post=235270"},{"taxonomy":"giftcard-category","embeddable":true,"href":"https:\/\/www.forbiker.it\/index.php\/wp-json\/wp\/v2\/giftcard-category?post=235270"}],"curies":[{"name":"wp","href":"https:\/\/api.w.org\/{rel}","templated":true}]}}