{"id":235284,"date":"2025-09-04T12:23:17","date_gmt":"2025-09-04T10:23:17","guid":{"rendered":"https:\/\/www.forbiker.it\/?post_type=product&#038;p=235284"},"modified":"2026-03-31T10:35:04","modified_gmt":"2026-03-31T08:35:04","slug":"cube-kathmandu-hybrid-one11-hpc-pro-800-2026","status":"publish","type":"product","link":"https:\/\/www.forbiker.it\/index.php\/produkt\/cube-kathmandu-hybrid-one11-hpc-pro-800-2026\/","title":{"rendered":"CUBE KATHMANDU HYBRID ONE11 HPC PRO 800"},"content":{"rendered":"<p>Das CUBE Kathmandu Hybrid ONE11 HPC vereint unser gesamtes Know-how aus der Entwicklung potenter Fullsuspension- und robuster Touring-Bikes in einem genialen Rahmen: die Basis eines v\u00f6llig neuartigen Bosch-betriebenen Weltenbummlers auf zwei R\u00e4dern. Das Besondere ist zweifellos das praktische Tiefeinsteiger-Design des Hauptrahmens aus hochwertigem High Performance Carbon, in dem auch der kraftvolle Bosch CX Antrieb samt 800 Wh starkem PowerTube Akku Platz findet. Am Heck sorgen die 100 mm Federweg des \u00fcberaus \u00e4sthetisch ins Design eingef\u00fcgten Trunnion D\u00e4mpfers und der ebenso formsch\u00f6n ins hintere Rahmendreieck aus Aluminium integrierte Gep\u00e4cktr\u00e4ger IC 3.0 f\u00fcr top Support und Komfort. Unsere interne Zugverlegung unterstreicht den cleanen Look des Chassis&#8217;, das Schaltauge ist UDH-kompatibel, au\u00dferdem ist ein Kettenschutz serienm\u00e4\u00dfig mit an Bord. Kurz: alles dran, was Bike-Abenteuer sch\u00f6ner \u2013 und komfortabler \u2013 macht!<\/p>\n","protected":false},"excerpt":{"rendered":"<p>Das CUBE Kathmandu Hybrid ONE11 HPC vereint unser gesamtes Know-how aus der Entwicklung potenter Fullsuspension- und robuster Touring-Bikes in einem genialen Rahmen.<\/p>\n","protected":false},"featured_media":235289,"comment_status":"open","ping_status":"closed","template":"","meta":{"_et_pb_use_builder":"off","_et_pb_old_content":"Clever konstruiert, ist halb gewonnen \u2013 das gilt auch f\u00fcr den schlanken Rahmen dieses beliebten Stereo Hybrid Trail-E-Bikes. Dank unserem Modular Battery System f\u00fcgt sich der bis zu 750 Wh starke Akku fast unsichtbar ins Chassis ein und ist dort zugleich optimal vor Schmutz und Spritzwasser gesch\u00fctzt. Weil die Z\u00fcge komplett im Inneren verlaufen, sieht es zudem nicht nur superelegant aus, sondern kommt am Steuerrohr auch komplett ohne Zugeing\u00e4nge aus. Unser ausgekl\u00fcgeltes Viergelenker-Design reagiert sensibel auf Schl\u00e4ge und Vibrationen auf ruppigen Trails. Und unsere Comfort Geometry mit einem Boost 148 Hinterbau und 1.5 Zoll Steuerrohr f\u00fcr mehr Steifigkeit vereinfacht das allgemeine Handling. F\u00fcr top Vielseitigkeit und Flexibilit\u00e4t l\u00e4sst sich der Rahmen sogar mit Schutzblechen, Gep\u00e4cktr\u00e4ger und Seitenst\u00e4nder nachr\u00fcsten. Wie auch immer der Trail-Plan lautet, dieses Bike steht bereit!","_et_gb_content_width":""},"product_cat":[283,21,45,46],"product_tag":[68,286],"giftcard-category":[],"class_list":{"0":"post-235284","1":"product","2":"type-product","3":"status-publish","4":"has-post-thumbnail","6":"product_cat-283","7":"product_cat-ebikes","8":"product_cat-e-mountainbike","9":"product_cat-fullsuspension-e-mountainbike","10":"product_tag-ebike","11":"product_tag-one11","13":"first","14":"outofstock","15":"taxable","16":"shipping-taxable","17":"purchasable","18":"product-type-variable"},"_links":{"self":[{"href":"https:\/\/www.forbiker.it\/index.php\/wp-json\/wp\/v2\/product\/235284"}],"collection":[{"href":"https:\/\/www.forbiker.it\/index.php\/wp-json\/wp\/v2\/product"}],"about":[{"href":"https:\/\/www.forbiker.it\/index.php\/wp-json\/wp\/v2\/types\/product"}],"replies":[{"embeddable":true,"href":"https:\/\/www.forbiker.it\/index.php\/wp-json\/wp\/v2\/comments?post=235284"}],"wp:featuredmedia":[{"embeddable":true,"href":"https:\/\/www.forbiker.it\/index.php\/wp-json\/wp\/v2\/media\/235289"}],"wp:attachment":[{"href":"https:\/\/www.forbiker.it\/index.php\/wp-json\/wp\/v2\/media?parent=235284"}],"wp:term":[{"taxonomy":"product_cat","embeddable":true,"href":"https:\/\/www.forbiker.it\/index.php\/wp-json\/wp\/v2\/product_cat?post=235284"},{"taxonomy":"product_tag","embeddable":true,"href":"https:\/\/www.forbiker.it\/index.php\/wp-json\/wp\/v2\/product_tag?post=235284"},{"taxonomy":"giftcard-category","embeddable":true,"href":"https:\/\/www.forbiker.it\/index.php\/wp-json\/wp\/v2\/giftcard-category?post=235284"}],"curies":[{"name":"wp","href":"https:\/\/api.w.org\/{rel}","templated":true}]}}