{"id":235311,"date":"2025-09-04T18:00:53","date_gmt":"2025-09-04T16:00:53","guid":{"rendered":"https:\/\/www.forbiker.it\/?post_type=product&#038;p=235311"},"modified":"2026-03-31T10:46:30","modified_gmt":"2026-03-31T08:46:30","slug":"cube-acid-240-hybrid-rookie-pro-400x","status":"publish","type":"product","link":"https:\/\/www.forbiker.it\/index.php\/produkt\/cube-acid-240-hybrid-rookie-pro-400x\/","title":{"rendered":"CUBE ACID 240 HYBRID ROOKIE PRO 400X"},"content":{"rendered":"<p class=\"description\">Das Acid 240 Hybrid Rookie Pro ist ein E-Mountainbike, das wir pr\u00e4zise auf die Anforderungen von Kids abgestimmt haben, und zwar mit einem perfekt proportionierten Rahmen, einem Lenker mit 19 mm Durchmesser und einer k\u00fcrzeren Kurbel. Unsere Liebe zum Detail geht aber noch weiter, also fahren eine Suntour Gabel mit 80 mm Federweg, eine leichtg\u00e4ngige Shimano Cues 9-Gang Schaltung, griffige 2.1 Zoll Reifen von Schwalbe und beherzt zupackende hydraulische Shimano Scheibenbremsen mit. Sogar ein Flat Mount Seitenst\u00e4nder ist dabei. Doch es kommt noch besser: Dieses Mini-Mountainbike hat n\u00e4mlich einen leichten Bosch SX Motor mit 400 Wh Akku und bis zu 55 Nm Drehmoment an Bord, der Geschwindigkeiten bis 20 km\/h m\u00f6glich macht. So viel tatkr\u00e4ftige Unterst\u00fctzung \u2013 da fahren die Youngsters ihren Eltern fast schon davon. Freches Grinsen im Gesicht inklusive!<\/p>\n","protected":false},"excerpt":{"rendered":"<p class=\"description\">Das Acid 240 Hybrid Rookie Pro ist ein E-Mountainbike, das wir pr\u00e4zise auf die Anforderungen von Kids abgestimmt haben, und zwar mit einem perfekt proportionierten Rahmen, einem Lenker mit 19 mm Durchmesser und einer k\u00fcrzeren Kurbel.<\/p>\n","protected":false},"featured_media":235312,"comment_status":"open","ping_status":"closed","template":"","meta":{"_et_pb_use_builder":"","_et_pb_old_content":"","_et_gb_content_width":""},"product_cat":[283,21,52,45,47],"product_tag":[163],"giftcard-category":[],"class_list":{"0":"post-235311","1":"product","2":"type-product","3":"status-publish","4":"has-post-thumbnail","6":"product_cat-283","7":"product_cat-ebikes","8":"product_cat-e-kids","9":"product_cat-e-mountainbike","10":"product_cat-hardtail-e-mountainbike","11":"product_tag-rookie","13":"first","14":"instock","15":"taxable","16":"shipping-taxable","17":"purchasable","18":"product-type-simple"},"_links":{"self":[{"href":"https:\/\/www.forbiker.it\/index.php\/wp-json\/wp\/v2\/product\/235311"}],"collection":[{"href":"https:\/\/www.forbiker.it\/index.php\/wp-json\/wp\/v2\/product"}],"about":[{"href":"https:\/\/www.forbiker.it\/index.php\/wp-json\/wp\/v2\/types\/product"}],"replies":[{"embeddable":true,"href":"https:\/\/www.forbiker.it\/index.php\/wp-json\/wp\/v2\/comments?post=235311"}],"wp:featuredmedia":[{"embeddable":true,"href":"https:\/\/www.forbiker.it\/index.php\/wp-json\/wp\/v2\/media\/235312"}],"wp:attachment":[{"href":"https:\/\/www.forbiker.it\/index.php\/wp-json\/wp\/v2\/media?parent=235311"}],"wp:term":[{"taxonomy":"product_cat","embeddable":true,"href":"https:\/\/www.forbiker.it\/index.php\/wp-json\/wp\/v2\/product_cat?post=235311"},{"taxonomy":"product_tag","embeddable":true,"href":"https:\/\/www.forbiker.it\/index.php\/wp-json\/wp\/v2\/product_tag?post=235311"},{"taxonomy":"giftcard-category","embeddable":true,"href":"https:\/\/www.forbiker.it\/index.php\/wp-json\/wp\/v2\/giftcard-category?post=235311"}],"curies":[{"name":"wp","href":"https:\/\/api.w.org\/{rel}","templated":true}]}}