{"id":235352,"date":"2025-09-04T18:23:01","date_gmt":"2025-09-04T16:23:01","guid":{"rendered":"https:\/\/www.forbiker.it\/?post_type=product&#038;p=235352"},"modified":"2026-03-31T10:45:51","modified_gmt":"2026-03-31T08:45:51","slug":"cube-reaction-hybrid-pro-800","status":"publish","type":"product","link":"https:\/\/www.forbiker.it\/index.php\/produkt\/cube-reaction-hybrid-pro-800\/","title":{"rendered":"CUBE REACTION HYBRID PRO 800"},"content":{"rendered":"<p class=\"description\">Die Eleganz und Qualit\u00e4t des Reaction Hybrid sind kein Zufall, denn der Rahmen kommt mit vielen cleveren Features daher. Sein 800 Wh starker PowerTube Akku von Bosch f\u00fcgt sich gemeinsam mit dem Bosch CX Motor sicher, sauber und formsch\u00f6n ins Design ein. Zudem ist das Chassis PowerMore-ready, das hei\u00dft, es k\u00f6nnen bei Bedarf weitere 250 Wh mitfahren. Auch die integrierte Sattelklemmung und die nach innen verlegten Z\u00fcge spielen der cleanen Linienf\u00fchrung in die Karten. Was noch? Eine Aufnahme f\u00fcr die Kettenf\u00fchrung und die M\u00f6glichkeit, ACID Schutzbleche, einen Gep\u00e4cktr\u00e4ger und per X-Connect durch einfaches Aufstecken ein kompatibles ACID Vorderlicht nachzur\u00fcsten. Last, but not least haben wir dank unserem Size Split System f\u00fcr alle die richtige Passform im Angebot. Fazit: Alles da, was wichtig ist \u2013 f\u00fcr maximalen Fahrspa\u00df!<\/p>\n","protected":false},"excerpt":{"rendered":"<p class=\"description\">Die Eleganz und Qualit\u00e4t des Reaction Hybrid sind kein Zufall, denn der Rahmen kommt mit vielen cleveren Features daher.<\/p>\n","protected":false},"featured_media":235357,"comment_status":"open","ping_status":"closed","template":"","meta":{"_et_pb_use_builder":"","_et_pb_old_content":"","_et_gb_content_width":""},"product_cat":[283,21,45,47],"product_tag":[151],"giftcard-category":[],"class_list":{"0":"post-235352","1":"product","2":"type-product","3":"status-publish","4":"has-post-thumbnail","6":"product_cat-283","7":"product_cat-ebikes","8":"product_cat-e-mountainbike","9":"product_cat-hardtail-e-mountainbike","10":"product_tag-reaction","12":"first","13":"outofstock","14":"taxable","15":"shipping-taxable","16":"purchasable","17":"product-type-variable"},"_links":{"self":[{"href":"https:\/\/www.forbiker.it\/index.php\/wp-json\/wp\/v2\/product\/235352"}],"collection":[{"href":"https:\/\/www.forbiker.it\/index.php\/wp-json\/wp\/v2\/product"}],"about":[{"href":"https:\/\/www.forbiker.it\/index.php\/wp-json\/wp\/v2\/types\/product"}],"replies":[{"embeddable":true,"href":"https:\/\/www.forbiker.it\/index.php\/wp-json\/wp\/v2\/comments?post=235352"}],"wp:featuredmedia":[{"embeddable":true,"href":"https:\/\/www.forbiker.it\/index.php\/wp-json\/wp\/v2\/media\/235357"}],"wp:attachment":[{"href":"https:\/\/www.forbiker.it\/index.php\/wp-json\/wp\/v2\/media?parent=235352"}],"wp:term":[{"taxonomy":"product_cat","embeddable":true,"href":"https:\/\/www.forbiker.it\/index.php\/wp-json\/wp\/v2\/product_cat?post=235352"},{"taxonomy":"product_tag","embeddable":true,"href":"https:\/\/www.forbiker.it\/index.php\/wp-json\/wp\/v2\/product_tag?post=235352"},{"taxonomy":"giftcard-category","embeddable":true,"href":"https:\/\/www.forbiker.it\/index.php\/wp-json\/wp\/v2\/giftcard-category?post=235352"}],"curies":[{"name":"wp","href":"https:\/\/api.w.org\/{rel}","templated":true}]}}