{"id":235405,"date":"2025-09-04T18:40:41","date_gmt":"2025-09-04T16:40:41","guid":{"rendered":"https:\/\/www.forbiker.it\/?post_type=product&#038;p=235405"},"modified":"2026-04-20T11:47:10","modified_gmt":"2026-04-20T09:47:10","slug":"cube-reaction-hybrid-pro-800-fe-3","status":"publish","type":"product","link":"https:\/\/www.forbiker.it\/index.php\/produkt\/cube-reaction-hybrid-pro-800-fe-3\/","title":{"rendered":"CUBE REACTION HYBRID PRO 800 FE"},"content":{"rendered":"<p class=\"description\">Was beim Reaction Hybrid FE direkt ins Auge sticht, ist sein \u00e4sthetisch ansprechendes, praktisches Zubeh\u00f6r, bestehend aus Schutzblechen, Lichtern, Gep\u00e4cktr\u00e4ger und Seitenst\u00e4nder. Doch das ist noch lang nicht alles. Der Tiefeinsteiger-Rahmen macht seinem Namen alle Ehre, denn damit sind einfaches Auf- und Absteigen garantiert. Sein 800 Wh starker PowerTube Akku von Bosch f\u00fcgt sich gemeinsam mit dem Bosch CX Motor sicher, sauber und formsch\u00f6n ins Design ein. Zudem ist das Chassis PowerMore-ready, das hei\u00dft, es k\u00f6nnen bei Bedarf weitere 250 Wh mitfahren. Auch die integrierte Sattelklemmung und die nach innen verlegten Z\u00fcge spielen der cleanen Linienf\u00fchrung in die Karten \u2013 und die Kettenf\u00fchrung h\u00e4lt alles top organisiert am Platz. Last, but not least haben wir dank unserem Size Split System f\u00fcr alle die richtige Passform im Angebot. Fazit: Alles da, was wichtig ist \u2013 f\u00fcr maximalen Fahrspa\u00df!<\/p>\n","protected":false},"excerpt":{"rendered":"<p class=\"description\">Was beim Reaction Hybrid FE direkt ins Auge sticht, ist sein \u00e4sthetisch ansprechendes, praktisches Zubeh\u00f6r, bestehend aus Schutzblechen, Lichtern, Gep\u00e4cktr\u00e4ger und Seitenst\u00e4nder.<\/p>\n","protected":false},"featured_media":235409,"comment_status":"open","ping_status":"closed","template":"","meta":{"_et_pb_use_builder":"","_et_pb_old_content":"","_et_gb_content_width":""},"product_cat":[283,21,45,47],"product_tag":[287,151],"giftcard-category":[],"class_list":{"0":"post-235405","1":"product","2":"type-product","3":"status-publish","4":"has-post-thumbnail","6":"product_cat-283","7":"product_cat-ebikes","8":"product_cat-e-mountainbike","9":"product_cat-hardtail-e-mountainbike","10":"product_tag-ee","11":"product_tag-reaction","13":"first","14":"outofstock","15":"taxable","16":"shipping-taxable","17":"purchasable","18":"product-type-variable"},"_links":{"self":[{"href":"https:\/\/www.forbiker.it\/index.php\/wp-json\/wp\/v2\/product\/235405"}],"collection":[{"href":"https:\/\/www.forbiker.it\/index.php\/wp-json\/wp\/v2\/product"}],"about":[{"href":"https:\/\/www.forbiker.it\/index.php\/wp-json\/wp\/v2\/types\/product"}],"replies":[{"embeddable":true,"href":"https:\/\/www.forbiker.it\/index.php\/wp-json\/wp\/v2\/comments?post=235405"}],"wp:featuredmedia":[{"embeddable":true,"href":"https:\/\/www.forbiker.it\/index.php\/wp-json\/wp\/v2\/media\/235409"}],"wp:attachment":[{"href":"https:\/\/www.forbiker.it\/index.php\/wp-json\/wp\/v2\/media?parent=235405"}],"wp:term":[{"taxonomy":"product_cat","embeddable":true,"href":"https:\/\/www.forbiker.it\/index.php\/wp-json\/wp\/v2\/product_cat?post=235405"},{"taxonomy":"product_tag","embeddable":true,"href":"https:\/\/www.forbiker.it\/index.php\/wp-json\/wp\/v2\/product_tag?post=235405"},{"taxonomy":"giftcard-category","embeddable":true,"href":"https:\/\/www.forbiker.it\/index.php\/wp-json\/wp\/v2\/giftcard-category?post=235405"}],"curies":[{"name":"wp","href":"https:\/\/api.w.org\/{rel}","templated":true}]}}