{"id":235418,"date":"2025-09-05T08:34:32","date_gmt":"2025-09-05T06:34:32","guid":{"rendered":"https:\/\/www.forbiker.it\/?post_type=product&#038;p=235418"},"modified":"2026-03-31T10:46:16","modified_gmt":"2026-03-31T08:46:16","slug":"cube-supreme-hybrid-comfort-pro-600-2026","status":"publish","type":"product","link":"https:\/\/www.forbiker.it\/index.php\/produkt\/cube-supreme-hybrid-comfort-pro-600-2026\/","title":{"rendered":"CUBE SUPREME HYBRID COMFORT PRO 600"},"content":{"rendered":"<p class=\"description\">Wenn&#8217;s auf die Details ankommt, hat der Supreme Hybrid Rahmen ganz klar die Nase vorn. Sein Bosch Performance PX Antrieb mit bis zu 90 Nm Drehmoment bietet ebenso ger\u00e4uscharme wie geschmeidige Unterst\u00fctzung im Vorw\u00e4rts und sein 600 Wh starker Bosch PowerTube Akku f\u00fcgt sich formsch\u00f6n und dezent ins Unterrohr ein. Unser Smooth Welding Verfahren unterstreicht die cleane, elegante Linienf\u00fchrung des Chassis&#8217;, das in vielen verschiedenen Gr\u00f6\u00dfen von 42 bis 58 cm f\u00fcr die optimale individuelle Passform verf\u00fcgbar ist. Dazu kommen unser Integrated Cable Routing und ein X-Connect Kabel f\u00fcr eine aufger\u00e4umte Optik und auf dem ebenso stabilen wie \u00e4sthetisch ansprechenden semi-integrierten Gep\u00e4cktr\u00e4ger 2.0 f\u00e4hrt s\u00e4mtliches Hab und Gut mit. Last, but not least haben wir Schutzbleche, eine komplette Lichtanlage und einen Seitenst\u00e4nder montiert. Also alles dabei, was unterwegs wichtig ist!<\/p>\n","protected":false},"excerpt":{"rendered":"<p class=\"description\">Wenn&#8217;s auf die Details ankommt, hat der Supreme Hybrid Rahmen ganz klar die Nase vorn.<\/p>\n","protected":false},"featured_media":235421,"comment_status":"open","ping_status":"closed","template":"","meta":{"_et_pb_use_builder":"","_et_pb_old_content":"","_et_gb_content_width":""},"product_cat":[283,21,48,51],"product_tag":[78],"giftcard-category":[],"class_list":{"0":"post-235418","1":"product","2":"type-product","3":"status-publish","4":"has-post-thumbnail","6":"product_cat-283","7":"product_cat-ebikes","8":"product_cat-e-strassenraeder","9":"product_cat-citybikes-e-strassenraeder","10":"product_tag-city","12":"first","13":"outofstock","14":"taxable","15":"shipping-taxable","16":"purchasable","17":"product-type-variable"},"_links":{"self":[{"href":"https:\/\/www.forbiker.it\/index.php\/wp-json\/wp\/v2\/product\/235418"}],"collection":[{"href":"https:\/\/www.forbiker.it\/index.php\/wp-json\/wp\/v2\/product"}],"about":[{"href":"https:\/\/www.forbiker.it\/index.php\/wp-json\/wp\/v2\/types\/product"}],"replies":[{"embeddable":true,"href":"https:\/\/www.forbiker.it\/index.php\/wp-json\/wp\/v2\/comments?post=235418"}],"wp:featuredmedia":[{"embeddable":true,"href":"https:\/\/www.forbiker.it\/index.php\/wp-json\/wp\/v2\/media\/235421"}],"wp:attachment":[{"href":"https:\/\/www.forbiker.it\/index.php\/wp-json\/wp\/v2\/media?parent=235418"}],"wp:term":[{"taxonomy":"product_cat","embeddable":true,"href":"https:\/\/www.forbiker.it\/index.php\/wp-json\/wp\/v2\/product_cat?post=235418"},{"taxonomy":"product_tag","embeddable":true,"href":"https:\/\/www.forbiker.it\/index.php\/wp-json\/wp\/v2\/product_tag?post=235418"},{"taxonomy":"giftcard-category","embeddable":true,"href":"https:\/\/www.forbiker.it\/index.php\/wp-json\/wp\/v2\/giftcard-category?post=235418"}],"curies":[{"name":"wp","href":"https:\/\/api.w.org\/{rel}","templated":true}]}}