{"id":235523,"date":"2025-09-06T14:51:08","date_gmt":"2025-09-06T12:51:08","guid":{"rendered":"https:\/\/www.forbiker.it\/?post_type=product&#038;p=235523"},"modified":"2026-03-31T10:13:16","modified_gmt":"2026-03-31T08:13:16","slug":"cube-agree-c62-pro-2026-2","status":"publish","type":"product","link":"https:\/\/www.forbiker.it\/index.php\/produkt\/cube-agree-c62-pro-2026-2\/","title":{"rendered":"CUBE AGREE C:62 PRO"},"content":{"rendered":"<section class=\"mod mod-text-toggle -background-default-color h-spacing-bottom-inner h-spacing-top-inner\">\n<div class=\"row\">\n<div class=\"columns medium-offset-1 medium-10 large-7 large-centered\">\n<div class=\"text h-spacing-bottom-outer\">\n<section class=\"mod mod-text-toggle -background-default-color h-spacing-bottom-inner h-spacing-top-inner\">\n<div class=\"row\">\n<div class=\"columns medium-offset-1 medium-10 large-7 large-centered\">\n<div class=\"text h-spacing-bottom-outer\">\n<section class=\"mod mod-text-toggle -background-default-color h-spacing-bottom-inner h-spacing-top-inner\">\n<div class=\"row\">\n<div class=\"columns medium-offset-1 medium-10 large-7 large-centered\">\n<div class=\"text h-spacing-bottom-outer\">\n<section class=\"mod mod-text-toggle -background-default-color h-spacing-bottom-inner h-spacing-top-inner\">\n<div class=\"row\">\n<div class=\"columns medium-offset-1 medium-10 large-7 large-centered\">\n<div class=\"text h-spacing-bottom-outer\">\n<p class=\"description\">Ein richtig gutes Bike passt perfekt, und zwar in allen Belangen, deshalb bieten wir den schlanken, leichten und top proportionierten Carbonrahmen des Agree in den Gr\u00f6\u00dfen 47 cm bis 62 cm an. Erwartungsgem\u00e4\u00df sieht dieses Rennrad von CUBE zudem nicht nur schnell aus, sondern ist es auch. Mit seinen durchdacht geformten Rohrprofilen orientiert er sich stark an unseren High-End-Rennrad- und Zeitfahrrahmen, was maximale Aerodynamik mit sich bringt, und unser Advanced Internal Cable Routing unterstreicht den eleganten Look. Au\u00dferdem sorgen schlanke Sitzstreben selbst auf langen Strecken f\u00fcr dauerhaft hohen Fahrkomfort. Weil wir gen\u00fcgend Reifenfreiheit gelassen haben, k\u00f6nnen \u00fcbrigens auch breitere Reifen montiert werden. Praktisch: In der optionalen Rahmenbox fahren Energieriegel, Werkzeug oder eine Jacke mit.<\/p>\n<\/div>\n<\/div>\n<\/div>\n<\/section>\n<\/div>\n<\/div>\n<\/div>\n<\/section>\n<\/div>\n<\/div>\n<\/div>\n<\/section>\n<\/div>\n<\/div>\n<\/div>\n<\/section>\n","protected":false},"excerpt":{"rendered":"<section class=\"mod mod-text-toggle -background-default-color h-spacing-bottom-inner h-spacing-top-inner\">\n<div class=\"row\">\n<div class=\"columns medium-offset-1 medium-10 large-7 large-centered\">\n<div class=\"text h-spacing-bottom-outer\">\n<section class=\"mod mod-text-toggle -background-default-color h-spacing-bottom-inner h-spacing-top-inner\">\n<div class=\"row\">\n<div class=\"columns medium-offset-1 medium-10 large-7 large-centered\">\n<div class=\"text h-spacing-bottom-outer\">\n<section class=\"mod mod-text-toggle -background-default-color h-spacing-bottom-inner h-spacing-top-inner\">\n<div class=\"row\">\n<div class=\"columns medium-offset-1 medium-10 large-7 large-centered\">\n<div class=\"text h-spacing-bottom-outer\">\n<p class=\"description\">Ein richtig gutes Bike passt perfekt, und zwar in allen Belangen, deshalb bieten wir den schlanken, leichten und top proportionierten Carbonrahmen des Agree in den Gr\u00f6\u00dfen 47 cm bis 62 cm an.<\/p>\n<\/div>\n<\/div>\n<\/div>\n<\/section>\n<\/div>\n<\/div>\n<\/div>\n<\/section>\n<\/div>\n<\/div>\n<\/div>\n<\/section>\n","protected":false},"featured_media":235530,"comment_status":"open","ping_status":"closed","template":"","meta":{"_et_pb_use_builder":"","_et_pb_old_content":"","_et_gb_content_width":""},"product_cat":[283,20,25,32],"product_tag":[65,63],"giftcard-category":[],"class_list":{"0":"post-235523","1":"product","2":"type-product","3":"status-publish","4":"has-post-thumbnail","6":"product_cat-283","7":"product_cat-bikes","8":"product_cat-strassenraeder","9":"product_cat-road","10":"product_tag-agree","11":"product_tag-road","13":"first","14":"outofstock","15":"taxable","16":"shipping-taxable","17":"purchasable","18":"product-type-variable"},"_links":{"self":[{"href":"https:\/\/www.forbiker.it\/index.php\/wp-json\/wp\/v2\/product\/235523"}],"collection":[{"href":"https:\/\/www.forbiker.it\/index.php\/wp-json\/wp\/v2\/product"}],"about":[{"href":"https:\/\/www.forbiker.it\/index.php\/wp-json\/wp\/v2\/types\/product"}],"replies":[{"embeddable":true,"href":"https:\/\/www.forbiker.it\/index.php\/wp-json\/wp\/v2\/comments?post=235523"}],"wp:featuredmedia":[{"embeddable":true,"href":"https:\/\/www.forbiker.it\/index.php\/wp-json\/wp\/v2\/media\/235530"}],"wp:attachment":[{"href":"https:\/\/www.forbiker.it\/index.php\/wp-json\/wp\/v2\/media?parent=235523"}],"wp:term":[{"taxonomy":"product_cat","embeddable":true,"href":"https:\/\/www.forbiker.it\/index.php\/wp-json\/wp\/v2\/product_cat?post=235523"},{"taxonomy":"product_tag","embeddable":true,"href":"https:\/\/www.forbiker.it\/index.php\/wp-json\/wp\/v2\/product_tag?post=235523"},{"taxonomy":"giftcard-category","embeddable":true,"href":"https:\/\/www.forbiker.it\/index.php\/wp-json\/wp\/v2\/giftcard-category?post=235523"}],"curies":[{"name":"wp","href":"https:\/\/api.w.org\/{rel}","templated":true}]}}