{"id":235663,"date":"2025-09-06T15:23:26","date_gmt":"2025-09-06T13:23:26","guid":{"rendered":"https:\/\/www.forbiker.it\/?post_type=product&#038;p=235663"},"modified":"2026-04-17T17:52:22","modified_gmt":"2026-04-17T15:52:22","slug":"cube-nuroad-pro-2026-3","status":"publish","type":"product","link":"https:\/\/www.forbiker.it\/index.php\/produkt\/cube-nuroad-pro-2026-3\/","title":{"rendered":"CUBE NUROAD EX"},"content":{"rendered":"<section class=\"mod mod-text-toggle -background-default-color h-spacing-bottom-inner h-spacing-top-inner\">\n<div class=\"row\">\n<div class=\"columns medium-offset-1 medium-10 large-7 large-centered\">\n<div class=\"text h-spacing-bottom-outer\">\n<section class=\"mod mod-text-toggle -background-default-color h-spacing-bottom-inner h-spacing-top-inner\">\n<div class=\"row\">\n<div class=\"columns medium-offset-1 medium-10 large-7 large-centered\">\n<div class=\"text h-spacing-bottom-outer\">\n<section class=\"mod mod-text-toggle -background-default-color h-spacing-bottom-inner h-spacing-top-inner\">\n<div class=\"row\">\n<div class=\"columns medium-offset-1 medium-10 large-7 large-centered\">\n<div class=\"text h-spacing-bottom-outer\">\n<section class=\"mod mod-text-toggle -background-default-color h-spacing-bottom-inner h-spacing-top-inner\">\n<div class=\"row\">\n<div class=\"columns medium-offset-1 medium-10 large-7 large-centered\">\n<div class=\"text h-spacing-bottom-outer\">\n<p class=\"description\">Bei der Entwicklung des Nuroad Rahmens haben wir uns von unseren Renn- und Cyclocross-R\u00e4dern inspirieren lassen und ihm on top ein paar Mountainbike-Skills mit auf den Weg gegeben. Das hei\u00dft, er bietet gen\u00fcgend Reifenfreiheit f\u00fcr komfortabel rollende 45 mm Pneus \u2013 oder f\u00fcr 40 mm breite Reifen, dann sogar mit Schutzblechen. Au\u00dferdem eine integrierte Sattelklemmung, formsch\u00f6n gestaltete Montagepunkte f\u00fcr Gep\u00e4cktr\u00e4ger, Schutzbleche und Seitenst\u00e4nder und unser \u00e4sthetisch ansprechendes Internal Cable Routing. Laufr\u00e4der mit Steckachsen optimieren die Lenkpr\u00e4zision, selbst bei schwierigen Bodenverh\u00e4ltnissen. Die leichte Vollcarbongabel sorgt nicht nur f\u00fcr sp\u00fcrbaren Komfort, sondern bietet mit Lowrider-Aufnahmen auch clevere Vielseitigkeit f\u00fcr Gep\u00e4ckl\u00f6sungen. Dank vielen verschiedenen Gr\u00f6\u00dfenoptionen von XXS bis XL haben wir garantiert die richtige Passform f\u00fcr dich und deine Anforderungen im Programm.<\/p>\n<\/div>\n<\/div>\n<\/div>\n<\/section>\n<\/div>\n<\/div>\n<\/div>\n<\/section>\n<\/div>\n<\/div>\n<\/div>\n<\/section>\n<\/div>\n<\/div>\n<\/div>\n<\/section>\n","protected":false},"excerpt":{"rendered":"<section class=\"mod mod-text-toggle -background-default-color h-spacing-bottom-inner h-spacing-top-inner\">\n<div class=\"row\">\n<div class=\"columns medium-offset-1 medium-10 large-7 large-centered\">\n<div class=\"text h-spacing-bottom-outer\">\n<section class=\"mod mod-text-toggle -background-default-color h-spacing-bottom-inner h-spacing-top-inner\">\n<div class=\"row\">\n<div class=\"columns medium-offset-1 medium-10 large-7 large-centered\">\n<div class=\"text h-spacing-bottom-outer\">\n<section class=\"mod mod-text-toggle -background-default-color h-spacing-bottom-inner h-spacing-top-inner\">\n<div class=\"row\">\n<div class=\"columns medium-offset-1 medium-10 large-7 large-centered\">\n<div class=\"text h-spacing-bottom-outer\">\n<p class=\"description\">Bei der Entwicklung des Nuroad Rahmens haben wir uns von unseren Renn- und Cyclocross-R\u00e4dern inspirieren lassen und ihm on top ein paar Mountainbike-Skills mit auf den Weg gegeben.<\/p>\n<\/div>\n<\/div>\n<\/div>\n<\/section>\n<\/div>\n<\/div>\n<\/div>\n<\/section>\n<\/div>\n<\/div>\n<\/div>\n<\/section>\n","protected":false},"featured_media":235670,"comment_status":"open","ping_status":"closed","template":"","meta":{"_et_pb_use_builder":"","_et_pb_old_content":"","_et_gb_content_width":""},"product_cat":[283,20,25,33],"product_tag":[42,43],"giftcard-category":[],"class_list":{"0":"post-235663","1":"product","2":"type-product","3":"status-publish","4":"has-post-thumbnail","6":"product_cat-283","7":"product_cat-bikes","8":"product_cat-strassenraeder","9":"product_cat-gravel","10":"product_tag-gravel","11":"product_tag-nuroad","13":"first","14":"outofstock","15":"taxable","16":"shipping-taxable","17":"purchasable","18":"product-type-variable"},"_links":{"self":[{"href":"https:\/\/www.forbiker.it\/index.php\/wp-json\/wp\/v2\/product\/235663"}],"collection":[{"href":"https:\/\/www.forbiker.it\/index.php\/wp-json\/wp\/v2\/product"}],"about":[{"href":"https:\/\/www.forbiker.it\/index.php\/wp-json\/wp\/v2\/types\/product"}],"replies":[{"embeddable":true,"href":"https:\/\/www.forbiker.it\/index.php\/wp-json\/wp\/v2\/comments?post=235663"}],"wp:featuredmedia":[{"embeddable":true,"href":"https:\/\/www.forbiker.it\/index.php\/wp-json\/wp\/v2\/media\/235670"}],"wp:attachment":[{"href":"https:\/\/www.forbiker.it\/index.php\/wp-json\/wp\/v2\/media?parent=235663"}],"wp:term":[{"taxonomy":"product_cat","embeddable":true,"href":"https:\/\/www.forbiker.it\/index.php\/wp-json\/wp\/v2\/product_cat?post=235663"},{"taxonomy":"product_tag","embeddable":true,"href":"https:\/\/www.forbiker.it\/index.php\/wp-json\/wp\/v2\/product_tag?post=235663"},{"taxonomy":"giftcard-category","embeddable":true,"href":"https:\/\/www.forbiker.it\/index.php\/wp-json\/wp\/v2\/giftcard-category?post=235663"}],"curies":[{"name":"wp","href":"https:\/\/api.w.org\/{rel}","templated":true}]}}