{"id":235852,"date":"2025-09-07T11:39:57","date_gmt":"2025-09-07T09:39:57","guid":{"rendered":"https:\/\/www.forbiker.it\/?post_type=product&#038;p=235852"},"modified":"2026-02-10T09:38:28","modified_gmt":"2026-02-10T08:38:28","slug":"cube-touring-one-2","status":"publish","type":"product","link":"https:\/\/www.forbiker.it\/index.php\/produkt\/cube-touring-one-2\/","title":{"rendered":"CUBE TOURING ONE"},"content":{"rendered":"<section class=\"mod mod-text-toggle bright-orange -background-secondary-color\" data-anchor=\"Bike details\" data-scroll-index=\"3\">\n<div class=\"row\" data-equalizer=\"\" data-equalize-by-row=\"true\">\n<div class=\"columns medium-offset-1 large-offset-2 small-12 medium-10 large-8\" data-equalizer-watch=\"\">\n<p class=\"h-double-spacing-bottom-inner h-double-spacing-top-inner text-center\">Das Herzst\u00fcck eines Bikes ist zweifellos sein Rahmen \u2013 deshalb haben wir bei der Entwicklung des Touring auch wieder extra viel Sorgfalt walten lassen und Wert auf hohen Fahrkomfort und unkompliziertes Handling gelegt. So macht unsere Efficient Comfort Geometry ihrem Namen alle Ehre: Sie f\u00e4hrt sich zuverl\u00e4ssig, intuitiv und selbst auf den l\u00e4ngsten Ausfahrten dauerhaft komfortabel. Es gibt zudem ganze f\u00fcnf Diamantrahmen-Gr\u00f6\u00dfen zur Auswahl \u2013 so finden alle das f\u00fcr sich und ihre Anforderungen passende Set-up. Bei allen Varianten inkludiert sind unser formsch\u00f6ner, stabiler semi-integrierter Gep\u00e4cktr\u00e4ger 2.0, der Flat Mount Seitenst\u00e4nder und sauber ins Unterrohr verlegte Z\u00fcge, was die cleane, aufger\u00e4umte Optik der doppelt konifizierten Aluminiumrohrs\u00e4tze unterstreicht.<\/p>\n<\/div>\n<\/div>\n<\/section>\n","protected":false},"excerpt":{"rendered":"<p>Das Herzst\u00fcck eines Bikes ist zweifellos sein Rahmen \u2013 deshalb haben wir bei der Entwicklung des Touring auch wieder extra viel Sorgfalt walten lassen und Wert auf hohen Fahrkomfort und unkompliziertes Handling gelegt.<\/p>\n","protected":false},"featured_media":235857,"comment_status":"open","ping_status":"closed","template":"","meta":{"_et_pb_use_builder":"","_et_pb_old_content":"","_et_gb_content_width":""},"product_cat":[283,20,25,26],"product_tag":[78,80],"giftcard-category":[],"class_list":{"0":"post-235852","1":"product","2":"type-product","3":"status-publish","4":"has-post-thumbnail","6":"product_cat-283","7":"product_cat-bikes","8":"product_cat-strassenraeder","9":"product_cat-city","10":"product_tag-city","11":"product_tag-touring","13":"first","14":"outofstock","15":"taxable","16":"shipping-taxable","17":"purchasable","18":"product-type-variable"},"_links":{"self":[{"href":"https:\/\/www.forbiker.it\/index.php\/wp-json\/wp\/v2\/product\/235852"}],"collection":[{"href":"https:\/\/www.forbiker.it\/index.php\/wp-json\/wp\/v2\/product"}],"about":[{"href":"https:\/\/www.forbiker.it\/index.php\/wp-json\/wp\/v2\/types\/product"}],"replies":[{"embeddable":true,"href":"https:\/\/www.forbiker.it\/index.php\/wp-json\/wp\/v2\/comments?post=235852"}],"wp:featuredmedia":[{"embeddable":true,"href":"https:\/\/www.forbiker.it\/index.php\/wp-json\/wp\/v2\/media\/235857"}],"wp:attachment":[{"href":"https:\/\/www.forbiker.it\/index.php\/wp-json\/wp\/v2\/media?parent=235852"}],"wp:term":[{"taxonomy":"product_cat","embeddable":true,"href":"https:\/\/www.forbiker.it\/index.php\/wp-json\/wp\/v2\/product_cat?post=235852"},{"taxonomy":"product_tag","embeddable":true,"href":"https:\/\/www.forbiker.it\/index.php\/wp-json\/wp\/v2\/product_tag?post=235852"},{"taxonomy":"giftcard-category","embeddable":true,"href":"https:\/\/www.forbiker.it\/index.php\/wp-json\/wp\/v2\/giftcard-category?post=235852"}],"curies":[{"name":"wp","href":"https:\/\/api.w.org\/{rel}","templated":true}]}}