{"id":235906,"date":"2025-09-07T11:54:12","date_gmt":"2025-09-07T09:54:12","guid":{"rendered":"https:\/\/www.forbiker.it\/?post_type=product&#038;p=235906"},"modified":"2026-04-07T18:37:50","modified_gmt":"2026-04-07T16:37:50","slug":"cube-aim-pro-4","status":"publish","type":"product","link":"https:\/\/www.forbiker.it\/index.php\/produkt\/cube-aim-pro-4\/","title":{"rendered":"CUBE AIM PRO"},"content":{"rendered":"<section class=\"mod mod-text-toggle -background-default-color h-spacing-bottom-inner h-spacing-top-inner\">\n<div class=\"row\">\n<div class=\"columns medium-offset-1 medium-10 large-7 large-centered\">\n<div class=\"text h-spacing-bottom-outer\">\n<section class=\"mod mod-text-toggle -background-default-color h-spacing-bottom-inner h-spacing-top-inner\">\n<div class=\"row\">\n<div class=\"columns medium-offset-1 medium-10 large-7 large-centered\">\n<div class=\"text h-spacing-bottom-outer\">\n<section class=\"mod mod-text-toggle -background-default-color h-spacing-bottom-inner h-spacing-top-inner\">\n<div class=\"row\">\n<div class=\"columns medium-offset-1 medium-10 large-7 large-centered\">\n<div class=\"text h-spacing-bottom-outer\">\n<section class=\"mod mod-text-toggle -background-default-color h-spacing-bottom-inner h-spacing-top-inner\">\n<div class=\"row\">\n<div class=\"columns medium-offset-1 medium-10 large-7 large-centered\">\n<div class=\"text h-spacing-bottom-outer\">\n<section class=\"mod mod-text-toggle -background-default-color h-spacing-bottom-inner h-spacing-top-inner\">\n<div class=\"row\">\n<div class=\"columns medium-offset-1 medium-10 large-7 large-centered\">\n<div class=\"text h-spacing-bottom-outer\">\n<section class=\"mod mod-text-toggle -background-default-color h-spacing-bottom-inner h-spacing-top-inner\">\n<div class=\"row\">\n<div class=\"columns medium-offset-1 medium-10 large-7 large-centered\">\n<div class=\"text h-spacing-bottom-outer\">\n<section class=\"mod mod-text-toggle -background-default-color h-spacing-bottom-inner h-spacing-top-inner\">\n<div class=\"row\">\n<div class=\"columns medium-offset-1 medium-10 large-7 large-centered\">\n<div class=\"text h-spacing-bottom-outer\">\n<section class=\"mod mod-text-toggle -background-default-color h-spacing-bottom-inner h-spacing-top-inner\">\n<div class=\"row\">\n<div class=\"columns medium-offset-1 medium-10 large-7 large-centered\">\n<div class=\"text h-spacing-bottom-outer\">\n<section class=\"mod mod-text-toggle -background-default-color h-spacing-bottom-inner h-spacing-top-inner\">\n<div class=\"row\">\n<div class=\"columns medium-offset-1 medium-10 large-7 large-centered\">\n<div class=\"text h-spacing-bottom-outer\">\n<section class=\"mod mod-text-toggle -background-default-color h-spacing-bottom-inner h-spacing-top-inner\">\n<div class=\"row\">\n<div class=\"columns medium-offset-1 medium-10 large-7 large-centered\">\n<div class=\"text h-spacing-bottom-outer\">\n<section class=\"mod mod-text-toggle -background-default-color h-spacing-bottom-inner h-spacing-top-inner\">\n<div class=\"row\">\n<div class=\"columns medium-offset-1 medium-10 large-7 large-centered\">\n<div class=\"text h-spacing-bottom-outer\">\n<section class=\"mod mod-text-toggle -background-default-color h-spacing-bottom-inner h-spacing-top-inner\">\n<div class=\"row\">\n<div class=\"columns medium-offset-1 medium-10 large-7 large-centered\">\n<div class=\"text h-spacing-bottom-outer\">\n<section class=\"mod mod-text-toggle -background-default-color h-spacing-bottom-inner h-spacing-top-inner\">\n<div class=\"row\">\n<div class=\"columns medium-offset-1 medium-10 large-7 large-centered\">\n<div class=\"text h-spacing-bottom-outer\">\n<section class=\"mod mod-text-toggle -background-default-color h-spacing-bottom-inner h-spacing-top-inner\">\n<div class=\"row\">\n<div class=\"columns medium-offset-1 medium-10 large-7 large-centered\">\n<div class=\"text h-spacing-bottom-outer\">\n<p class=\"text-center e-font-family-cond\">Der Aim Rahmen besticht mit seinem supercleanen Look \u2013 verantwortlich daf\u00fcr: die im Smooth Welding Verfahren hergestellten Verbindungen an Steuerrohr und Sattelrohr. Au\u00dferdem haben wir ihm ein geschraubtes Tretlager gegeben und die Z\u00fcge ins Innere verlegt, damit sie ihren Job lange machen und einfach gewartet werden k\u00f6nnen. Es gibt sogar eine Aufnahme f\u00fcr eine Flat Mount Scheibenbremse, die nahtlos in die Seitenst\u00e4nderaufnahme integriert ist. Montagepunkte f\u00fcr ACID Schutzbleche und Gep\u00e4cktr\u00e4ger sind auch mit dabei. Die spezielle Geometrie hat ein niedrigeres Oberrohr f\u00fcr superzuverl\u00e4ssiges Handling und l\u00e4sst viel Platz f\u00fcr breite, griffige, komfortabel rollende 2.25 Zoll Reifen. Dazu ist unser Size Split System breit aufgestellt \u2013 so findest du mit Sicherheit das f\u00fcr dich perfekt passende Aim.<\/p>\n<\/div>\n<\/div>\n<\/div>\n<\/section>\n<section class=\"-background-default-color h-spacing-bottom-inner\" data-anchor=\"Ausstattung\" data-scroll-index=\"2\">\n<div class=\"row\">\n<div class=\"columns medium-offset-1 small-12 medium-10 large-5 small-up-margin-bottom--size-300\">\n<div class=\"mod mod-spec-table bike-specs\">\n<div class=\"specs-headline\"><\/div>\n<\/div>\n<\/div>\n<\/div>\n<\/section>\n<\/div>\n<\/div>\n<\/div>\n<\/section>\n<\/div>\n<\/div>\n<\/div>\n<\/section>\n<\/div>\n<\/div>\n<\/div>\n<\/section>\n<\/div>\n<\/div>\n<\/div>\n<\/section>\n<\/div>\n<\/div>\n<\/div>\n<\/section>\n<\/div>\n<\/div>\n<\/div>\n<\/section>\n<\/div>\n<\/div>\n<\/div>\n<\/section>\n<\/div>\n<\/div>\n<\/div>\n<\/section>\n<\/div>\n<\/div>\n<\/div>\n<\/section>\n<\/div>\n<\/div>\n<\/div>\n<\/section>\n<\/div>\n<\/div>\n<\/div>\n<\/section>\n<\/div>\n<\/div>\n<\/div>\n<\/section>\n<\/div>\n<\/div>\n<\/div>\n<\/section>\n","protected":false},"excerpt":{"rendered":"<section class=\"mod mod-text-toggle -background-default-color h-spacing-bottom-inner h-spacing-top-inner\">\n<div class=\"row\">\n<div class=\"columns medium-offset-1 medium-10 large-7 large-centered\">\n<div class=\"text h-spacing-bottom-outer\">\n<section class=\"mod mod-text-toggle -background-default-color h-spacing-bottom-inner h-spacing-top-inner\">\n<div class=\"row\">\n<div class=\"columns medium-offset-1 medium-10 large-7 large-centered\">\n<div class=\"text h-spacing-bottom-outer\">\n<section class=\"mod mod-text-toggle -background-default-color h-spacing-bottom-inner h-spacing-top-inner\">\n<div class=\"row\">\n<div class=\"columns medium-offset-1 medium-10 large-7 large-centered\">\n<div class=\"text h-spacing-bottom-outer\">\n<section class=\"mod mod-text-toggle -background-default-color h-spacing-bottom-inner h-spacing-top-inner\">\n<div class=\"row\">\n<div class=\"columns medium-offset-1 medium-10 large-7 large-centered\">\n<div class=\"text h-spacing-bottom-outer\">\n<section class=\"mod mod-text-toggle -background-default-color h-spacing-bottom-inner h-spacing-top-inner\">\n<div class=\"row\">\n<div class=\"columns medium-offset-1 medium-10 large-7 large-centered\">\n<div class=\"text h-spacing-bottom-outer\">\n<section class=\"mod mod-text-toggle -background-default-color h-spacing-bottom-inner h-spacing-top-inner\">\n<div class=\"row\">\n<div class=\"columns medium-offset-1 medium-10 large-7 large-centered\">\n<div class=\"text h-spacing-bottom-outer\">\n<section class=\"mod mod-text-toggle -background-default-color h-spacing-bottom-inner h-spacing-top-inner\">\n<div class=\"row\">\n<div class=\"columns medium-offset-1 medium-10 large-7 large-centered\">\n<div class=\"text h-spacing-bottom-outer\">\n<section class=\"mod mod-text-toggle -background-default-color h-spacing-bottom-inner h-spacing-top-inner\">\n<div class=\"row\">\n<div class=\"columns medium-offset-1 medium-10 large-7 large-centered\">\n<div class=\"text h-spacing-bottom-outer\">\n<section class=\"mod mod-text-toggle -background-default-color h-spacing-bottom-inner h-spacing-top-inner\">\n<div class=\"row\">\n<div class=\"columns medium-offset-1 medium-10 large-7 large-centered\">\n<div class=\"text h-spacing-bottom-outer\">\n<section class=\"mod mod-text-toggle -background-default-color h-spacing-bottom-inner h-spacing-top-inner\">\n<div class=\"row\">\n<div class=\"columns medium-offset-1 medium-10 large-7 large-centered\">\n<div class=\"text h-spacing-bottom-outer\">\n<p class=\"text-center e-font-family-cond\">Der Aim Rahmen besticht mit seinem supercleanen Look.<\/p>\n<\/div>\n<\/div>\n<\/div>\n<\/section>\n<\/div>\n<\/div>\n<\/div>\n<\/section>\n<\/div>\n<\/div>\n<\/div>\n<\/section>\n<\/div>\n<\/div>\n<\/div>\n<\/section>\n<\/div>\n<\/div>\n<\/div>\n<\/section>\n<\/div>\n<\/div>\n<\/div>\n<\/section>\n<\/div>\n<\/div>\n<\/div>\n<\/section>\n<\/div>\n<\/div>\n<\/div>\n<\/section>\n<\/div>\n<\/div>\n<\/div>\n<\/section>\n<\/div>\n<\/div>\n<\/div>\n<\/section>\n","protected":false},"featured_media":235917,"comment_status":"open","ping_status":"closed","template":"","meta":{"_et_pb_use_builder":"","_et_pb_old_content":"","_et_gb_content_width":""},"product_cat":[283,20,24,31],"product_tag":[69],"giftcard-category":[],"class_list":{"0":"post-235906","1":"product","2":"type-product","3":"status-publish","4":"has-post-thumbnail","6":"product_cat-283","7":"product_cat-bikes","8":"product_cat-mountainbike","9":"product_cat-hardtail","10":"product_tag-hardtail","12":"first","13":"outofstock","14":"taxable","15":"shipping-taxable","16":"purchasable","17":"product-type-variable"},"_links":{"self":[{"href":"https:\/\/www.forbiker.it\/index.php\/wp-json\/wp\/v2\/product\/235906"}],"collection":[{"href":"https:\/\/www.forbiker.it\/index.php\/wp-json\/wp\/v2\/product"}],"about":[{"href":"https:\/\/www.forbiker.it\/index.php\/wp-json\/wp\/v2\/types\/product"}],"replies":[{"embeddable":true,"href":"https:\/\/www.forbiker.it\/index.php\/wp-json\/wp\/v2\/comments?post=235906"}],"wp:featuredmedia":[{"embeddable":true,"href":"https:\/\/www.forbiker.it\/index.php\/wp-json\/wp\/v2\/media\/235917"}],"wp:attachment":[{"href":"https:\/\/www.forbiker.it\/index.php\/wp-json\/wp\/v2\/media?parent=235906"}],"wp:term":[{"taxonomy":"product_cat","embeddable":true,"href":"https:\/\/www.forbiker.it\/index.php\/wp-json\/wp\/v2\/product_cat?post=235906"},{"taxonomy":"product_tag","embeddable":true,"href":"https:\/\/www.forbiker.it\/index.php\/wp-json\/wp\/v2\/product_tag?post=235906"},{"taxonomy":"giftcard-category","embeddable":true,"href":"https:\/\/www.forbiker.it\/index.php\/wp-json\/wp\/v2\/giftcard-category?post=235906"}],"curies":[{"name":"wp","href":"https:\/\/api.w.org\/{rel}","templated":true}]}}