{"id":236079,"date":"2025-09-07T14:42:27","date_gmt":"2025-09-07T12:42:27","guid":{"rendered":"https:\/\/www.forbiker.it\/?post_type=product&#038;p=236079"},"modified":"2026-03-31T10:30:24","modified_gmt":"2026-03-31T08:30:24","slug":"cube-reaction-200-tm","status":"publish","type":"product","link":"https:\/\/www.forbiker.it\/index.php\/produkt\/cube-reaction-200-tm\/","title":{"rendered":"CUBE REACTION 200 TM"},"content":{"rendered":"<section class=\"mod mod-text-toggle -background-default-color h-spacing-bottom-inner h-spacing-top-inner\">\n<div class=\"row\">\n<div class=\"columns medium-offset-1 medium-10 large-7 large-centered\">\n<div class=\"text h-spacing-bottom-outer\">\n<section class=\"mod mod-text-toggle -background-default-color h-spacing-bottom-inner h-spacing-top-inner\">\n<div class=\"row\">\n<div class=\"columns medium-offset-1 medium-10 large-7 large-centered\">\n<div class=\"text h-spacing-bottom-outer\">\n<section class=\"mod mod-text-toggle -background-default-color h-spacing-bottom-inner h-spacing-top-inner\">\n<div class=\"row\">\n<div class=\"columns medium-offset-1 medium-10 large-7 large-centered\">\n<div class=\"text h-spacing-bottom-outer\">\n<section class=\"mod mod-text-toggle -background-default-color h-spacing-bottom-inner h-spacing-top-inner\">\n<div class=\"row\">\n<div class=\"columns medium-offset-1 medium-10 large-7 large-centered\">\n<div class=\"text h-spacing-bottom-outer\">\n<section class=\"mod mod-text-toggle -background-default-color h-spacing-bottom-inner h-spacing-top-inner\">\n<div class=\"row\">\n<div class=\"columns medium-offset-1 medium-10 large-7 large-centered\">\n<div class=\"text h-spacing-bottom-outer\">\n<section class=\"mod mod-text-toggle -background-default-color h-spacing-bottom-inner h-spacing-top-inner\">\n<div class=\"row\">\n<div class=\"columns medium-offset-1 medium-10 large-7 large-centered\">\n<div class=\"text h-spacing-bottom-outer\">\n<section class=\"mod mod-text-toggle -background-default-color h-spacing-bottom-inner h-spacing-top-inner\">\n<div class=\"row\">\n<div class=\"columns medium-offset-1 medium-10 large-7 large-centered\">\n<div class=\"text h-spacing-bottom-outer\">\n<section class=\"mod mod-text-toggle -background-default-color h-spacing-bottom-inner h-spacing-top-inner\">\n<div class=\"row\">\n<div class=\"columns medium-offset-1 medium-10 large-7 large-centered\">\n<div class=\"text h-spacing-bottom-outer\">\n<section class=\"mod mod-text-toggle -background-default-color h-spacing-bottom-inner h-spacing-top-inner\">\n<div class=\"row\">\n<div class=\"columns medium-offset-1 medium-10 large-7 large-centered\">\n<div class=\"text h-spacing-bottom-outer\">\n<p class=\"text-center e-font-family-cond\">Der Reaction 200 Rahmen besteht aus denselben hitzebehandelten 6061er-Aluminiumrohrs\u00e4tzen wie unsere Performance-Bikes f\u00fcr Erwachsene \u2013 wir haben ihre Form f\u00fcr das optimale Verh\u00e4ltnis von Steifigkeit zu Gewicht sogar mit demselben mechanischen Shaping-Verfahren angepasst. Eine Federgabel, die speziell auf das kleinere Chassis und leichtere Rider abgestimmt wurde, setzt dem Ganzen die Krone auf. Zudem sorgen Aufnahmen f\u00fcr Scheibenbremsen und die clevere Positionierung der Kabelz\u00fcge f\u00fcr noch h\u00f6here Sicherheit und bessere Bremsleistung. Ein weiteres Highlight ist das austauschbare Schaltauge, dank dem nach einem kleinen Sturz nicht gleich der ganze Rahmen kostspielig repariert werden muss.<\/p>\n<p><b>K\u00f6rpergr\u00f6\u00dfe: 111 &#8211; 124 cm<\/b><br \/>\n<b>ab 5 Jahren<\/b><\/p>\n<\/div>\n<\/div>\n<\/div>\n<\/section>\n<\/div>\n<\/div>\n<\/div>\n<\/section>\n<\/div>\n<\/div>\n<\/div>\n<\/section>\n<\/div>\n<\/div>\n<\/div>\n<\/section>\n<\/div>\n<\/div>\n<\/div>\n<\/section>\n<\/div>\n<\/div>\n<\/div>\n<\/section>\n<\/div>\n<\/div>\n<\/div>\n<\/section>\n<\/div>\n<\/div>\n<\/div>\n<\/section>\n<\/div>\n<\/div>\n<\/div>\n<\/section>\n","protected":false},"excerpt":{"rendered":"<section class=\"mod mod-text-toggle -background-default-color h-spacing-bottom-inner h-spacing-top-inner\">\n<div class=\"row\">\n<div class=\"columns medium-offset-1 medium-10 large-7 large-centered\">\n<div class=\"text h-spacing-bottom-outer\">\n<section class=\"mod mod-text-toggle -background-default-color h-spacing-bottom-inner h-spacing-top-inner\">\n<div class=\"row\">\n<div class=\"columns medium-offset-1 medium-10 large-7 large-centered\">\n<div class=\"text h-spacing-bottom-outer\">\n<section class=\"mod mod-text-toggle -background-default-color h-spacing-bottom-inner h-spacing-top-inner\">\n<div class=\"row\">\n<div class=\"columns medium-offset-1 medium-10 large-7 large-centered\">\n<div class=\"text h-spacing-bottom-outer\">\n<section class=\"mod mod-text-toggle -background-default-color h-spacing-bottom-inner h-spacing-top-inner\">\n<div class=\"row\">\n<div class=\"columns medium-offset-1 medium-10 large-7 large-centered\">\n<div class=\"text h-spacing-bottom-outer\">\n<section class=\"mod mod-text-toggle -background-default-color h-spacing-bottom-inner h-spacing-top-inner\">\n<div class=\"row\">\n<div class=\"columns medium-offset-1 medium-10 large-7 large-centered\">\n<div class=\"text h-spacing-bottom-outer\">\n<section class=\"mod mod-text-toggle -background-default-color h-spacing-bottom-inner h-spacing-top-inner\">\n<div class=\"row\">\n<div class=\"columns medium-offset-1 medium-10 large-7 large-centered\">\n<div class=\"text h-spacing-bottom-outer\">\n<section class=\"mod mod-text-toggle -background-default-color h-spacing-bottom-inner h-spacing-top-inner\">\n<div class=\"row\">\n<div class=\"columns medium-offset-1 medium-10 large-7 large-centered\">\n<div class=\"text h-spacing-bottom-outer\">\n<section class=\"mod mod-text-toggle -background-default-color h-spacing-bottom-inner h-spacing-top-inner\">\n<div class=\"row\">\n<div class=\"columns medium-offset-1 medium-10 large-7 large-centered\">\n<div class=\"text h-spacing-bottom-outer\">\n<section class=\"mod mod-text-toggle -background-default-color h-spacing-bottom-inner h-spacing-top-inner\">\n<div class=\"row\">\n<div class=\"columns medium-offset-1 medium-10 large-7 large-centered\">\n<div class=\"text h-spacing-bottom-outer\">\n<section class=\"mod mod-text-toggle -background-default-color h-spacing-bottom-inner h-spacing-top-inner\">\n<div class=\"row\">\n<div class=\"columns medium-offset-1 medium-10 large-7 large-centered\">\n<div class=\"text h-spacing-bottom-outer\">\n<section class=\"mod mod-text-toggle -background-default-color h-spacing-bottom-inner h-spacing-top-inner\">\n<div class=\"row\">\n<div class=\"columns medium-offset-1 medium-10 large-7 large-centered\">\n<div class=\"text h-spacing-bottom-outer\">\n<section class=\"mod mod-text-toggle -background-default-color h-spacing-bottom-inner h-spacing-top-inner\">\n<div class=\"row\">\n<div class=\"columns medium-offset-1 medium-10 large-7 large-centered\">\n<div class=\"text h-spacing-bottom-outer\">\n<section class=\"mod mod-text-toggle -background-default-color h-spacing-bottom-inner h-spacing-top-inner\">\n<div class=\"row\">\n<div class=\"columns medium-offset-1 medium-10 large-7 large-centered\">\n<div class=\"text h-spacing-bottom-outer\">\n<section class=\"mod mod-text-toggle -background-default-color h-spacing-bottom-inner h-spacing-top-inner\">\n<div class=\"row\">\n<div class=\"columns medium-offset-1 medium-10 large-7 large-centered\">\n<div class=\"text h-spacing-bottom-outer\">\n<section class=\"mod mod-text-toggle -background-default-color h-spacing-bottom-inner h-spacing-top-inner\">\n<div class=\"row\">\n<div class=\"columns medium-offset-1 medium-10 large-7 large-centered\">\n<div class=\"text h-spacing-bottom-outer\">\n<section class=\"mod mod-text-toggle -background-default-color h-spacing-bottom-inner h-spacing-top-inner\">\n<div class=\"row\">\n<div class=\"columns medium-offset-1 medium-10 large-7 large-centered\">\n<div class=\"text h-spacing-bottom-outer\">\n<section class=\"mod mod-text-toggle -background-default-color h-spacing-bottom-inner h-spacing-top-inner\">\n<div class=\"row\">\n<div class=\"columns medium-offset-1 medium-10 large-7 large-centered\">\n<div class=\"text h-spacing-bottom-outer\">\n<p class=\"text-center e-font-family-cond\">Der Reaction 200 Rahmen besteht aus denselben hitzebehandelten 6061er-Aluminiumrohrs\u00e4tzen wie unsere Performance-Bikes f\u00fcr Erwachsene \u2013 wir haben ihre Form f\u00fcr das optimale Verh\u00e4ltnis von Steifigkeit zu Gewicht sogar mit demselben mechanischen Shaping-Verfahren angepasst.<\/p>\n<p><b>K\u00f6rpergr\u00f6\u00dfe: 111 &#8211; 124 cm<\/b><br \/>\n<b>ab 5 Jahren<\/b><\/p>\n<\/div>\n<\/div>\n<\/div>\n<\/section>\n<\/div>\n<\/div>\n<\/div>\n<\/section>\n<\/div>\n<\/div>\n<\/div>\n<\/section>\n<\/div>\n<\/div>\n<\/div>\n<\/section>\n<\/div>\n<\/div>\n<\/div>\n<\/section>\n<\/div>\n<\/div>\n<\/div>\n<\/section>\n<\/div>\n<\/div>\n<\/div>\n<\/section>\n<\/div>\n<\/div>\n<\/div>\n<\/section>\n<\/div>\n<\/div>\n<\/div>\n<\/section>\n<\/div>\n<\/div>\n<\/div>\n<\/section>\n<\/div>\n<\/div>\n<\/div>\n<\/section>\n<\/div>\n<\/div>\n<\/div>\n<\/section>\n<\/div>\n<\/div>\n<\/div>\n<\/section>\n<\/div>\n<\/div>\n<\/div>\n<\/section>\n<\/div>\n<\/div>\n<\/div>\n<\/section>\n<\/div>\n<\/div>\n<\/div>\n<\/section>\n<\/div>\n<\/div>\n<\/div>\n<\/section>\n","protected":false},"featured_media":236080,"comment_status":"open","ping_status":"closed","template":"","meta":{"_et_pb_use_builder":"","_et_pb_old_content":"","_et_gb_content_width":""},"product_cat":[283,20,29,39],"product_tag":[],"giftcard-category":[],"class_list":{"0":"post-236079","1":"product","2":"type-product","3":"status-publish","4":"has-post-thumbnail","6":"product_cat-283","7":"product_cat-bikes","8":"product_cat-kids","9":"product_cat-20-ab-5-jahre","11":"first","12":"instock","13":"taxable","14":"shipping-taxable","15":"purchasable","16":"product-type-simple"},"_links":{"self":[{"href":"https:\/\/www.forbiker.it\/index.php\/wp-json\/wp\/v2\/product\/236079"}],"collection":[{"href":"https:\/\/www.forbiker.it\/index.php\/wp-json\/wp\/v2\/product"}],"about":[{"href":"https:\/\/www.forbiker.it\/index.php\/wp-json\/wp\/v2\/types\/product"}],"replies":[{"embeddable":true,"href":"https:\/\/www.forbiker.it\/index.php\/wp-json\/wp\/v2\/comments?post=236079"}],"wp:featuredmedia":[{"embeddable":true,"href":"https:\/\/www.forbiker.it\/index.php\/wp-json\/wp\/v2\/media\/236080"}],"wp:attachment":[{"href":"https:\/\/www.forbiker.it\/index.php\/wp-json\/wp\/v2\/media?parent=236079"}],"wp:term":[{"taxonomy":"product_cat","embeddable":true,"href":"https:\/\/www.forbiker.it\/index.php\/wp-json\/wp\/v2\/product_cat?post=236079"},{"taxonomy":"product_tag","embeddable":true,"href":"https:\/\/www.forbiker.it\/index.php\/wp-json\/wp\/v2\/product_tag?post=236079"},{"taxonomy":"giftcard-category","embeddable":true,"href":"https:\/\/www.forbiker.it\/index.php\/wp-json\/wp\/v2\/giftcard-category?post=236079"}],"curies":[{"name":"wp","href":"https:\/\/api.w.org\/{rel}","templated":true}]}}