{"id":237081,"date":"2026-04-15T14:16:03","date_gmt":"2026-04-15T12:16:03","guid":{"rendered":"https:\/\/www.forbiker.it\/?post_type=product&#038;p=237081"},"modified":"2026-04-15T14:21:46","modified_gmt":"2026-04-15T12:21:46","slug":"cube-kinder-fahrradanhaenger-double-pure","status":"publish","type":"product","link":"https:\/\/www.forbiker.it\/index.php\/produkt\/cube-kinder-fahrradanhaenger-double-pure\/","title":{"rendered":"CUBE Kinder Fahrradanh\u00e4nger Double PURE"},"content":{"rendered":"<div class=\"mb-5\">\n<div class=\"description\">Der Kinder Fahrradanh\u00e4nger Double PURE bietet eine durchdachte Ausstattung f\u00fcr Alltag und Freizeit. Die seitlichen Bel\u00fcftungen gew\u00e4hrleisten ein angenehmes Innenklima, w\u00e4hrend die integrierte Federung Fahrkomfort auf wechselndem Untergrund sicherstellt. Quick-Release R\u00e4der erleichtern das Auf- und Abbauen, reflektierende Elemente verbessern die Sichtbarkeit im Stra\u00dfenverkehr. Ein gro\u00dfz\u00fcgiger Kofferraum schafft Platz f\u00fcr Gep\u00e4ck. Zum Lieferumfang geh\u00f6ren Deichsel, Sicherheitsfahne, Buggyrad und ein R\u00fccklicht inklusive Batterien. Die maximale Zuladung betr\u00e4gt 42 Kilogramm bei einer St\u00fctzlast von 1 bis 8 Kilogramm. Hinweis: Dieser Anh\u00e4nger wird ohne Kopfpolster geliefert. Bei Verwendung mit unserer Babyschale (Art. Nr. 12893) empfehlen wir den separaten Kauf der passenden Kopfpolster\u00a0(Art. Nr. 12876).<\/div>\n<\/div>\n","protected":false},"excerpt":{"rendered":"<div class=\"description\"><span class=\"elio-acs-highlight-feature-item\">Gro\u00dfer Kofferraum<\/span>\u00a0<span class=\"elio-acs-highlight-feature-item\">Federung<\/span>\u00a0<span class=\"elio-acs-highlight-feature-item\">Kompatibel mit Jogger-Kit &amp; Babyschale<\/span><\/div>\n","protected":false},"featured_media":237080,"comment_status":"open","ping_status":"closed","template":"","meta":{"_et_pb_use_builder":"","_et_pb_old_content":"","_et_gb_content_width":""},"product_cat":[134],"product_tag":[185],"giftcard-category":[],"class_list":{"0":"post-237081","1":"product","2":"type-product","3":"status-publish","4":"has-post-thumbnail","6":"product_cat-kinderanhaenger","7":"product_tag-kinderanhaenger","9":"first","10":"instock","11":"taxable","12":"shipping-taxable","13":"purchasable","14":"product-type-simple"},"_links":{"self":[{"href":"https:\/\/www.forbiker.it\/index.php\/wp-json\/wp\/v2\/product\/237081"}],"collection":[{"href":"https:\/\/www.forbiker.it\/index.php\/wp-json\/wp\/v2\/product"}],"about":[{"href":"https:\/\/www.forbiker.it\/index.php\/wp-json\/wp\/v2\/types\/product"}],"replies":[{"embeddable":true,"href":"https:\/\/www.forbiker.it\/index.php\/wp-json\/wp\/v2\/comments?post=237081"}],"wp:featuredmedia":[{"embeddable":true,"href":"https:\/\/www.forbiker.it\/index.php\/wp-json\/wp\/v2\/media\/237080"}],"wp:attachment":[{"href":"https:\/\/www.forbiker.it\/index.php\/wp-json\/wp\/v2\/media?parent=237081"}],"wp:term":[{"taxonomy":"product_cat","embeddable":true,"href":"https:\/\/www.forbiker.it\/index.php\/wp-json\/wp\/v2\/product_cat?post=237081"},{"taxonomy":"product_tag","embeddable":true,"href":"https:\/\/www.forbiker.it\/index.php\/wp-json\/wp\/v2\/product_tag?post=237081"},{"taxonomy":"giftcard-category","embeddable":true,"href":"https:\/\/www.forbiker.it\/index.php\/wp-json\/wp\/v2\/giftcard-category?post=237081"}],"curies":[{"name":"wp","href":"https:\/\/api.w.org\/{rel}","templated":true}]}}